{"id":71,"date":"2019-06-19T14:25:20","date_gmt":"2019-06-19T11:25:20","guid":{"rendered":"https:\/\/esamksupport.samk.fi\/help\/?page_id=71"},"modified":"2024-12-09T11:15:41","modified_gmt":"2024-12-09T09:15:41","slug":"loki","status":"publish","type":"page","link":"https:\/\/esamksupport.samk.fi\/help\/loki\/","title":{"rendered":"Loki"},"content":{"rendered":"\n<p>Loki is the study management system of Satakunta University of Applied Sciences. In Loki the offered study curricula is built and deployed through various desktops.<\/p>\n\n\n\n<p>&nbsp;<strong>Students desktop (PAKKI)<\/strong> &#8211; Through this desktop the students can view and modify their PSP, enrol to courses, enrol to the semester and update their personal information.<\/p>\n\n\n\n<p><strong>Teachers desktop<\/strong> &#8211; Here the teachers create realizations of courses based on the curricula offered, manage student enrolments and grade the courses.<\/p>\n\n\n\n<p><strong>Planners desktop<\/strong> &#8211; Here all the curricula, courses and other training packages are created, published and managed, including the resource and year planning of the academic year.<\/p>\n\n\n\n<p><strong>Study management desktop<\/strong> &#8211; The desktop the student services use to manage student information, study rights, semester enrolments and graduation.<\/p>\n\n\n\n<p><strong>P\u00e4\u00e4k\u00e4ytt\u00e4j\u00e4n ty\u00f6p\u00f6yt\u00e4<\/strong> &#8211; Administrative desktop for the administrators to manage the desktops listed above.<\/p>\n\n\n\n<p>The address of Loki is <a href=\"https:\/\/loki.samk.fi\" target=\"_blank\" rel=\"noreferrer noopener\">https:\/\/loki.samk.fi<\/a><\/p>\n\n\n\n<p>You can find the student&#8217;s Loki instructions from SAMK&#8217;s website: <a href=\"https:\/\/www.samk.fi\/en\/loki-instructions\/\" target=\"_blank\" rel=\"noreferrer noopener\">Loki-instructions<\/a><\/p>\n\n\n\n<p><\/p>\n\n\n\n<p><\/p>\n\n\n\n<p><\/p>\n","protected":false},"excerpt":{"rendered":"<p>Loki is the study management system of Satakunta University of Applied Sciences. In Loki the offered study curricula is built and deployed through various desktops. &nbsp;Students desktop (PAKKI) &#8211; Through this desktop the students can view and modify their PSP, enrol to courses, enrol to the semester and update their personal information. Teachers desktop &#8211; Here the teachers create realizations of courses based on the curricula offered, manage student enrolments and grade the courses. Planners desktop &#8211; Here all the curricula, courses and other training packages are created, published and managed, including the resource and year planning of the academic year. Study management desktop &#8211; The desktop the student services use to manage student information, study rights, semester enrolments and graduation. P\u00e4\u00e4k\u00e4ytt\u00e4j\u00e4n ty\u00f6p\u00f6yt\u00e4 &#8211; Administrative desktop for the administrators to manage the desktops listed above. The address of Loki is https:\/\/loki.samk.fi You can find the student&#8217;s Loki instructions from SAMK&#8217;s&hellip;<\/p>\n<p> <a class=\"more-link\" href=\"https:\/\/esamksupport.samk.fi\/help\/loki\/\">Lue Lis\u00e4\u00e4<\/a><\/p>\n","protected":false},"author":2,"featured_media":0,"parent":0,"menu_order":0,"comment_status":"closed","ping_status":"open","template":"","meta":{"footnotes":""},"class_list":["post-71","page","type-page","status-publish"],"_links":{"self":[{"href":"https:\/\/esamksupport.samk.fi\/help\/wp-json\/wp\/v2\/pages\/71","targetHints":{"allow":["GET"]}}],"collection":[{"href":"https:\/\/esamksupport.samk.fi\/help\/wp-json\/wp\/v2\/pages"}],"about":[{"href":"https:\/\/esamksupport.samk.fi\/help\/wp-json\/wp\/v2\/types\/page"}],"author":[{"embeddable":true,"href":"https:\/\/esamksupport.samk.fi\/help\/wp-json\/wp\/v2\/users\/2"}],"replies":[{"embeddable":true,"href":"https:\/\/esamksupport.samk.fi\/help\/wp-json\/wp\/v2\/comments?post=71"}],"version-history":[{"count":6,"href":"https:\/\/esamksupport.samk.fi\/help\/wp-json\/wp\/v2\/pages\/71\/revisions"}],"predecessor-version":[{"id":3214,"href":"https:\/\/esamksupport.samk.fi\/help\/wp-json\/wp\/v2\/pages\/71\/revisions\/3214"}],"wp:attachment":[{"href":"https:\/\/esamksupport.samk.fi\/help\/wp-json\/wp\/v2\/media?parent=71"}],"curies":[{"name":"wp","href":"https:\/\/api.w.org\/{rel}","templated":true}]}}