{"id":116,"date":"2019-06-19T08:58:03","date_gmt":"2019-06-19T05:58:03","guid":{"rendered":"https:\/\/esamksupport.samk.fi\/ohje\/?page_id=116"},"modified":"2024-08-28T10:29:31","modified_gmt":"2024-08-28T07:29:31","slug":"moodle-opettaja","status":"publish","type":"page","link":"https:\/\/esamksupport.samk.fi\/ohje\/moodle\/moodle-opettaja\/","title":{"rendered":"Moodle &gt; Opettaja"},"content":{"rendered":"\n<p><\/p>\n\n\n\n<p class=\"has-text-align-center\">T\u00e4st\u00e4 osiosta l\u00f6yd\u00e4t tarpeellista ja hy\u00f6dyllist\u00e4 tietoa opettajalle, SAMKin Moodleen liittyen.<\/p>\n\n\n\n<p>Moodle ohjeet opiskelijalle l\u00f6yd\u00e4t jatkossa SAMKin verkkosivuilta: <a href=\"https:\/\/www.samk.fi\/opiskelijalle\/opiskelussa-kaytettavat-jarjestelmat\/\" target=\"_blank\" rel=\"noreferrer noopener\">https:\/\/www.samk.fi\/opiskelijalle\/opiskelussa-kaytettavat-jarjestelmat\/moodle-ohjeet\/<\/a><\/p>\n\n\n\n<p><\/p>\n","protected":false},"excerpt":{"rendered":"<p>T\u00e4st\u00e4 osiosta l\u00f6yd\u00e4t tarpeellista ja hy\u00f6dyllist\u00e4 tietoa opettajalle, SAMKin Moodleen liittyen. Moodle ohjeet opiskelijalle l\u00f6yd\u00e4t jatkossa SAMKin verkkosivuilta: https:\/\/www.samk.fi\/opiskelijalle\/opiskelussa-kaytettavat-jarjestelmat\/moodle-ohjeet\/<\/p>\n","protected":false},"author":2,"featured_media":0,"parent":23,"menu_order":0,"comment_status":"closed","ping_status":"open","template":"","meta":{"footnotes":""},"class_list":["post-116","page","type-page","status-publish"],"_links":{"self":[{"href":"https:\/\/esamksupport.samk.fi\/ohje\/wp-json\/wp\/v2\/pages\/116","targetHints":{"allow":["GET"]}}],"collection":[{"href":"https:\/\/esamksupport.samk.fi\/ohje\/wp-json\/wp\/v2\/pages"}],"about":[{"href":"https:\/\/esamksupport.samk.fi\/ohje\/wp-json\/wp\/v2\/types\/page"}],"author":[{"embeddable":true,"href":"https:\/\/esamksupport.samk.fi\/ohje\/wp-json\/wp\/v2\/users\/2"}],"replies":[{"embeddable":true,"href":"https:\/\/esamksupport.samk.fi\/ohje\/wp-json\/wp\/v2\/comments?post=116"}],"version-history":[{"count":10,"href":"https:\/\/esamksupport.samk.fi\/ohje\/wp-json\/wp\/v2\/pages\/116\/revisions"}],"predecessor-version":[{"id":4076,"href":"https:\/\/esamksupport.samk.fi\/ohje\/wp-json\/wp\/v2\/pages\/116\/revisions\/4076"}],"up":[{"embeddable":true,"href":"https:\/\/esamksupport.samk.fi\/ohje\/wp-json\/wp\/v2\/pages\/23"}],"wp:attachment":[{"href":"https:\/\/esamksupport.samk.fi\/ohje\/wp-json\/wp\/v2\/media?parent=116"}],"curies":[{"name":"wp","href":"https:\/\/api.w.org\/{rel}","templated":true}]}}