{"id":119,"date":"2019-06-19T08:58:32","date_gmt":"2019-06-19T05:58:32","guid":{"rendered":"https:\/\/esamksupport.samk.fi\/ohje\/?page_id=119"},"modified":"2024-07-18T15:23:27","modified_gmt":"2024-07-18T12:23:27","slug":"moodle-opettaja-selaimet","status":"publish","type":"page","link":"https:\/\/esamksupport.samk.fi\/ohje\/moodle-opettaja-selaimet\/","title":{"rendered":"Moodle &gt; Opettaja &gt; Selaimet"},"content":{"rendered":"\n<p>Suosittelemme k\u00e4ytt\u00e4m\u00e4\u00e4n aina&nbsp;<strong>selaimen uusinta versiota<\/strong>. Selaimen version p\u00e4\u00e4set tarkistamaan selaimen omista asetuksista.<\/p>\n\n\n\n<p><br><strong>Moodle 4<\/strong> on yhteensopiva kaikkien standardien mukaisten verkkoselaimien kanssa. Moodlea testataan s\u00e4\u00e4nn\u00f6llisesti seuraavilla selaimilla:<\/p>\n\n\n\n<ul class=\"wp-block-list\">\n<li>Chrome<\/li>\n\n\n\n<li>Firefox<\/li>\n\n\n\n<li>Safari <em>(Huom: Safari 7:ss\u00e4 ja sit\u00e4 vanhemmissa versioissa on tunnettuja yhteensopivuusongelmia Moodle 4:n kanssa)<\/em><\/li>\n\n\n\n<li>Edge\u00a0(<em>Huom: Moodle 4 EI tue Internet Explorer 11:sta.<\/em>)<\/li>\n<\/ul>\n","protected":false},"excerpt":{"rendered":"<p>Suosittelemme k\u00e4ytt\u00e4m\u00e4\u00e4n aina&nbsp;selaimen uusinta versiota. Selaimen version p\u00e4\u00e4set tarkistamaan selaimen omista asetuksista. Moodle 4 on yhteensopiva kaikkien standardien mukaisten verkkoselaimien kanssa. Moodlea testataan s\u00e4\u00e4nn\u00f6llisesti seuraavilla selaimilla:<\/p>\n","protected":false},"author":2,"featured_media":0,"parent":0,"menu_order":0,"comment_status":"closed","ping_status":"open","template":"","meta":{"footnotes":""},"class_list":["post-119","page","type-page","status-publish"],"_links":{"self":[{"href":"https:\/\/esamksupport.samk.fi\/ohje\/wp-json\/wp\/v2\/pages\/119","targetHints":{"allow":["GET"]}}],"collection":[{"href":"https:\/\/esamksupport.samk.fi\/ohje\/wp-json\/wp\/v2\/pages"}],"about":[{"href":"https:\/\/esamksupport.samk.fi\/ohje\/wp-json\/wp\/v2\/types\/page"}],"author":[{"embeddable":true,"href":"https:\/\/esamksupport.samk.fi\/ohje\/wp-json\/wp\/v2\/users\/2"}],"replies":[{"embeddable":true,"href":"https:\/\/esamksupport.samk.fi\/ohje\/wp-json\/wp\/v2\/comments?post=119"}],"version-history":[{"count":7,"href":"https:\/\/esamksupport.samk.fi\/ohje\/wp-json\/wp\/v2\/pages\/119\/revisions"}],"predecessor-version":[{"id":3910,"href":"https:\/\/esamksupport.samk.fi\/ohje\/wp-json\/wp\/v2\/pages\/119\/revisions\/3910"}],"wp:attachment":[{"href":"https:\/\/esamksupport.samk.fi\/ohje\/wp-json\/wp\/v2\/media?parent=119"}],"curies":[{"name":"wp","href":"https:\/\/api.w.org\/{rel}","templated":true}]}}