{"id":120,"date":"2019-06-19T08:58:47","date_gmt":"2019-06-19T05:58:47","guid":{"rendered":"https:\/\/esamksupport.samk.fi\/ohje\/?page_id=120"},"modified":"2024-07-19T13:16:54","modified_gmt":"2024-07-19T10:16:54","slug":"moodle-opettaja-mobiili","status":"publish","type":"page","link":"https:\/\/esamksupport.samk.fi\/ohje\/moodle-opettaja-mobiili\/","title":{"rendered":"Moodle &gt; Opettaja &gt; Mobiili"},"content":{"rendered":"\n<p>Moodleen p\u00e4\u00e4see my\u00f6s mobiililaitteilla (Android ja iOS) joko suoraan verkkoselaimen kautta tai mobiilisovelluksella (l\u00f6ytyy Play ja App Storesta).<\/p>\n\n\n\n<p>Verkkoselain on skaalautuva ja muuttuu n\u00e4yt\u00f6n suunnan ja resoluution mukaan, mutta mobiilisovellus on paljon helppok\u00e4ytt\u00f6isempi kuin selain. Kun olet asentanut sovelluksen mobiililaitteeseesi, voit m\u00e4\u00e4ritt\u00e4\u00e4 Moodlen seuraavasti:<\/p>\n\n\n\n<p>Kirjoita osoiteriville koko osoite: &#8221;<strong>https:\/\/moodle4x.samk.fi<\/strong>&#8221;.<\/p>\n\n\n\n<figure class=\"wp-block-image size-1536x1536 is-resized\"><img loading=\"lazy\" decoding=\"async\" width=\"1080\" height=\"636\" src=\"https:\/\/esamksupport.samk.fi\/ohje\/wp-content\/uploads\/sites\/3\/2024\/07\/Mobiili-1-1-1080x636.jpg\" alt=\"\" class=\"wp-image-3763\" style=\"width:323px;height:auto\" srcset=\"https:\/\/esamksupport.samk.fi\/ohje\/wp-content\/uploads\/sites\/3\/2024\/07\/Mobiili-1-1.jpg 1080w, https:\/\/esamksupport.samk.fi\/ohje\/wp-content\/uploads\/sites\/3\/2024\/07\/Mobiili-1-1-768x452.jpg 768w\" sizes=\"auto, (max-width: 1080px) 100vw, 1080px\" \/><\/figure>\n\n\n\n<p>Klikkaamalla <strong>kirjaudu sis\u00e4\u00e4n<\/strong>, selaimeen aukeaa kirjautumissivu.<\/p>\n\n\n\n<figure class=\"wp-block-image size-large is-resized\"><img loading=\"lazy\" decoding=\"async\" width=\"1024\" height=\"1024\" src=\"https:\/\/esamksupport.samk.fi\/ohje\/wp-content\/uploads\/sites\/3\/2024\/07\/Mobiili-2-1024x1024.jpg\" alt=\"\" class=\"wp-image-3764\" style=\"width:252px;height:auto\" srcset=\"https:\/\/esamksupport.samk.fi\/ohje\/wp-content\/uploads\/sites\/3\/2024\/07\/Mobiili-2-1024x1024.jpg 1024w, https:\/\/esamksupport.samk.fi\/ohje\/wp-content\/uploads\/sites\/3\/2024\/07\/Mobiili-2-300x300.jpg 300w, https:\/\/esamksupport.samk.fi\/ohje\/wp-content\/uploads\/sites\/3\/2024\/07\/Mobiili-2-150x150.jpg 150w\" sizes=\"auto, (max-width: 1024px) 100vw, 1024px\" \/><\/figure>\n\n\n\n<p>Valitse <strong>Moodle 4 <\/strong>(Opintojaksot 8\/2023-&gt;) ja kirjaudu Moodleen opettajatunnuksillasi.<\/p>\n\n\n<div class=\"wp-block-image\">\n<figure class=\"alignleft size-1536x1536 is-resized\"><img loading=\"lazy\" decoding=\"async\" width=\"1080\" height=\"2324\" src=\"https:\/\/esamksupport.samk.fi\/ohje\/wp-content\/uploads\/sites\/3\/2024\/07\/Mobiili-3-1-1080x2324.jpg\" alt=\"\" class=\"wp-image-3766\" style=\"width:248px;height:auto\" srcset=\"https:\/\/esamksupport.samk.fi\/ohje\/wp-content\/uploads\/sites\/3\/2024\/07\/Mobiili-3-1.jpg 1080w, https:\/\/esamksupport.samk.fi\/ohje\/wp-content\/uploads\/sites\/3\/2024\/07\/Mobiili-3-1-768x1652.jpg 768w\" sizes=\"auto, (max-width: 1080px) 100vw, 1080px\" \/><\/figure>\n<\/div>\n\n<div class=\"wp-block-image\">\n<figure class=\"alignleft size-1536x1536 is-resized\"><img loading=\"lazy\" decoding=\"async\" width=\"1080\" height=\"2118\" src=\"https:\/\/esamksupport.samk.fi\/ohje\/wp-content\/uploads\/sites\/3\/2024\/07\/Mobiili-4-1080x2118.jpg\" alt=\"\" class=\"wp-image-3767\" style=\"width:269px;height:auto\" srcset=\"https:\/\/esamksupport.samk.fi\/ohje\/wp-content\/uploads\/sites\/3\/2024\/07\/Mobiili-4.jpg 1080w, https:\/\/esamksupport.samk.fi\/ohje\/wp-content\/uploads\/sites\/3\/2024\/07\/Mobiili-4-768x1506.jpg 768w\" sizes=\"auto, (max-width: 1080px) 100vw, 1080px\" \/><\/figure>\n<\/div>\n\n\n<p><\/p>\n\n\n\n<p><\/p>\n\n\n\n<p><\/p>\n\n\n\n<p><\/p>\n\n\n\n<p><\/p>\n\n\n\n<p><\/p>\n\n\n\n<p><\/p>\n\n\n\n<p><\/p>\n\n\n\n<p><\/p>\n\n\n\n<p><\/p>\n","protected":false},"excerpt":{"rendered":"<p>Moodleen p\u00e4\u00e4see my\u00f6s mobiililaitteilla (Android ja iOS) joko suoraan verkkoselaimen kautta tai mobiilisovelluksella (l\u00f6ytyy Play ja App Storesta). Verkkoselain on skaalautuva ja muuttuu n\u00e4yt\u00f6n suunnan ja resoluution mukaan, mutta mobiilisovellus on paljon helppok\u00e4ytt\u00f6isempi kuin selain. Kun olet asentanut sovelluksen mobiililaitteeseesi, voit m\u00e4\u00e4ritt\u00e4\u00e4 Moodlen seuraavasti: Kirjoita osoiteriville koko osoite: &#8221;https:\/\/moodle4x.samk.fi&#8221;. Klikkaamalla kirjaudu sis\u00e4\u00e4n, selaimeen aukeaa kirjautumissivu. Valitse Moodle 4 (Opintojaksot 8\/2023-&gt;) ja kirjaudu Moodleen opettajatunnuksillasi.<\/p>\n","protected":false},"author":2,"featured_media":0,"parent":0,"menu_order":0,"comment_status":"closed","ping_status":"open","template":"","meta":{"footnotes":""},"class_list":["post-120","page","type-page","status-publish"],"_links":{"self":[{"href":"https:\/\/esamksupport.samk.fi\/ohje\/wp-json\/wp\/v2\/pages\/120","targetHints":{"allow":["GET"]}}],"collection":[{"href":"https:\/\/esamksupport.samk.fi\/ohje\/wp-json\/wp\/v2\/pages"}],"about":[{"href":"https:\/\/esamksupport.samk.fi\/ohje\/wp-json\/wp\/v2\/types\/page"}],"author":[{"embeddable":true,"href":"https:\/\/esamksupport.samk.fi\/ohje\/wp-json\/wp\/v2\/users\/2"}],"replies":[{"embeddable":true,"href":"https:\/\/esamksupport.samk.fi\/ohje\/wp-json\/wp\/v2\/comments?post=120"}],"version-history":[{"count":5,"href":"https:\/\/esamksupport.samk.fi\/ohje\/wp-json\/wp\/v2\/pages\/120\/revisions"}],"predecessor-version":[{"id":3911,"href":"https:\/\/esamksupport.samk.fi\/ohje\/wp-json\/wp\/v2\/pages\/120\/revisions\/3911"}],"wp:attachment":[{"href":"https:\/\/esamksupport.samk.fi\/ohje\/wp-json\/wp\/v2\/media?parent=120"}],"curies":[{"name":"wp","href":"https:\/\/api.w.org\/{rel}","templated":true}]}}