{"id":123,"date":"2019-06-19T08:59:20","date_gmt":"2019-06-19T05:59:20","guid":{"rendered":"https:\/\/esamksupport.samk.fi\/ohje\/?page_id=123"},"modified":"2025-09-09T10:08:26","modified_gmt":"2025-09-09T07:08:26","slug":"moodle-opettaja-kurssipohjatilaus","status":"publish","type":"page","link":"https:\/\/esamksupport.samk.fi\/ohje\/moodle-opettaja-kurssipohjatilaus\/","title":{"rendered":"Moodle &gt; Opettaja &gt; Kurssipohjatilaus"},"content":{"rendered":"\n<p>Moodle 4x kurssipohjan voi lis\u00e4t\u00e4 suoraan Pepist\u00e4 ja se on v\u00e4litt\u00f6m\u00e4sti opettajan k\u00e4yt\u00f6ss\u00e4.<\/p>\n\n\n\n<p>Harjoittelun, opinn\u00e4ytet\u00f6iden, erikoistumisopintojen yms. moodlepohjapyynn\u00f6t s\u00e4hk\u00f6postilla <a href=\"mailto:esamk.support@samk.fi\">esamk.support@samk.fi<\/a>.<\/p>\n\n\n\n<p>Jos toivot saman ryhm\u00e4n yht\u00e4aikaiset toteutukset tai eri ryhmien p\u00e4\u00e4llekk\u00e4iset saman opintojakson toteutukset yhteen moodlepohjaan, ota yhteytt\u00e4 <a href=\"mailto:esamk.support@samk.fi\">esamk.support@samk.fi<\/a><\/p>\n\n\n\n<p>Avaa toteutus ja valitse vasemmalta <strong>Oppimisymp\u00e4rist\u00f6t<\/strong>:<\/p>\n\n\n\n<figure class=\"wp-block-image size-large is-resized\"><img loading=\"lazy\" decoding=\"async\" width=\"800\" height=\"422\" src=\"https:\/\/esamksupport.samk.fi\/ohje\/wp-content\/uploads\/sites\/3\/2021\/08\/loki-moodle1-800x422.png\" alt=\"\" class=\"wp-image-2589\" style=\"width:743px;height:392px\" srcset=\"https:\/\/esamksupport.samk.fi\/ohje\/wp-content\/uploads\/sites\/3\/2021\/08\/loki-moodle1.png 800w, https:\/\/esamksupport.samk.fi\/ohje\/wp-content\/uploads\/sites\/3\/2021\/08\/loki-moodle1-768x405.png 768w\" sizes=\"auto, (max-width: 800px) 100vw, 800px\" \/><\/figure>\n\n\n\n<p class=\"has-text-align-left\">Valitse <span class=\"has-inline-color has-black-color\"><strong>Lis\u00e4\u00e4 ty\u00f6tila oppimisymp\u00e4rist\u00f6\u00f6n<\/strong><\/span> ja paina <span class=\"has-inline-color has-black-color\"><strong>Tallenna.<\/strong><\/span><\/p>\n\n\n\n<figure class=\"wp-block-image size-large is-resized\"><img loading=\"lazy\" decoding=\"async\" width=\"800\" height=\"422\" src=\"https:\/\/esamksupport.samk.fi\/ohje\/wp-content\/uploads\/sites\/3\/2021\/08\/loki-moodle2.png\" alt=\"\" class=\"wp-image-2587\" style=\"width:741px;height:391px\" srcset=\"https:\/\/esamksupport.samk.fi\/ohje\/wp-content\/uploads\/sites\/3\/2021\/08\/loki-moodle2.png 800w, https:\/\/esamksupport.samk.fi\/ohje\/wp-content\/uploads\/sites\/3\/2021\/08\/loki-moodle2-300x158.png 300w, https:\/\/esamksupport.samk.fi\/ohje\/wp-content\/uploads\/sites\/3\/2021\/08\/loki-moodle2-768x405.png 768w\" sizes=\"auto, (max-width: 800px) 100vw, 800px\" \/><\/figure>\n\n\n\n<p class=\"has-text-align-left\">Moodle-pohja muodostuu ja linkki siihen l\u00f6ytyy toteutuksen tiedoista.<\/p>\n\n\n\n<figure class=\"wp-block-image size-large is-resized\"><img loading=\"lazy\" decoding=\"async\" width=\"800\" height=\"422\" src=\"https:\/\/esamksupport.samk.fi\/ohje\/wp-content\/uploads\/sites\/3\/2021\/08\/loki-moodle3-800x422.png\" alt=\"\" class=\"wp-image-2584\" style=\"width:743px;height:392px\" srcset=\"https:\/\/esamksupport.samk.fi\/ohje\/wp-content\/uploads\/sites\/3\/2021\/08\/loki-moodle3.png 800w, https:\/\/esamksupport.samk.fi\/ohje\/wp-content\/uploads\/sites\/3\/2021\/08\/loki-moodle3-768x405.png 768w\" sizes=\"auto, (max-width: 800px) 100vw, 800px\" \/><\/figure>\n\n\n\n<p class=\"has-text-align-left\"><span class=\"has-inline-color has-black-color\">Opintojaksopohja on heti k\u00e4yt\u00f6ss\u00e4si <strong>piilotettuna opiskelijoilta<\/strong><\/span>. Opiskelijat saavat oikeuden kurssipohjaan heti kun heid\u00e4t on hyv\u00e4ksytty Pepiss\u00e4 ja olet asettanut kurssipohjan n\u00e4kyville Moodlessa.<\/p>\n\n\n\n<p>Piilotetun kurssin saat n\u00e4kyviin kurssin asetuksista. Muokkauksen j\u00e4lkeen muista rullata sivun alareunaan ja painaa <strong>Tallenna<\/strong>.<\/p>\n\n\n\n<div class=\"wp-block-group\"><div class=\"wp-block-group__inner-container is-layout-flow wp-block-group-is-layout-flow\">\n<figure class=\"wp-block-image size-1536x1536 is-resized\"><img loading=\"lazy\" decoding=\"async\" width=\"1026\" height=\"755\" src=\"https:\/\/esamksupport.samk.fi\/ohje\/wp-content\/uploads\/sites\/3\/2024\/08\/Kurssipohjatilaus-1026x755.png\" alt=\"\" class=\"wp-image-3978\" style=\"width:665px;height:auto\" srcset=\"https:\/\/esamksupport.samk.fi\/ohje\/wp-content\/uploads\/sites\/3\/2024\/08\/Kurssipohjatilaus.png 1026w, https:\/\/esamksupport.samk.fi\/ohje\/wp-content\/uploads\/sites\/3\/2024\/08\/Kurssipohjatilaus-768x565.png 768w\" sizes=\"auto, (max-width: 1026px) 100vw, 1026px\" \/><\/figure>\n<\/div><\/div>\n\n\n\n<p><\/p>\n\n\n\n<h2 class=\"wp-block-heading\">Ryhmien merkitys Pepist\u00e4 Moodleen lis\u00e4tyiss\u00e4 opintojaksopohjissa<\/h2>\n\n\n\n<p>Pepist\u00e4 lis\u00e4ttyyn Moodle-pohjaan luodaan samassa yhteydess\u00e4 ryhmi\u00e4 opintojakson toteutuskoodin mukaisesti, esim. LT176101-3003 sek\u00e4 LT176101-3003-exusers. Kaikki k\u00e4ytt\u00e4j\u00e4t, my\u00f6s opettajat, kuuluvat v\u00e4hint\u00e4\u00e4n yhteen n\u00e4ist\u00e4 ryhmist\u00e4. (Exusers-ryhm\u00e4\u00e4n kuuluvat eiv\u00e4t p\u00e4\u00e4se toteutukselle ja t\u00e4m\u00e4 tieto tulee suoraan Pepist\u00e4.)<\/p>\n\n\n\n<p><strong>ON T\u00c4RKE\u00c4\u00c4, ett\u00e4 n\u00e4it\u00e4 ryhmi\u00e4 ei poisteta tai muokata, koska Peppi-Moodle integraatio tarvitsee niit\u00e4 lis\u00e4tess\u00e4\u00e4n ja poistaessaan Pepiss\u00e4 hyv\u00e4ksyttyj\u00e4 osallistujia. Jos ryhm\u00e4(t) poistetaan, opiskelijat eiv\u00e4t p\u00e4\u00e4se toteutuksille, eik\u00e4 uusia k\u00e4ytt\u00e4ji\u00e4 lis\u00e4t\u00e4 Pepist\u00e4 toteutuksille.<\/strong><\/p>\n\n\n\n<p>N\u00e4iden Pepist\u00e4 tulevien ryhmien lis\u00e4ksi voidaan k\u00e4ytt\u00e4\u00e4 edelleenkin Moodlessa luotuja ryhmi\u00e4 (kts. alla) ja opiskelija voi kuulua useampaan kuin yhteen ryhm\u00e4\u00e4n.<\/p>\n\n\n\n<figure class=\"wp-block-image size-1536x1536\"><img loading=\"lazy\" decoding=\"async\" width=\"288\" height=\"57\" src=\"https:\/\/esamksupport.samk.fi\/ohje\/wp-content\/uploads\/sites\/3\/2022\/01\/ryhma1-288x57.png\" alt=\"\" class=\"wp-image-3081\"\/><\/figure>\n\n\n\n<p><\/p>\n\n\n\n<p><strong>Huom<\/strong>! Jos Pepiss\u00e4 toteutukselle hyv\u00e4ksytty opiskelija ei ole viel\u00e4 kirjautunut Moodleen kertaakaan, niin opiskelija lis\u00e4t\u00e4\u00e4n kurssipohjaan takautuvasti, vasta kun opiskelija on ensimm\u00e4isen kerran kirjautunut Moodleen.<\/p>\n\n\n\n<p>Kun opiskelijan <strong>ilmoittautuminen perutaan<\/strong> Pepiss\u00e4, siirtyy h\u00e4n keskeytetty tilaan (exusers) Moodlessa eik\u00e4 h\u00e4n en\u00e4\u00e4 p\u00e4\u00e4se kurssipohjaan.<\/p>\n","protected":false},"excerpt":{"rendered":"<p>Moodle 4x kurssipohjan voi lis\u00e4t\u00e4 suoraan Pepist\u00e4 ja se on v\u00e4litt\u00f6m\u00e4sti opettajan k\u00e4yt\u00f6ss\u00e4. Harjoittelun, opinn\u00e4ytet\u00f6iden, erikoistumisopintojen yms. moodlepohjapyynn\u00f6t s\u00e4hk\u00f6postilla esamk.support@samk.fi. Jos toivot saman ryhm\u00e4n yht\u00e4aikaiset toteutukset tai eri ryhmien p\u00e4\u00e4llekk\u00e4iset saman opintojakson toteutukset yhteen moodlepohjaan, ota yhteytt\u00e4 esamk.support@samk.fi Avaa toteutus ja valitse vasemmalta Oppimisymp\u00e4rist\u00f6t: Valitse Lis\u00e4\u00e4 ty\u00f6tila oppimisymp\u00e4rist\u00f6\u00f6n ja paina Tallenna. Moodle-pohja muodostuu ja linkki siihen l\u00f6ytyy toteutuksen tiedoista. Opintojaksopohja on heti k\u00e4yt\u00f6ss\u00e4si piilotettuna opiskelijoilta. Opiskelijat saavat oikeuden kurssipohjaan heti kun heid\u00e4t on hyv\u00e4ksytty Pepiss\u00e4 ja olet asettanut kurssipohjan n\u00e4kyville Moodlessa. Piilotetun kurssin saat n\u00e4kyviin kurssin asetuksista. Muokkauksen j\u00e4lkeen muista rullata sivun alareunaan ja painaa Tallenna. Ryhmien merkitys Pepist\u00e4 Moodleen lis\u00e4tyiss\u00e4 opintojaksopohjissa Pepist\u00e4 lis\u00e4ttyyn Moodle-pohjaan luodaan samassa yhteydess\u00e4 ryhmi\u00e4 opintojakson toteutuskoodin mukaisesti, esim. LT176101-3003 sek\u00e4 LT176101-3003-exusers. Kaikki k\u00e4ytt\u00e4j\u00e4t, my\u00f6s opettajat, kuuluvat v\u00e4hint\u00e4\u00e4n yhteen n\u00e4ist\u00e4 ryhmist\u00e4. (Exusers-ryhm\u00e4\u00e4n kuuluvat eiv\u00e4t p\u00e4\u00e4se toteutukselle ja t\u00e4m\u00e4 tieto tulee suoraan Pepist\u00e4.) ON T\u00c4RKE\u00c4\u00c4, ett\u00e4 n\u00e4it\u00e4 ryhmi\u00e4 ei poisteta tai muokata, koska Peppi-Moodle integraatio tarvitsee niit\u00e4&hellip;<\/p>\n<p> <a class=\"more-link\" href=\"https:\/\/esamksupport.samk.fi\/ohje\/moodle-opettaja-kurssipohjatilaus\/\">Lue Lis\u00e4\u00e4<\/a><\/p>\n","protected":false},"author":2,"featured_media":0,"parent":0,"menu_order":0,"comment_status":"closed","ping_status":"open","template":"","meta":{"footnotes":""},"class_list":["post-123","page","type-page","status-publish"],"_links":{"self":[{"href":"https:\/\/esamksupport.samk.fi\/ohje\/wp-json\/wp\/v2\/pages\/123","targetHints":{"allow":["GET"]}}],"collection":[{"href":"https:\/\/esamksupport.samk.fi\/ohje\/wp-json\/wp\/v2\/pages"}],"about":[{"href":"https:\/\/esamksupport.samk.fi\/ohje\/wp-json\/wp\/v2\/types\/page"}],"author":[{"embeddable":true,"href":"https:\/\/esamksupport.samk.fi\/ohje\/wp-json\/wp\/v2\/users\/2"}],"replies":[{"embeddable":true,"href":"https:\/\/esamksupport.samk.fi\/ohje\/wp-json\/wp\/v2\/comments?post=123"}],"version-history":[{"count":49,"href":"https:\/\/esamksupport.samk.fi\/ohje\/wp-json\/wp\/v2\/pages\/123\/revisions"}],"predecessor-version":[{"id":4161,"href":"https:\/\/esamksupport.samk.fi\/ohje\/wp-json\/wp\/v2\/pages\/123\/revisions\/4161"}],"wp:attachment":[{"href":"https:\/\/esamksupport.samk.fi\/ohje\/wp-json\/wp\/v2\/media?parent=123"}],"curies":[{"name":"wp","href":"https:\/\/api.w.org\/{rel}","templated":true}]}}