{"id":127,"date":"2019-06-19T09:00:32","date_gmt":"2019-06-19T06:00:32","guid":{"rendered":"https:\/\/esamksupport.samk.fi\/ohje\/?page_id=127"},"modified":"2024-07-12T11:24:38","modified_gmt":"2024-07-12T08:24:38","slug":"moodle-opettaja-chat","status":"publish","type":"page","link":"https:\/\/esamksupport.samk.fi\/ohje\/moodle-opettaja-chat\/","title":{"rendered":"Moodle &gt; Opettaja &gt; Chat"},"content":{"rendered":"\n<p>Chat -toiminto tarkoittaa pikaviestitystoimintoa, joka l\u00f6ytyy uudesta Moodlesta. Voit chatill\u00e4 olla yhteydess\u00e4 muihin Moodlessa oleviin k\u00e4ytt\u00e4jiin. K\u00e4ytt\u00e4jien ei tarvitse olla online-tilassa, jotta heille voi viestitt\u00e4\u00e4. Voit chatill\u00e4 olla esimerkiksi yhteydess\u00e4 muihin opettajiin ja opiskelijoihin opintojaksoihin liittyviss\u00e4 asioissa.<\/p>\n\n\n\n<p>Chat l\u00f6ytyy oikeasta yl\u00e4kulmasta profiilin vierest\u00e4:<\/p>\n\n\n<div class=\"wp-block-image\">\n<figure class=\"aligncenter size-1536x1536 is-resized\"><img loading=\"lazy\" decoding=\"async\" width=\"1218\" height=\"67\" src=\"https:\/\/esamksupport.samk.fi\/ohje\/wp-content\/uploads\/sites\/3\/2024\/07\/Chatti1-1218x67.png\" alt=\"\" class=\"wp-image-3709\" style=\"width:844px;height:auto\" srcset=\"https:\/\/esamksupport.samk.fi\/ohje\/wp-content\/uploads\/sites\/3\/2024\/07\/Chatti1.png 1218w, https:\/\/esamksupport.samk.fi\/ohje\/wp-content\/uploads\/sites\/3\/2024\/07\/Chatti1-768x42.png 768w\" sizes=\"auto, (max-width: 1218px) 100vw, 1218px\" \/><\/figure>\n<\/div>\n\n\n<p><\/p>\n\n\n\n<p>Kun chattiin tulee viesti, ilmaantuu punainen viestimerkki chat-kuvakkeen kohdalle.<\/p>\n\n\n\n<p>Chatissa voi l\u00e4hett\u00e4\u00e4 ryhm\u00e4viestej\u00e4 tai henkil\u00f6kohtaisia viestej\u00e4.<\/p>\n\n\n<div class=\"wp-block-image\">\n<figure class=\"alignleft size-large is-resized\"><img loading=\"lazy\" decoding=\"async\" width=\"358\" height=\"922\" src=\"https:\/\/esamksupport.samk.fi\/ohje\/wp-content\/uploads\/sites\/3\/2024\/07\/Chatti2-358x922.png\" alt=\"\" class=\"wp-image-3710\" style=\"width:289px;height:auto\" \/><\/figure>\n<\/div>","protected":false},"excerpt":{"rendered":"<p>Chat -toiminto tarkoittaa pikaviestitystoimintoa, joka l\u00f6ytyy uudesta Moodlesta. Voit chatill\u00e4 olla yhteydess\u00e4 muihin Moodlessa oleviin k\u00e4ytt\u00e4jiin. K\u00e4ytt\u00e4jien ei tarvitse olla online-tilassa, jotta heille voi viestitt\u00e4\u00e4. Voit chatill\u00e4 olla esimerkiksi yhteydess\u00e4 muihin opettajiin ja opiskelijoihin opintojaksoihin liittyviss\u00e4 asioissa. Chat l\u00f6ytyy oikeasta yl\u00e4kulmasta profiilin vierest\u00e4: Kun chattiin tulee viesti, ilmaantuu punainen viestimerkki chat-kuvakkeen kohdalle. Chatissa voi l\u00e4hett\u00e4\u00e4 ryhm\u00e4viestej\u00e4 tai henkil\u00f6kohtaisia viestej\u00e4.<\/p>\n","protected":false},"author":2,"featured_media":0,"parent":0,"menu_order":0,"comment_status":"closed","ping_status":"open","template":"","meta":{"footnotes":""},"class_list":["post-127","page","type-page","status-publish"],"_links":{"self":[{"href":"https:\/\/esamksupport.samk.fi\/ohje\/wp-json\/wp\/v2\/pages\/127","targetHints":{"allow":["GET"]}}],"collection":[{"href":"https:\/\/esamksupport.samk.fi\/ohje\/wp-json\/wp\/v2\/pages"}],"about":[{"href":"https:\/\/esamksupport.samk.fi\/ohje\/wp-json\/wp\/v2\/types\/page"}],"author":[{"embeddable":true,"href":"https:\/\/esamksupport.samk.fi\/ohje\/wp-json\/wp\/v2\/users\/2"}],"replies":[{"embeddable":true,"href":"https:\/\/esamksupport.samk.fi\/ohje\/wp-json\/wp\/v2\/comments?post=127"}],"version-history":[{"count":4,"href":"https:\/\/esamksupport.samk.fi\/ohje\/wp-json\/wp\/v2\/pages\/127\/revisions"}],"predecessor-version":[{"id":3712,"href":"https:\/\/esamksupport.samk.fi\/ohje\/wp-json\/wp\/v2\/pages\/127\/revisions\/3712"}],"wp:attachment":[{"href":"https:\/\/esamksupport.samk.fi\/ohje\/wp-json\/wp\/v2\/media?parent=127"}],"curies":[{"name":"wp","href":"https:\/\/api.w.org\/{rel}","templated":true}]}}