{"id":128,"date":"2019-06-19T09:00:07","date_gmt":"2019-06-19T06:00:07","guid":{"rendered":"https:\/\/esamksupport.samk.fi\/ohje\/?page_id=128"},"modified":"2024-07-15T14:01:52","modified_gmt":"2024-07-15T11:01:52","slug":"moodle-opettaja-arkistointi","status":"publish","type":"page","link":"https:\/\/esamksupport.samk.fi\/ohje\/moodle-opettaja-arkistointi\/","title":{"rendered":"Moodle &gt; Opettaja &gt; Arkistointi"},"content":{"rendered":"\n<p>Kurssille voidaan m\u00e4\u00e4ritell\u00e4 p\u00e4\u00e4ttymisp\u00e4iv\u00e4, jolloin se siirtyy pois opettajan ja opiskelijan keskener\u00e4isist\u00e4 kursseista menneisiin kursseihin. Opintojakso ei katoa k\u00e4ytt\u00e4j\u00e4n listasta.<\/p>\n\n\n\n<figure class=\"wp-block-image size-full is-resized\"><img loading=\"lazy\" decoding=\"async\" width=\"1190\" height=\"893\" src=\"https:\/\/esamksupport.samk.fi\/ohje\/wp-content\/uploads\/sites\/3\/2024\/07\/Arkistointi.png\" alt=\"\" class=\"wp-image-3752\" style=\"width:702px;height:auto\" srcset=\"https:\/\/esamksupport.samk.fi\/ohje\/wp-content\/uploads\/sites\/3\/2024\/07\/Arkistointi.png 1190w, https:\/\/esamksupport.samk.fi\/ohje\/wp-content\/uploads\/sites\/3\/2024\/07\/Arkistointi-768x576.png 768w\" sizes=\"auto, (max-width: 1190px) 100vw, 1190px\" \/><\/figure>\n\n\n\n<p><strong>Arkistointi<\/strong><\/p>\n\n\n\n<p>Voit pyyt\u00e4\u00e4 tukea arkistoimaan Moodle-pohjan my\u00f6hemp\u00e4\u00e4 k\u00e4ytt\u00f6\u00e4 varten. T\u00e4ll\u00f6in se on my\u00f6s piilossa opiskelijoilta, eik\u00e4 venyt\u00e4 turhaan opintojaksolistaa. T\u00e4m\u00e4 tapahtuu l\u00e4hett\u00e4m\u00e4ll\u00e4 s\u00e4hk\u00f6postia\u00a0<a href=\"mailto:esamk.tuki@samk.fi\">esamk.support@samk.fi<\/a><\/p>\n\n\n\n<p>Jos olet t\u00e4ysin varma, ettet tule tarvitsemaan t\u00e4t\u00e4 nimenomaista pohjaa en\u00e4\u00e4 koskaan, voit pyyt\u00e4\u00e4 sen poistoa kokonaan.&nbsp;Huomaathan, ett\u00e4 poisto on lopullinen toimenpide, eik\u00e4 sit\u00e4 kyet\u00e4 my\u00f6hemmin perumaan.<\/p>\n","protected":false},"excerpt":{"rendered":"<p>Kurssille voidaan m\u00e4\u00e4ritell\u00e4 p\u00e4\u00e4ttymisp\u00e4iv\u00e4, jolloin se siirtyy pois opettajan ja opiskelijan keskener\u00e4isist\u00e4 kursseista menneisiin kursseihin. Opintojakso ei katoa k\u00e4ytt\u00e4j\u00e4n listasta. Arkistointi Voit pyyt\u00e4\u00e4 tukea arkistoimaan Moodle-pohjan my\u00f6hemp\u00e4\u00e4 k\u00e4ytt\u00f6\u00e4 varten. T\u00e4ll\u00f6in se on my\u00f6s piilossa opiskelijoilta, eik\u00e4 venyt\u00e4 turhaan opintojaksolistaa. T\u00e4m\u00e4 tapahtuu l\u00e4hett\u00e4m\u00e4ll\u00e4 s\u00e4hk\u00f6postia\u00a0esamk.support@samk.fi Jos olet t\u00e4ysin varma, ettet tule tarvitsemaan t\u00e4t\u00e4 nimenomaista pohjaa en\u00e4\u00e4 koskaan, voit pyyt\u00e4\u00e4 sen poistoa kokonaan.&nbsp;Huomaathan, ett\u00e4 poisto on lopullinen toimenpide, eik\u00e4 sit\u00e4 kyet\u00e4 my\u00f6hemmin perumaan.<\/p>\n","protected":false},"author":2,"featured_media":0,"parent":0,"menu_order":0,"comment_status":"closed","ping_status":"open","template":"","meta":{"footnotes":""},"class_list":["post-128","page","type-page","status-publish"],"_links":{"self":[{"href":"https:\/\/esamksupport.samk.fi\/ohje\/wp-json\/wp\/v2\/pages\/128","targetHints":{"allow":["GET"]}}],"collection":[{"href":"https:\/\/esamksupport.samk.fi\/ohje\/wp-json\/wp\/v2\/pages"}],"about":[{"href":"https:\/\/esamksupport.samk.fi\/ohje\/wp-json\/wp\/v2\/types\/page"}],"author":[{"embeddable":true,"href":"https:\/\/esamksupport.samk.fi\/ohje\/wp-json\/wp\/v2\/users\/2"}],"replies":[{"embeddable":true,"href":"https:\/\/esamksupport.samk.fi\/ohje\/wp-json\/wp\/v2\/comments?post=128"}],"version-history":[{"count":4,"href":"https:\/\/esamksupport.samk.fi\/ohje\/wp-json\/wp\/v2\/pages\/128\/revisions"}],"predecessor-version":[{"id":3754,"href":"https:\/\/esamksupport.samk.fi\/ohje\/wp-json\/wp\/v2\/pages\/128\/revisions\/3754"}],"wp:attachment":[{"href":"https:\/\/esamksupport.samk.fi\/ohje\/wp-json\/wp\/v2\/media?parent=128"}],"curies":[{"name":"wp","href":"https:\/\/api.w.org\/{rel}","templated":true}]}}