{"id":135,"date":"2019-06-19T09:02:05","date_gmt":"2019-06-19T06:02:05","guid":{"rendered":"https:\/\/esamksupport.samk.fi\/ohje\/?page_id=135"},"modified":"2025-09-09T13:42:08","modified_gmt":"2025-09-09T10:42:08","slug":"moodle-opettaja-kurssilla-osallistujat","status":"publish","type":"page","link":"https:\/\/esamksupport.samk.fi\/ohje\/moodle-opettaja-kurssilla-osallistujat\/","title":{"rendered":"Moodle &gt; Opettaja &gt; Kurssilla &gt; Osallistujat"},"content":{"rendered":"\n<p>Opiskelijat ilmestyv\u00e4t automaattisesti intergraatioty\u00f6kalun avulla Pepin kautta tilattuihin Moodle-pohjiin. Edellytyksen\u00e4 t\u00e4lle on, ett\u00e4 opiskelija on sek\u00e4 ilmoittautunut Pepiss\u00e4 ett\u00e4 opettaja on h\u00e4net toteutukselle hyv\u00e4ksynyt.<\/p>\n\n\n\n<p>Integraatioty\u00f6kalu luo opintojaksolle ryhm\u00e4t xxx-users, jonne aktiiviset opiskelijat siirtyv\u00e4t ja xxx-exusers, jonne keskeytetyt opiskelijat siirtyv\u00e4t. N\u00e4it\u00e4 ryhmi\u00e4 ei tule poistaa. Jos n\u00e4in on kuitenkin k\u00e4ynyt, ota yhteytt\u00e4 <a href=\"mailto:esamk.support@samk.fi\">esamk.support@samk.fi<\/a> ryhmien palauttamiseksi.<\/p>\n\n\n\n<p>Jos haluat poistaa opiskelijan p\u00e4\u00e4syn Moodle-pohjaan, tulee h\u00e4nen tilakseen Moodlessa vaihtaa &#8221;keskeytetty&#8221; ja ryhm\u00e4kseen xxx-exusers. Vaikka opiskelijalle kirjaa Pepiss\u00e4 arvioinnin 0, h\u00e4nen p\u00e4\u00e4syns\u00e4 Moodle-pohjaan ei p\u00e4\u00e4ty.<\/p>\n\n\n\n<figure class=\"wp-block-image size-1536x1536 is-resized\"><img loading=\"lazy\" decoding=\"async\" width=\"1131\" height=\"42\" src=\"https:\/\/esamksupport.samk.fi\/ohje\/wp-content\/uploads\/sites\/3\/2024\/07\/Osallistujat1-1131x42.png\" alt=\"\" class=\"wp-image-3738\" style=\"width:841px;height:auto\" srcset=\"https:\/\/esamksupport.samk.fi\/ohje\/wp-content\/uploads\/sites\/3\/2024\/07\/Osallistujat1.png 1131w, https:\/\/esamksupport.samk.fi\/ohje\/wp-content\/uploads\/sites\/3\/2024\/07\/Osallistujat1-768x28.png 768w\" sizes=\"auto, (max-width: 1131px) 100vw, 1131px\" \/><\/figure>\n\n\n\n<p>Edelle mainittujen ryhmien rinnalle voi tarvittaessa luoda <a href=\"https:\/\/esamksupport.samk.fi\/ohje\/moodle-opettaja-kurssilla-ryhmat\/\">omia ryhm\u00e4jakoja<\/a>. Itseluotujen ryhmien kanssa toimittaessa tulee muistaa k\u00e4ytt\u00e4\u00e4<a href=\"https:\/\/esamksupport.samk.fi\/ohje\/moodle-opettaja-kurssilla-ryhmittely\/\"> ryhmittelytoimintoa<\/a>, jotta kurssiaktiviteetit toimivat oikein.<\/p>\n\n\n\n<p>Opettajan roolilla voit lis\u00e4t\u00e4 osallistujia non-peppi student rooliin. Lis\u00e4ksi voit lis\u00e4t\u00e4 opettajia ja opettajia ilman muokkausoikeutta.<\/p>\n\n\n\n<p><\/p>\n","protected":false},"excerpt":{"rendered":"<p>Opiskelijat ilmestyv\u00e4t automaattisesti intergraatioty\u00f6kalun avulla Pepin kautta tilattuihin Moodle-pohjiin. Edellytyksen\u00e4 t\u00e4lle on, ett\u00e4 opiskelija on sek\u00e4 ilmoittautunut Pepiss\u00e4 ett\u00e4 opettaja on h\u00e4net toteutukselle hyv\u00e4ksynyt. Integraatioty\u00f6kalu luo opintojaksolle ryhm\u00e4t xxx-users, jonne aktiiviset opiskelijat siirtyv\u00e4t ja xxx-exusers, jonne keskeytetyt opiskelijat siirtyv\u00e4t. N\u00e4it\u00e4 ryhmi\u00e4 ei tule poistaa. Jos n\u00e4in on kuitenkin k\u00e4ynyt, ota yhteytt\u00e4 esamk.support@samk.fi ryhmien palauttamiseksi. Jos haluat poistaa opiskelijan p\u00e4\u00e4syn Moodle-pohjaan, tulee h\u00e4nen tilakseen Moodlessa vaihtaa &#8221;keskeytetty&#8221; ja ryhm\u00e4kseen xxx-exusers. Vaikka opiskelijalle kirjaa Pepiss\u00e4 arvioinnin 0, h\u00e4nen p\u00e4\u00e4syns\u00e4 Moodle-pohjaan ei p\u00e4\u00e4ty. Edelle mainittujen ryhmien rinnalle voi tarvittaessa luoda omia ryhm\u00e4jakoja. Itseluotujen ryhmien kanssa toimittaessa tulee muistaa k\u00e4ytt\u00e4\u00e4 ryhmittelytoimintoa, jotta kurssiaktiviteetit toimivat oikein. Opettajan roolilla voit lis\u00e4t\u00e4 osallistujia non-peppi student rooliin. Lis\u00e4ksi voit lis\u00e4t\u00e4 opettajia ja opettajia ilman muokkausoikeutta.<\/p>\n","protected":false},"author":2,"featured_media":0,"parent":0,"menu_order":0,"comment_status":"closed","ping_status":"open","template":"","meta":{"footnotes":""},"class_list":["post-135","page","type-page","status-publish"],"_links":{"self":[{"href":"https:\/\/esamksupport.samk.fi\/ohje\/wp-json\/wp\/v2\/pages\/135","targetHints":{"allow":["GET"]}}],"collection":[{"href":"https:\/\/esamksupport.samk.fi\/ohje\/wp-json\/wp\/v2\/pages"}],"about":[{"href":"https:\/\/esamksupport.samk.fi\/ohje\/wp-json\/wp\/v2\/types\/page"}],"author":[{"embeddable":true,"href":"https:\/\/esamksupport.samk.fi\/ohje\/wp-json\/wp\/v2\/users\/2"}],"replies":[{"embeddable":true,"href":"https:\/\/esamksupport.samk.fi\/ohje\/wp-json\/wp\/v2\/comments?post=135"}],"version-history":[{"count":17,"href":"https:\/\/esamksupport.samk.fi\/ohje\/wp-json\/wp\/v2\/pages\/135\/revisions"}],"predecessor-version":[{"id":4165,"href":"https:\/\/esamksupport.samk.fi\/ohje\/wp-json\/wp\/v2\/pages\/135\/revisions\/4165"}],"wp:attachment":[{"href":"https:\/\/esamksupport.samk.fi\/ohje\/wp-json\/wp\/v2\/media?parent=135"}],"curies":[{"name":"wp","href":"https:\/\/api.w.org\/{rel}","templated":true}]}}