{"id":136,"date":"2019-06-19T09:02:25","date_gmt":"2019-06-19T06:02:25","guid":{"rendered":"https:\/\/esamksupport.samk.fi\/ohje\/?page_id=136"},"modified":"2024-07-15T10:29:15","modified_gmt":"2024-07-15T07:29:15","slug":"moodle-opettaja-kurssilla-rekisteroityminen","status":"publish","type":"page","link":"https:\/\/esamksupport.samk.fi\/ohje\/moodle-opettaja-kurssilla-rekisteroityminen\/","title":{"rendered":"Moodle &gt; Opettaja &gt; Kurssilla &gt; Rekister\u00f6ityminen"},"content":{"rendered":"\n<p>Opiskelijoiden rekister\u00f6itymisavain l\u00f6ytyy <strong>Osallistujat<\/strong>-valikosta, josta l\u00f6ytyy kohta <strong>Osallistujien lis\u00e4\u00e4mistavat<\/strong>.<\/p>\n\n\n\n<figure class=\"wp-block-image size-large is-resized\"><img loading=\"lazy\" decoding=\"async\" width=\"777\" height=\"502\" src=\"https:\/\/esamksupport.samk.fi\/ohje\/wp-content\/uploads\/sites\/3\/2024\/07\/Screenshot-2024-07-15-101756-777x502.png\" alt=\"\" class=\"wp-image-3734\" style=\"width:508px;height:auto\" srcset=\"https:\/\/esamksupport.samk.fi\/ohje\/wp-content\/uploads\/sites\/3\/2024\/07\/Screenshot-2024-07-15-101756.png 777w, https:\/\/esamksupport.samk.fi\/ohje\/wp-content\/uploads\/sites\/3\/2024\/07\/Screenshot-2024-07-15-101756-768x496.png 768w\" sizes=\"auto, (max-width: 777px) 100vw, 777px\" \/><\/figure>\n\n\n\n<p><\/p>\n\n\n\n<p>Kohdassa Itserekister\u00f6ityminen (opiskelija), p\u00e4\u00e4set asettamaan kurssille rekister\u00f6itymisavaimen.<\/p>\n\n\n\n<ul class=\"wp-block-list\">\n<li>Klikkaa muokkaa-sarakkeen alta <strong>rattaan<\/strong> kuvaa.<\/li>\n<\/ul>\n\n\n\n<figure class=\"wp-block-image size-1536x1536 is-resized\"><img loading=\"lazy\" decoding=\"async\" width=\"1200\" height=\"390\" src=\"https:\/\/esamksupport.samk.fi\/ohje\/wp-content\/uploads\/sites\/3\/2024\/07\/Rekisteroityminen1-1200x390.png\" alt=\"\" class=\"wp-image-3731\" style=\"width:771px;height:auto\" srcset=\"https:\/\/esamksupport.samk.fi\/ohje\/wp-content\/uploads\/sites\/3\/2024\/07\/Rekisteroityminen1.png 1200w, https:\/\/esamksupport.samk.fi\/ohje\/wp-content\/uploads\/sites\/3\/2024\/07\/Rekisteroityminen1-768x249.png 768w\" sizes=\"auto, (max-width: 1200px) 100vw, 1200px\" \/><\/figure>\n\n\n\n<p><\/p>\n\n\n\n<p>Avautuvassa itserekister\u00f6itymisen valikossa sy\u00f6t\u00e4 rekister\u00f6itymistavalle nimi (esim. avain tai englanninkielisill\u00e4 kursseilla key).<\/p>\n\n\n\n<p>Sy\u00f6t\u00e4 kurssiavain painamalla kyn\u00e4n kuvaa (kirjoitetun salasanan n\u00e4et painamalla silm\u00e4n kuvaa) ja siirry sivun alareunaan painamaan <strong>Tallenna muutokset<\/strong>.<\/p>\n\n\n\n<figure class=\"wp-block-image size-1536x1536 is-resized\"><img loading=\"lazy\" decoding=\"async\" width=\"1290\" height=\"962\" src=\"https:\/\/esamksupport.samk.fi\/ohje\/wp-content\/uploads\/sites\/3\/2024\/07\/Rekisteroityminen3-1290x962.png\" alt=\"\" class=\"wp-image-3735\" style=\"width:698px;height:auto\" srcset=\"https:\/\/esamksupport.samk.fi\/ohje\/wp-content\/uploads\/sites\/3\/2024\/07\/Rekisteroityminen3.png 1290w, https:\/\/esamksupport.samk.fi\/ohje\/wp-content\/uploads\/sites\/3\/2024\/07\/Rekisteroityminen3-768x572.png 768w\" sizes=\"auto, (max-width: 1290px) 100vw, 1290px\" \/><\/figure>\n","protected":false},"excerpt":{"rendered":"<p>Opiskelijoiden rekister\u00f6itymisavain l\u00f6ytyy Osallistujat-valikosta, josta l\u00f6ytyy kohta Osallistujien lis\u00e4\u00e4mistavat. Kohdassa Itserekister\u00f6ityminen (opiskelija), p\u00e4\u00e4set asettamaan kurssille rekister\u00f6itymisavaimen. Avautuvassa itserekister\u00f6itymisen valikossa sy\u00f6t\u00e4 rekister\u00f6itymistavalle nimi (esim. avain tai englanninkielisill\u00e4 kursseilla key). Sy\u00f6t\u00e4 kurssiavain painamalla kyn\u00e4n kuvaa (kirjoitetun salasanan n\u00e4et painamalla silm\u00e4n kuvaa) ja siirry sivun alareunaan painamaan Tallenna muutokset.<\/p>\n","protected":false},"author":2,"featured_media":0,"parent":0,"menu_order":0,"comment_status":"closed","ping_status":"open","template":"","meta":{"footnotes":""},"class_list":["post-136","page","type-page","status-publish"],"_links":{"self":[{"href":"https:\/\/esamksupport.samk.fi\/ohje\/wp-json\/wp\/v2\/pages\/136","targetHints":{"allow":["GET"]}}],"collection":[{"href":"https:\/\/esamksupport.samk.fi\/ohje\/wp-json\/wp\/v2\/pages"}],"about":[{"href":"https:\/\/esamksupport.samk.fi\/ohje\/wp-json\/wp\/v2\/types\/page"}],"author":[{"embeddable":true,"href":"https:\/\/esamksupport.samk.fi\/ohje\/wp-json\/wp\/v2\/users\/2"}],"replies":[{"embeddable":true,"href":"https:\/\/esamksupport.samk.fi\/ohje\/wp-json\/wp\/v2\/comments?post=136"}],"version-history":[{"count":3,"href":"https:\/\/esamksupport.samk.fi\/ohje\/wp-json\/wp\/v2\/pages\/136\/revisions"}],"predecessor-version":[{"id":3736,"href":"https:\/\/esamksupport.samk.fi\/ohje\/wp-json\/wp\/v2\/pages\/136\/revisions\/3736"}],"wp:attachment":[{"href":"https:\/\/esamksupport.samk.fi\/ohje\/wp-json\/wp\/v2\/media?parent=136"}],"curies":[{"name":"wp","href":"https:\/\/api.w.org\/{rel}","templated":true}]}}