{"id":139,"date":"2019-06-19T09:02:56","date_gmt":"2019-06-19T06:02:56","guid":{"rendered":"https:\/\/esamksupport.samk.fi\/ohje\/?page_id=139"},"modified":"2024-07-15T13:54:28","modified_gmt":"2024-07-15T10:54:28","slug":"moodle-opettaja-kurssilla-kurssiformaatti","status":"publish","type":"page","link":"https:\/\/esamksupport.samk.fi\/ohje\/moodle-opettaja-kurssilla-kurssiformaatti\/","title":{"rendered":"Moodle &gt; Opettaja &gt; Kurssilla &gt; Kurssiformaatti"},"content":{"rendered":"\n<p>Moodle-pohjan asetuksien muokkauksesta p\u00e4\u00e4set vaikuttamaan moodle-pohjan muotoon. Opettaja voi vaihtaa formaattia itse.<\/p>\n\n\n\n<p><strong>Erilaisia kurssiformaatteja:<\/strong><\/p>\n\n\n\n<p id=\"yui_3_17_2_1_1519818668854_241\">* <strong>Ruudukko<\/strong> &#8211; perustuu aihealueittaiseen sis\u00e4ll\u00f6n jakoon pienempiin osioihin<\/p>\n\n\n\n<p>* <strong>V\u00e4lilehti<\/strong> &#8211; sis\u00e4lt\u00f6 v\u00e4lilehdiss\u00e4<\/p>\n\n\n\n<p>* <strong>Yksitt\u00e4inen aktiviteetti<\/strong> &#8211; sis\u00e4lt\u00e4\u00e4 vain yhden aktiviteetin koko pohjassa, esim. tentin.<\/p>\n\n\n\n<p>* <strong>Keskustelu<\/strong> &#8211; Moodle-pohja on keskustelualue-muodossa<\/p>\n\n\n\n<p>* <strong>Tiivistetyt aiheet<\/strong> &#8211; etusivun j\u00e4lkeen tulevat v\u00e4lilehdet esitet\u00e4\u00e4n piilottuvina osioina<\/p>\n\n\n\n<p>* <strong>Aiheet<\/strong> &#8211; perinteinen Moodlen malli, osiot allekkain<\/p>\n\n\n\n<p>* <strong>Viikot<\/strong> &#8211; jokainen osio on kalenterin viikko ja opintojakson alkamisp\u00e4iv\u00e4m\u00e4\u00e4r\u00e4 ratkaisee viikkojen alkamisen<\/p>\n\n\n\n<p><strong>Formaatin vaihtaminen asetuksissa<\/strong>:<\/p>\n\n\n\n<figure class=\"wp-block-image size-1536x1536 is-resized\"><img loading=\"lazy\" decoding=\"async\" width=\"1191\" height=\"853\" src=\"https:\/\/esamksupport.samk.fi\/ohje\/wp-content\/uploads\/sites\/3\/2024\/07\/Kurssiformaatti1-1191x853.png\" alt=\"\" class=\"wp-image-3747\" style=\"width:697px;height:auto\" srcset=\"https:\/\/esamksupport.samk.fi\/ohje\/wp-content\/uploads\/sites\/3\/2024\/07\/Kurssiformaatti1.png 1191w, https:\/\/esamksupport.samk.fi\/ohje\/wp-content\/uploads\/sites\/3\/2024\/07\/Kurssiformaatti1-768x550.png 768w\" sizes=\"auto, (max-width: 1191px) 100vw, 1191px\" \/><\/figure>\n\n\n\n<p><\/p>\n\n\n\n<p>T\u00e4\u00e4lt\u00e4 selataan v\u00e4h\u00e4n alasp\u00e4in kohtaan <strong>Kurssiformaatti<\/strong>. Kurssimuotoa muuttamalla ja painamalla alhaalta <strong>Tallenna ja n\u00e4yt\u00e4<\/strong>, saadaan kurssiformaatti vaihdettua.<\/p>\n\n\n\n<figure class=\"wp-block-image size-full is-resized\"><img loading=\"lazy\" decoding=\"async\" width=\"1104\" height=\"618\" src=\"https:\/\/esamksupport.samk.fi\/ohje\/wp-content\/uploads\/sites\/3\/2024\/07\/Kurssiformaatti-2.png\" alt=\"\" class=\"wp-image-3749\" style=\"width:728px;height:auto\" srcset=\"https:\/\/esamksupport.samk.fi\/ohje\/wp-content\/uploads\/sites\/3\/2024\/07\/Kurssiformaatti-2.png 1104w, https:\/\/esamksupport.samk.fi\/ohje\/wp-content\/uploads\/sites\/3\/2024\/07\/Kurssiformaatti-2-768x429.png 768w\" sizes=\"auto, (max-width: 1104px) 100vw, 1104px\" \/><\/figure>\n\n\n\n<p>Kurssin eri osiot, v\u00e4lilehdet ja lohkot voidaan asettaa piilotetuiksi. T\u00e4ll\u00f6in opiskelijat eiv\u00e4t n\u00e4e n\u00e4it\u00e4 kohtia opintojaksolla ollenkaan. Opettaja n\u00e4kee piilotetun osion harmaana.<\/p>\n\n\n\n<p>Voit piilottaa osion muokkaustilassa klikkaamalla osion, v\u00e4lilehden tai lohkon kohdalta kolmea pistett\u00e4 ja valitsemalla <strong>Piilota<\/strong>.<\/p>\n\n\n\n<figure class=\"wp-block-image size-1536x1536 is-resized\"><img loading=\"lazy\" decoding=\"async\" width=\"1086\" height=\"596\" src=\"https:\/\/esamksupport.samk.fi\/ohje\/wp-content\/uploads\/sites\/3\/2024\/07\/Kurssiformaatti-3-1086x596.png\" alt=\"\" class=\"wp-image-3750\" style=\"width:798px;height:auto\" srcset=\"https:\/\/esamksupport.samk.fi\/ohje\/wp-content\/uploads\/sites\/3\/2024\/07\/Kurssiformaatti-3.png 1086w, https:\/\/esamksupport.samk.fi\/ohje\/wp-content\/uploads\/sites\/3\/2024\/07\/Kurssiformaatti-3-768x421.png 768w\" sizes=\"auto, (max-width: 1086px) 100vw, 1086px\" \/><\/figure>\n","protected":false},"excerpt":{"rendered":"<p>Moodle-pohjan asetuksien muokkauksesta p\u00e4\u00e4set vaikuttamaan moodle-pohjan muotoon. Opettaja voi vaihtaa formaattia itse. Erilaisia kurssiformaatteja: * Ruudukko &#8211; perustuu aihealueittaiseen sis\u00e4ll\u00f6n jakoon pienempiin osioihin * V\u00e4lilehti &#8211; sis\u00e4lt\u00f6 v\u00e4lilehdiss\u00e4 * Yksitt\u00e4inen aktiviteetti &#8211; sis\u00e4lt\u00e4\u00e4 vain yhden aktiviteetin koko pohjassa, esim. tentin. * Keskustelu &#8211; Moodle-pohja on keskustelualue-muodossa * Tiivistetyt aiheet &#8211; etusivun j\u00e4lkeen tulevat v\u00e4lilehdet esitet\u00e4\u00e4n piilottuvina osioina * Aiheet &#8211; perinteinen Moodlen malli, osiot allekkain * Viikot &#8211; jokainen osio on kalenterin viikko ja opintojakson alkamisp\u00e4iv\u00e4m\u00e4\u00e4r\u00e4 ratkaisee viikkojen alkamisen Formaatin vaihtaminen asetuksissa: T\u00e4\u00e4lt\u00e4 selataan v\u00e4h\u00e4n alasp\u00e4in kohtaan Kurssiformaatti. Kurssimuotoa muuttamalla ja painamalla alhaalta Tallenna ja n\u00e4yt\u00e4, saadaan kurssiformaatti vaihdettua. Kurssin eri osiot, v\u00e4lilehdet ja lohkot voidaan asettaa piilotetuiksi. T\u00e4ll\u00f6in opiskelijat eiv\u00e4t n\u00e4e n\u00e4it\u00e4 kohtia opintojaksolla ollenkaan. Opettaja n\u00e4kee piilotetun osion harmaana. Voit piilottaa osion muokkaustilassa klikkaamalla osion, v\u00e4lilehden tai lohkon kohdalta kolmea pistett\u00e4 ja valitsemalla Piilota.<\/p>\n","protected":false},"author":2,"featured_media":0,"parent":0,"menu_order":0,"comment_status":"closed","ping_status":"open","template":"","meta":{"footnotes":""},"class_list":["post-139","page","type-page","status-publish"],"_links":{"self":[{"href":"https:\/\/esamksupport.samk.fi\/ohje\/wp-json\/wp\/v2\/pages\/139","targetHints":{"allow":["GET"]}}],"collection":[{"href":"https:\/\/esamksupport.samk.fi\/ohje\/wp-json\/wp\/v2\/pages"}],"about":[{"href":"https:\/\/esamksupport.samk.fi\/ohje\/wp-json\/wp\/v2\/types\/page"}],"author":[{"embeddable":true,"href":"https:\/\/esamksupport.samk.fi\/ohje\/wp-json\/wp\/v2\/users\/2"}],"replies":[{"embeddable":true,"href":"https:\/\/esamksupport.samk.fi\/ohje\/wp-json\/wp\/v2\/comments?post=139"}],"version-history":[{"count":5,"href":"https:\/\/esamksupport.samk.fi\/ohje\/wp-json\/wp\/v2\/pages\/139\/revisions"}],"predecessor-version":[{"id":3751,"href":"https:\/\/esamksupport.samk.fi\/ohje\/wp-json\/wp\/v2\/pages\/139\/revisions\/3751"}],"wp:attachment":[{"href":"https:\/\/esamksupport.samk.fi\/ohje\/wp-json\/wp\/v2\/media?parent=139"}],"curies":[{"name":"wp","href":"https:\/\/api.w.org\/{rel}","templated":true}]}}