{"id":140,"date":"2019-06-19T09:03:20","date_gmt":"2019-06-19T06:03:20","guid":{"rendered":"https:\/\/esamksupport.samk.fi\/ohje\/?page_id=140"},"modified":"2024-08-05T14:52:31","modified_gmt":"2024-08-05T11:52:31","slug":"moodle-opettaja-kurssilla-ryhmat","status":"publish","type":"page","link":"https:\/\/esamksupport.samk.fi\/ohje\/moodle-opettaja-kurssilla-ryhmat\/","title":{"rendered":"Moodle &gt; Opettaja &gt; Kurssilla &gt; Ryhm\u00e4t"},"content":{"rendered":"\n<p>Moodle-pohjassa voi jakaa osallistujat ryhmiin. Ryhm\u00e4toiminto saattaa olla sekava ja aiheuttaa ristiriitoja opintojakson asetuksiin, joten t\u00e4t\u00e4 suositellaan vain edistyneille k\u00e4ytt\u00e4jille. Ryhmill\u00e4 voit m\u00e4\u00e4ritell\u00e4 opintojakson aktiviteetteihin ryhm\u00e4kohtaisia rajoituksia sek\u00e4 luoda yksil\u00f6kohtaisia ryhmi\u00e4.<\/p>\n\n\n\n<h4 class=\"wp-block-heading\">1. Ryhm\u00e4n luominen<\/h4>\n\n\n\n<p>Ryhm\u00e4t l\u00f6ytyv\u00e4t kurssipohjalta kohdasta <strong>Osallistujat<\/strong>:<\/p>\n\n\n\n<figure class=\"wp-block-image size-large is-resized\"><img loading=\"lazy\" decoding=\"async\" width=\"549\" height=\"396\" src=\"https:\/\/esamksupport.samk.fi\/ohje\/wp-content\/uploads\/sites\/3\/2024\/07\/Ryhmat1-549x396.png\" alt=\"\" class=\"wp-image-3724\" style=\"width:513px;height:auto\" \/><\/figure>\n\n\n\n<p><\/p>\n\n\n\n<p>Ryhm\u00e4n p\u00e4\u00e4set luomaan painamalla <strong>Luo ryhm\u00e4<\/strong> -painiketta.<\/p>\n\n\n\n<figure class=\"wp-block-image size-large is-resized\"><img loading=\"lazy\" decoding=\"async\" width=\"892\" height=\"833\" src=\"https:\/\/esamksupport.samk.fi\/ohje\/wp-content\/uploads\/sites\/3\/2024\/07\/Ryhmat2-892x833.png\" alt=\"\" class=\"wp-image-3726\" style=\"width:599px;height:auto\" srcset=\"https:\/\/esamksupport.samk.fi\/ohje\/wp-content\/uploads\/sites\/3\/2024\/07\/Ryhmat2.png 892w, https:\/\/esamksupport.samk.fi\/ohje\/wp-content\/uploads\/sites\/3\/2024\/07\/Ryhmat2-768x717.png 768w\" sizes=\"auto, (max-width: 892px) 100vw, 892px\" \/><\/figure>\n\n\n\n<p><\/p>\n\n\n\n<p>Anna ryhm\u00e4lle nimi ja halutessasi lis\u00e4\u00e4 kuvaus sek\u00e4 ryhm\u00e4avain. Paina t\u00e4m\u00e4n j\u00e4lkeen alhaalta <strong>Tallenna muutokset<\/strong>.<\/p>\n\n\n\n<figure class=\"wp-block-image size-large is-resized\"><img loading=\"lazy\" decoding=\"async\" width=\"933\" height=\"866\" src=\"https:\/\/esamksupport.samk.fi\/ohje\/wp-content\/uploads\/sites\/3\/2024\/07\/Ryhmat3-933x866.png\" alt=\"\" class=\"wp-image-3727\" style=\"width:644px;height:auto\" srcset=\"https:\/\/esamksupport.samk.fi\/ohje\/wp-content\/uploads\/sites\/3\/2024\/07\/Ryhmat3.png 933w, https:\/\/esamksupport.samk.fi\/ohje\/wp-content\/uploads\/sites\/3\/2024\/07\/Ryhmat3-768x712.png 768w\" sizes=\"auto, (max-width: 933px) 100vw, 933px\" \/><\/figure>\n\n\n\n<p><\/p>\n\n\n\n<p>Voit lis\u00e4t\u00e4 ryhm\u00e4\u00e4n k\u00e4ytt\u00e4ji\u00e4 <strong>Lis\u00e4\u00e4\/poista k\u00e4ytt\u00e4ji\u00e4<\/strong> -painikkeella, joka on nyt aktiivinen, koska ryhm\u00e4 on luotu.<\/p>\n\n\n\n<figure class=\"wp-block-image size-large is-resized\"><img loading=\"lazy\" decoding=\"async\" width=\"914\" height=\"701\" src=\"https:\/\/esamksupport.samk.fi\/ohje\/wp-content\/uploads\/sites\/3\/2024\/07\/Ryhmat4-914x701.png\" alt=\"\" class=\"wp-image-3728\" style=\"width:606px;height:auto\" srcset=\"https:\/\/esamksupport.samk.fi\/ohje\/wp-content\/uploads\/sites\/3\/2024\/07\/Ryhmat4.png 914w, https:\/\/esamksupport.samk.fi\/ohje\/wp-content\/uploads\/sites\/3\/2024\/07\/Ryhmat4-768x589.png 768w\" sizes=\"auto, (max-width: 914px) 100vw, 914px\" \/><\/figure>\n\n\n\n<p><\/p>\n\n\n\n<p>Lis\u00e4tty\u00e4si \/ poistettuasi k\u00e4ytt\u00e4ji\u00e4, p\u00e4\u00e4set edelliseen n\u00e4kym\u00e4\u00e4n klikkaamalla <strong>Takaisin ryhmiin<\/strong> -painiketta.<\/p>\n\n\n\n<figure class=\"wp-block-image size-large is-resized\"><img loading=\"lazy\" decoding=\"async\" width=\"898\" height=\"820\" src=\"https:\/\/esamksupport.samk.fi\/ohje\/wp-content\/uploads\/sites\/3\/2024\/07\/Ryhmat5-898x820.png\" alt=\"\" class=\"wp-image-3729\" style=\"width:532px;height:auto\" srcset=\"https:\/\/esamksupport.samk.fi\/ohje\/wp-content\/uploads\/sites\/3\/2024\/07\/Ryhmat5.png 898w, https:\/\/esamksupport.samk.fi\/ohje\/wp-content\/uploads\/sites\/3\/2024\/07\/Ryhmat5-768x701.png 768w\" sizes=\"auto, (max-width: 898px) 100vw, 898px\" \/><\/figure>\n\n\n\n<h4 class=\"wp-block-heading\">2. Ryhm\u00e4n k\u00e4ytt\u00f6 aktiviteeteissa<\/h4>\n\n\n\n<p><strong>Ryhm\u00e4kohtaisuuden saat k\u00e4ytt\u00f6\u00f6n<\/strong> opintojakson aktiviteettien asetuksista, kohdan Moduulien yleiset asetukset alta:<\/p>\n\n\n\n<figure class=\"wp-block-image size-large\"><img loading=\"lazy\" decoding=\"async\" width=\"512\" height=\"252\" src=\"https:\/\/esamksupport.samk.fi\/ohje\/wp-content\/uploads\/sites\/3\/2024\/07\/Ryhmat-6-512x252.png\" alt=\"\" class=\"wp-image-3883\" \/><\/figure>\n\n\n\n<p><strong>Mahdolliset ryhm\u00e4moodit<\/strong>:<\/p>\n\n\n\n<ul class=\"wp-block-list\">\n<li>Ei ryhmi\u00e4 &#8211; Kaikki osallistujat yhdess\u00e4.<\/li>\n\n\n\n<li>Erilliset ryhm\u00e4t &#8211; Osallistuja n\u00e4kee vain oman ryhm\u00e4ns\u00e4 j\u00e4senet sek\u00e4 sen tuottamat sis\u00e4ll\u00f6t.<\/li>\n\n\n\n<li>N\u00e4kyv\u00e4t ryhm\u00e4t &#8211; Osallistujat jaettu ryhmiin, joissa kukin ty\u00f6skentelee, mutta my\u00f6s muut ryhm\u00e4t n\u00e4kyv\u00e4t ty\u00f6skentelyn tulokset.<\/li>\n<\/ul>\n\n\n\n<p>Jos ryhm\u00e4moodi on esimerkiksi <strong>Erilliset ryhm\u00e4t<\/strong>, vaaditaan ryhmittely, jolle kyseinen aktiviteetti pelk\u00e4st\u00e4\u00e4n n\u00e4kyy. Valitsemalla taas <strong>N\u00e4kyv\u00e4t ryhm\u00e4t<\/strong>, n\u00e4kyy aktiviteetti kaikille ryhmille erikseen. Ryhm\u00e4t esimerkiksi keskustelualue -aktiviteetissa n\u00e4kisiv\u00e4t vain oman ryhm\u00e4ns\u00e4 toiminnan.<\/p>\n\n\n\n<p>Jos opiskelijat tekev\u00e4t ryhm\u00e4t\u00f6iden palautuksia, valitaan aktiviteetin asetuksista ryhm\u00e4ty\u00f6n palautus k\u00e4ytt\u00f6\u00f6n:<\/p>\n\n\n\n<figure class=\"wp-block-image size-large\"><img loading=\"lazy\" decoding=\"async\" width=\"464\" height=\"263\" src=\"https:\/\/esamksupport.samk.fi\/ohje\/wp-content\/uploads\/sites\/3\/2024\/07\/Ryhmat-7-464x263.png\" alt=\"\" class=\"wp-image-3885\" \/><\/figure>\n\n\n\n<p><\/p>\n\n\n\n<h4 class=\"wp-block-heading\">3. Ryhmittelyt<\/h4>\n\n\n\n<p>Er\u00e4\u00e4nlainen &#8221;ryhmien ryhm\u00e4&#8221; &#8211; voit siis muodostaa yksitt\u00e4isist\u00e4 ryhmist\u00e4 erilaisia kokonaisuuksia.<\/p>\n\n\n\n<p>Ryhmittelem\u00e4ll\u00e4 pystyt tarjoamaan osallistujille entist\u00e4 monipuolisemmat mahdollisuudet ty\u00f6skennell\u00e4 eri ihmisten kanssa. N\u00e4m\u00e4 ryhmittelyt m\u00e4\u00e4ritet\u00e4\u00e4n samassa paikkaa kuin ryhm\u00e4t eli Ryhm\u00e4t -valikossa v\u00e4lilehdell\u00e4 <strong>Ryhmittelyt<\/strong>.<span class=\"has-inline-color has-vivid-red-color\"><br><\/span><\/p>\n\n\n\n<p><strong>Esimerkki:<\/strong><\/p>\n\n\n\n<p><strong>Ryhmittely 1<\/strong>: L\u00e4hiryhm\u00e4t, koottu ryhmist\u00e4 Pori ja Rauma (osallistujat jaoteltu paikkakunnan mukaan). K\u00e4yt\u00f6ss\u00e4 keskustelualueella ja wikiss\u00e4 paikkakuntakohtaisten l\u00e4hitapaamisten sis\u00e4ll\u00f6n tuottamiseen.<\/p>\n\n\n\n<p><strong>Ryhmittely 2<\/strong>: Vertaisryhm\u00e4t, koottu ryhmist\u00e4 Rahoitus ja Markkinointi (osallistujat jaoteltu suuntautumisvaihtoehdon mukaaan, paikkakunnasta riippumatta). K\u00e4yt\u00f6ss\u00e4 keskustelualueella ja wikiss\u00e4 suuntautumiskohtaisiin projekteihin.<\/p>\n\n\n\n<p>Mik\u00e4li k\u00e4ytt\u00e4isit ryhm\u00e4kohtaisia ty\u00f6skentelyalueita ilman ryhmittely\u00e4, n\u00e4kyisiv\u00e4t yksitt\u00e4iselle osallistujalle kunkin aktiviteetin ryhm\u00e4listassa (alasvetovalikko) kaikki mahdolliset ryhm\u00e4t, jotka olet kyseiselle toteutukselle luonut. Ryhmittely\u00e4 hy\u00f6dynt\u00e4m\u00e4ll\u00e4 tulos on selke\u00e4mpi, sill\u00e4 osallistuja n\u00e4kee samaisessa listassa vain ne ryhm\u00e4t, jotka kuuluvat samaan ryhmittelyyn kuin h\u00e4nen ryhm\u00e4ns\u00e4.<\/p>\n","protected":false},"excerpt":{"rendered":"<p>Moodle-pohjassa voi jakaa osallistujat ryhmiin. Ryhm\u00e4toiminto saattaa olla sekava ja aiheuttaa ristiriitoja opintojakson asetuksiin, joten t\u00e4t\u00e4 suositellaan vain edistyneille k\u00e4ytt\u00e4jille. Ryhmill\u00e4 voit m\u00e4\u00e4ritell\u00e4 opintojakson aktiviteetteihin ryhm\u00e4kohtaisia rajoituksia sek\u00e4 luoda yksil\u00f6kohtaisia ryhmi\u00e4. 1. Ryhm\u00e4n luominen Ryhm\u00e4t l\u00f6ytyv\u00e4t kurssipohjalta kohdasta Osallistujat: Ryhm\u00e4n p\u00e4\u00e4set luomaan painamalla Luo ryhm\u00e4 -painiketta. Anna ryhm\u00e4lle nimi ja halutessasi lis\u00e4\u00e4 kuvaus sek\u00e4 ryhm\u00e4avain. Paina t\u00e4m\u00e4n j\u00e4lkeen alhaalta Tallenna muutokset. Voit lis\u00e4t\u00e4 ryhm\u00e4\u00e4n k\u00e4ytt\u00e4ji\u00e4 Lis\u00e4\u00e4\/poista k\u00e4ytt\u00e4ji\u00e4 -painikkeella, joka on nyt aktiivinen, koska ryhm\u00e4 on luotu. Lis\u00e4tty\u00e4si \/ poistettuasi k\u00e4ytt\u00e4ji\u00e4, p\u00e4\u00e4set edelliseen n\u00e4kym\u00e4\u00e4n klikkaamalla Takaisin ryhmiin -painiketta. 2. Ryhm\u00e4n k\u00e4ytt\u00f6 aktiviteeteissa Ryhm\u00e4kohtaisuuden saat k\u00e4ytt\u00f6\u00f6n opintojakson aktiviteettien asetuksista, kohdan Moduulien yleiset asetukset alta: Mahdolliset ryhm\u00e4moodit: Jos ryhm\u00e4moodi on esimerkiksi Erilliset ryhm\u00e4t, vaaditaan ryhmittely, jolle kyseinen aktiviteetti pelk\u00e4st\u00e4\u00e4n n\u00e4kyy. Valitsemalla taas N\u00e4kyv\u00e4t ryhm\u00e4t, n\u00e4kyy aktiviteetti kaikille ryhmille erikseen. Ryhm\u00e4t esimerkiksi keskustelualue -aktiviteetissa n\u00e4kisiv\u00e4t vain oman ryhm\u00e4ns\u00e4 toiminnan. Jos opiskelijat tekev\u00e4t ryhm\u00e4t\u00f6iden palautuksia, valitaan aktiviteetin asetuksista ryhm\u00e4ty\u00f6n palautus k\u00e4ytt\u00f6\u00f6n: 3. Ryhmittelyt Er\u00e4\u00e4nlainen &#8221;ryhmien&hellip;<\/p>\n<p> <a class=\"more-link\" href=\"https:\/\/esamksupport.samk.fi\/ohje\/moodle-opettaja-kurssilla-ryhmat\/\">Lue Lis\u00e4\u00e4<\/a><\/p>\n","protected":false},"author":2,"featured_media":0,"parent":0,"menu_order":0,"comment_status":"closed","ping_status":"open","template":"","meta":{"footnotes":""},"class_list":["post-140","page","type-page","status-publish"],"_links":{"self":[{"href":"https:\/\/esamksupport.samk.fi\/ohje\/wp-json\/wp\/v2\/pages\/140","targetHints":{"allow":["GET"]}}],"collection":[{"href":"https:\/\/esamksupport.samk.fi\/ohje\/wp-json\/wp\/v2\/pages"}],"about":[{"href":"https:\/\/esamksupport.samk.fi\/ohje\/wp-json\/wp\/v2\/types\/page"}],"author":[{"embeddable":true,"href":"https:\/\/esamksupport.samk.fi\/ohje\/wp-json\/wp\/v2\/users\/2"}],"replies":[{"embeddable":true,"href":"https:\/\/esamksupport.samk.fi\/ohje\/wp-json\/wp\/v2\/comments?post=140"}],"version-history":[{"count":5,"href":"https:\/\/esamksupport.samk.fi\/ohje\/wp-json\/wp\/v2\/pages\/140\/revisions"}],"predecessor-version":[{"id":3919,"href":"https:\/\/esamksupport.samk.fi\/ohje\/wp-json\/wp\/v2\/pages\/140\/revisions\/3919"}],"wp:attachment":[{"href":"https:\/\/esamksupport.samk.fi\/ohje\/wp-json\/wp\/v2\/media?parent=140"}],"curies":[{"name":"wp","href":"https:\/\/api.w.org\/{rel}","templated":true}]}}