{"id":143,"date":"2019-06-19T09:04:01","date_gmt":"2019-06-19T06:04:01","guid":{"rendered":"https:\/\/esamksupport.samk.fi\/ohje\/?page_id=143"},"modified":"2024-08-19T15:45:02","modified_gmt":"2024-08-19T12:45:02","slug":"moodle-opettaja-kurssilla-ryhmapalautukset","status":"publish","type":"page","link":"https:\/\/esamksupport.samk.fi\/ohje\/moodle-opettaja-kurssilla-ryhmapalautukset\/","title":{"rendered":"Moodle &gt; Opettaja &gt; Kurssilla &gt; Ryhm\u00e4palautukset"},"content":{"rendered":"\n<p>Opiskelijat voivat palauttaa teht\u00e4v\u00e4aktiviteeteissa t\u00f6it\u00e4\u00e4n my\u00f6s <strong>ryhm\u00e4palautuksina<\/strong>. T\u00e4ll\u00f6in riitt\u00e4\u00e4, ett\u00e4 vain yksi ryhm\u00e4n opiskelija on palauttanut teht\u00e4v\u00e4n ja saanut arvosanan t\u00e4st\u00e4, jolloin muut saavat my\u00f6s merkinn\u00e4n suorituksestaan. Kun ryhm\u00e4palautus on k\u00e4yt\u00f6ss\u00e4 aktiviteetissa t\u00e4m\u00e4 ei my\u00f6sk\u00e4\u00e4n vaikuta muihin opintojakson aktiviteetteihin, joten voit luoda esimerkiksi osan aktiviteeteista ryhm\u00e4t\u00f6in\u00e4 teht\u00e4viksi. Ryhm\u00e4palautus voi siis olla <strong>aktiviteettikohtainen<\/strong>. Ehtona ryhm\u00e4palautuksen toiminnalle on ryhmien muodostaminen opintojaksolle ja muutaman asetuksen muuttamisen aktiviteetissa, jotta ryhm\u00e4palautukset tulevat voimaan.<\/p>\n\n\n\n<p><strong>Ryhm\u00e4palautukset toimivat my\u00f6s edistymisen seurannassa n\u00e4ill\u00e4 asetuksilla:<\/strong><\/p>\n\n\n\n<p>HUOM! P\u00e4\u00e4set muokkaamaan aktiviteetin asetuksia klikkaamalla kolmea pistett\u00e4 aktiviteetin kohdalla ja valitsemalla <strong>Muokkaa asetuksia<\/strong>.<\/p>\n\n\n\n<ul class=\"wp-block-list\">\n<li><strong>Opiskelijat palauttavat ryhm\u00e4t\u00f6it\u00e4<\/strong> ja <strong>opiskelijan pit\u00e4\u00e4 olla ryhm\u00e4n j\u00e4sen<\/strong> -toiminnot pit\u00e4\u00e4 olla <strong>kyll\u00e4<\/strong>.<\/li>\n\n\n\n<li><strong>Kaikkien ryhm\u00e4l\u00e4isten pit\u00e4\u00e4 palauttaa<\/strong> pit\u00e4\u00e4 olla <strong>ei<\/strong>.<\/li>\n\n\n\n<li><strong>Ryhm\u00e4moodi<\/strong> pit\u00e4\u00e4 olla <strong>erilliset ryhm\u00e4t<\/strong>.<\/li>\n\n\n\n<li><strong>Suoritusten seurannan<\/strong> ehtona pit\u00e4\u00e4 olla <strong>palautus<\/strong>, mutta jos haluat ett\u00e4 teht\u00e4v\u00e4 voidaan my\u00f6s reputtaa hyv\u00e4ksymispisterajan mukaisesti ruksaa my\u00f6s <strong>arvosana<\/strong> -kohta.<\/li>\n<\/ul>\n\n\n\n<figure class=\"wp-block-image size-full is-resized\"><img loading=\"lazy\" decoding=\"async\" width=\"1297\" height=\"999\" src=\"https:\/\/esamksupport.samk.fi\/ohje\/wp-content\/uploads\/sites\/3\/2024\/07\/ryhmapalautukset-1-2.png\" alt=\"\" class=\"wp-image-3877\" style=\"width:933px;height:auto\" srcset=\"https:\/\/esamksupport.samk.fi\/ohje\/wp-content\/uploads\/sites\/3\/2024\/07\/ryhmapalautukset-1-2.png 1297w, https:\/\/esamksupport.samk.fi\/ohje\/wp-content\/uploads\/sites\/3\/2024\/07\/ryhmapalautukset-1-2-768x591.png 768w\" sizes=\"auto, (max-width: 1297px) 100vw, 1297px\" \/><\/figure>\n\n\n\n<p><\/p>\n\n\n\n<p><strong>Kurssiasetuksissa<\/strong> pit\u00e4\u00e4 olla m\u00e4\u00e4riteltyn\u00e4 ryhm\u00e4t, jotka l\u00f6ytyv\u00e4t kohdasta <strong>Osallistujat &gt; Ryhm\u00e4t<\/strong>.<\/p>\n\n\n\n<figure class=\"wp-block-image size-large\"><img loading=\"lazy\" decoding=\"async\" width=\"601\" height=\"378\" src=\"https:\/\/esamksupport.samk.fi\/ohje\/wp-content\/uploads\/sites\/3\/2024\/07\/ryhmapalautukset-2-601x378.png\" alt=\"\" class=\"wp-image-3878\" \/><\/figure>\n\n\n\n<p><\/p>\n\n\n\n<p>Jokaisessa ryhm\u00e4ss\u00e4 pit\u00e4isi olla enemm\u00e4n kuin kaksi henkil\u00f6\u00e4 ja kaikkien opintojaksolla olevien pit\u00e4\u00e4 olla jossakin ryhm\u00e4ss\u00e4, jotta ryhm\u00e4palautusta k\u00e4ytt\u00e4v\u00e4 aktiviteetti toimii oikein.<\/p>\n\n\n\n<ul class=\"wp-block-list\">\n<li>Voit lis\u00e4t\u00e4 ryhmiin j\u00e4seni\u00e4 valitsemalla <strong>luo ryhm\u00e4<\/strong>. Anna ryhm\u00e4lle nimi ja klikkaa <strong>tallenna muutokset<\/strong>.<\/li>\n\n\n\n<li>Valitse seuraavaksi <strong>Lis\u00e4\u00e4 \/ poista k\u00e4ytt\u00e4ji\u00e4<\/strong> &gt; valitse j\u00e4senet ryhm\u00e4\u00e4n.<\/li>\n<\/ul>\n\n\n\n<figure class=\"wp-block-image size-large is-resized\"><img loading=\"lazy\" decoding=\"async\" width=\"934\" height=\"776\" src=\"https:\/\/esamksupport.samk.fi\/ohje\/wp-content\/uploads\/sites\/3\/2024\/07\/ryhmapalautukset-3-934x776.png\" alt=\"\" class=\"wp-image-3879\" style=\"width:792px;height:auto\" srcset=\"https:\/\/esamksupport.samk.fi\/ohje\/wp-content\/uploads\/sites\/3\/2024\/07\/ryhmapalautukset-3.png 934w, https:\/\/esamksupport.samk.fi\/ohje\/wp-content\/uploads\/sites\/3\/2024\/07\/ryhmapalautukset-3-768x638.png 768w\" sizes=\"auto, (max-width: 934px) 100vw, 934px\" \/><\/figure>\n\n\n\n<p><\/p>\n\n\n\n<p>Jos joku opiskelijoista ei ole ryhm\u00e4ss\u00e4 aktiviteettia varten, aktiviteetin sivulle tulee virheilmoitus.<\/p>\n","protected":false},"excerpt":{"rendered":"<p>Opiskelijat voivat palauttaa teht\u00e4v\u00e4aktiviteeteissa t\u00f6it\u00e4\u00e4n my\u00f6s ryhm\u00e4palautuksina. T\u00e4ll\u00f6in riitt\u00e4\u00e4, ett\u00e4 vain yksi ryhm\u00e4n opiskelija on palauttanut teht\u00e4v\u00e4n ja saanut arvosanan t\u00e4st\u00e4, jolloin muut saavat my\u00f6s merkinn\u00e4n suorituksestaan. Kun ryhm\u00e4palautus on k\u00e4yt\u00f6ss\u00e4 aktiviteetissa t\u00e4m\u00e4 ei my\u00f6sk\u00e4\u00e4n vaikuta muihin opintojakson aktiviteetteihin, joten voit luoda esimerkiksi osan aktiviteeteista ryhm\u00e4t\u00f6in\u00e4 teht\u00e4viksi. Ryhm\u00e4palautus voi siis olla aktiviteettikohtainen. Ehtona ryhm\u00e4palautuksen toiminnalle on ryhmien muodostaminen opintojaksolle ja muutaman asetuksen muuttamisen aktiviteetissa, jotta ryhm\u00e4palautukset tulevat voimaan. Ryhm\u00e4palautukset toimivat my\u00f6s edistymisen seurannassa n\u00e4ill\u00e4 asetuksilla: HUOM! P\u00e4\u00e4set muokkaamaan aktiviteetin asetuksia klikkaamalla kolmea pistett\u00e4 aktiviteetin kohdalla ja valitsemalla Muokkaa asetuksia. Kurssiasetuksissa pit\u00e4\u00e4 olla m\u00e4\u00e4riteltyn\u00e4 ryhm\u00e4t, jotka l\u00f6ytyv\u00e4t kohdasta Osallistujat &gt; Ryhm\u00e4t. Jokaisessa ryhm\u00e4ss\u00e4 pit\u00e4isi olla enemm\u00e4n kuin kaksi henkil\u00f6\u00e4 ja kaikkien opintojaksolla olevien pit\u00e4\u00e4 olla jossakin ryhm\u00e4ss\u00e4, jotta ryhm\u00e4palautusta k\u00e4ytt\u00e4v\u00e4 aktiviteetti toimii oikein. Jos joku opiskelijoista ei ole ryhm\u00e4ss\u00e4 aktiviteettia varten, aktiviteetin sivulle tulee virheilmoitus.<\/p>\n","protected":false},"author":2,"featured_media":0,"parent":0,"menu_order":0,"comment_status":"closed","ping_status":"open","template":"","meta":{"footnotes":""},"class_list":["post-143","page","type-page","status-publish"],"_links":{"self":[{"href":"https:\/\/esamksupport.samk.fi\/ohje\/wp-json\/wp\/v2\/pages\/143","targetHints":{"allow":["GET"]}}],"collection":[{"href":"https:\/\/esamksupport.samk.fi\/ohje\/wp-json\/wp\/v2\/pages"}],"about":[{"href":"https:\/\/esamksupport.samk.fi\/ohje\/wp-json\/wp\/v2\/types\/page"}],"author":[{"embeddable":true,"href":"https:\/\/esamksupport.samk.fi\/ohje\/wp-json\/wp\/v2\/users\/2"}],"replies":[{"embeddable":true,"href":"https:\/\/esamksupport.samk.fi\/ohje\/wp-json\/wp\/v2\/comments?post=143"}],"version-history":[{"count":6,"href":"https:\/\/esamksupport.samk.fi\/ohje\/wp-json\/wp\/v2\/pages\/143\/revisions"}],"predecessor-version":[{"id":3982,"href":"https:\/\/esamksupport.samk.fi\/ohje\/wp-json\/wp\/v2\/pages\/143\/revisions\/3982"}],"wp:attachment":[{"href":"https:\/\/esamksupport.samk.fi\/ohje\/wp-json\/wp\/v2\/media?parent=143"}],"curies":[{"name":"wp","href":"https:\/\/api.w.org\/{rel}","templated":true}]}}