{"id":144,"date":"2019-06-19T09:04:15","date_gmt":"2019-06-19T06:04:15","guid":{"rendered":"https:\/\/esamksupport.samk.fi\/ohje\/?page_id=144"},"modified":"2024-07-15T11:03:30","modified_gmt":"2024-07-15T08:03:30","slug":"moodle-opettaja-kurssilla-muokkaustila","status":"publish","type":"page","link":"https:\/\/esamksupport.samk.fi\/ohje\/moodle-opettaja-kurssilla-muokkaustila\/","title":{"rendered":"Moodle &gt; Opettaja &gt; Kurssilla &gt; Muokkaustila"},"content":{"rendered":"\n<p>Muokkaustilassa pystyt tekem\u00e4\u00e4n muutoksia opintojaksollesi. Muokkaustilaan p\u00e4\u00e4set Moodlessa oikeassa yl\u00e4nurkassa olevasta <strong>Muokkaustila <\/strong>-painikkeesta. Muista muokkauksen j\u00e4lkeen laittaa my\u00f6s muokkaustila pois p\u00e4\u00e4lt\u00e4 samasta painikkeesta.<\/p>\n\n\n\n<figure class=\"wp-block-image size-1536x1536\"><img loading=\"lazy\" decoding=\"async\" width=\"1113\" height=\"213\" src=\"https:\/\/esamksupport.samk.fi\/ohje\/wp-content\/uploads\/sites\/3\/2024\/07\/Muokkaustila-1113x213.png\" alt=\"\" class=\"wp-image-3741\" srcset=\"https:\/\/esamksupport.samk.fi\/ohje\/wp-content\/uploads\/sites\/3\/2024\/07\/Muokkaustila.png 1113w, https:\/\/esamksupport.samk.fi\/ohje\/wp-content\/uploads\/sites\/3\/2024\/07\/Muokkaustila-768x146.png 768w\" sizes=\"auto, (max-width: 1113px) 100vw, 1113px\" \/><\/figure>\n","protected":false},"excerpt":{"rendered":"<p>Muokkaustilassa pystyt tekem\u00e4\u00e4n muutoksia opintojaksollesi. Muokkaustilaan p\u00e4\u00e4set Moodlessa oikeassa yl\u00e4nurkassa olevasta Muokkaustila -painikkeesta. Muista muokkauksen j\u00e4lkeen laittaa my\u00f6s muokkaustila pois p\u00e4\u00e4lt\u00e4 samasta painikkeesta.<\/p>\n","protected":false},"author":2,"featured_media":0,"parent":0,"menu_order":0,"comment_status":"closed","ping_status":"open","template":"","meta":{"footnotes":""},"class_list":["post-144","page","type-page","status-publish"],"_links":{"self":[{"href":"https:\/\/esamksupport.samk.fi\/ohje\/wp-json\/wp\/v2\/pages\/144","targetHints":{"allow":["GET"]}}],"collection":[{"href":"https:\/\/esamksupport.samk.fi\/ohje\/wp-json\/wp\/v2\/pages"}],"about":[{"href":"https:\/\/esamksupport.samk.fi\/ohje\/wp-json\/wp\/v2\/types\/page"}],"author":[{"embeddable":true,"href":"https:\/\/esamksupport.samk.fi\/ohje\/wp-json\/wp\/v2\/users\/2"}],"replies":[{"embeddable":true,"href":"https:\/\/esamksupport.samk.fi\/ohje\/wp-json\/wp\/v2\/comments?post=144"}],"version-history":[{"count":3,"href":"https:\/\/esamksupport.samk.fi\/ohje\/wp-json\/wp\/v2\/pages\/144\/revisions"}],"predecessor-version":[{"id":3742,"href":"https:\/\/esamksupport.samk.fi\/ohje\/wp-json\/wp\/v2\/pages\/144\/revisions\/3742"}],"wp:attachment":[{"href":"https:\/\/esamksupport.samk.fi\/ohje\/wp-json\/wp\/v2\/media?parent=144"}],"curies":[{"name":"wp","href":"https:\/\/api.w.org\/{rel}","templated":true}]}}