{"id":148,"date":"2019-06-19T09:05:33","date_gmt":"2019-06-19T06:05:33","guid":{"rendered":"https:\/\/esamksupport.samk.fi\/ohje\/?page_id=148"},"modified":"2024-08-05T08:44:57","modified_gmt":"2024-08-05T05:44:57","slug":"moodle-opettaja-kurssilla-arviointi","status":"publish","type":"page","link":"https:\/\/esamksupport.samk.fi\/ohje\/moodle-opettaja-kurssilla-arviointi\/","title":{"rendered":"Moodle &gt; Opettaja &gt; Yleist\u00e4 &gt; Arviointi"},"content":{"rendered":"\n<p>Arviointi on muuttunut jonkin verran aikaisemmasta Moodlen versiosta. T\u00e4m\u00e4 arviointi koskee l\u00e4hinn\u00e4 muita aktiviteetteja kuin tentti\u00e4. Tentin osiosta l\u00f6yd\u00e4t erikseen tietoa tentin arvioinnista.<\/p>\n\n\n\n<p>Arviointiin siirtyess\u00e4 Moodle luo automaattisesti palautuksesta yhten\u00e4isen, jota opettaja voi helposti selata ja johon h\u00e4n voi my\u00f6s tehd\u00e4 merkint\u00f6j\u00e4. Arviointiin p\u00e4\u00e4set aktiviteetin <strong>Arviointi <\/strong>-painikkeesta.<\/p>\n\n\n\n<figure class=\"wp-block-image size-large is-resized\"><img loading=\"lazy\" decoding=\"async\" width=\"1024\" height=\"1024\" src=\"https:\/\/esamksupport.samk.fi\/ohje\/wp-content\/uploads\/sites\/3\/2024\/07\/Arviointi-1-1024x1024.png\" alt=\"\" class=\"wp-image-3755\" style=\"width:606px;height:auto\" srcset=\"https:\/\/esamksupport.samk.fi\/ohje\/wp-content\/uploads\/sites\/3\/2024\/07\/Arviointi-1-1024x1024.png 1024w, https:\/\/esamksupport.samk.fi\/ohje\/wp-content\/uploads\/sites\/3\/2024\/07\/Arviointi-1-300x300.png 300w, https:\/\/esamksupport.samk.fi\/ohje\/wp-content\/uploads\/sites\/3\/2024\/07\/Arviointi-1-150x150.png 150w\" sizes=\"auto, (max-width: 1024px) 100vw, 1024px\" \/><\/figure>\n\n\n\n<p>N\u00e4et arvioinnissa oikealla ylh\u00e4\u00e4ll\u00e4 palautuksen tiedot, onko mit\u00e4\u00e4n palautettu\/suoritettu, milloin ja arvosanan.<\/p>\n\n\n\n<p>Kun olet sy\u00f6tt\u00e4nyt arviosi, paina <strong>tallenna ja n\u00e4yt\u00e4 seuraava<\/strong>.<\/p>\n","protected":false},"excerpt":{"rendered":"<p>Arviointi on muuttunut jonkin verran aikaisemmasta Moodlen versiosta. T\u00e4m\u00e4 arviointi koskee l\u00e4hinn\u00e4 muita aktiviteetteja kuin tentti\u00e4. Tentin osiosta l\u00f6yd\u00e4t erikseen tietoa tentin arvioinnista. Arviointiin siirtyess\u00e4 Moodle luo automaattisesti palautuksesta yhten\u00e4isen, jota opettaja voi helposti selata ja johon h\u00e4n voi my\u00f6s tehd\u00e4 merkint\u00f6j\u00e4. Arviointiin p\u00e4\u00e4set aktiviteetin Arviointi -painikkeesta. N\u00e4et arvioinnissa oikealla ylh\u00e4\u00e4ll\u00e4 palautuksen tiedot, onko mit\u00e4\u00e4n palautettu\/suoritettu, milloin ja arvosanan. Kun olet sy\u00f6tt\u00e4nyt arviosi, paina tallenna ja n\u00e4yt\u00e4 seuraava.<\/p>\n","protected":false},"author":2,"featured_media":0,"parent":0,"menu_order":0,"comment_status":"closed","ping_status":"open","template":"","meta":{"footnotes":""},"class_list":["post-148","page","type-page","status-publish"],"_links":{"self":[{"href":"https:\/\/esamksupport.samk.fi\/ohje\/wp-json\/wp\/v2\/pages\/148","targetHints":{"allow":["GET"]}}],"collection":[{"href":"https:\/\/esamksupport.samk.fi\/ohje\/wp-json\/wp\/v2\/pages"}],"about":[{"href":"https:\/\/esamksupport.samk.fi\/ohje\/wp-json\/wp\/v2\/types\/page"}],"author":[{"embeddable":true,"href":"https:\/\/esamksupport.samk.fi\/ohje\/wp-json\/wp\/v2\/users\/2"}],"replies":[{"embeddable":true,"href":"https:\/\/esamksupport.samk.fi\/ohje\/wp-json\/wp\/v2\/comments?post=148"}],"version-history":[{"count":8,"href":"https:\/\/esamksupport.samk.fi\/ohje\/wp-json\/wp\/v2\/pages\/148\/revisions"}],"predecessor-version":[{"id":3913,"href":"https:\/\/esamksupport.samk.fi\/ohje\/wp-json\/wp\/v2\/pages\/148\/revisions\/3913"}],"wp:attachment":[{"href":"https:\/\/esamksupport.samk.fi\/ohje\/wp-json\/wp\/v2\/media?parent=148"}],"curies":[{"name":"wp","href":"https:\/\/api.w.org\/{rel}","templated":true}]}}