{"id":151,"date":"2019-06-19T09:06:08","date_gmt":"2019-06-19T06:06:08","guid":{"rendered":"https:\/\/esamksupport.samk.fi\/ohje\/?page_id=151"},"modified":"2024-08-20T08:14:15","modified_gmt":"2024-08-20T05:14:15","slug":"moodle-opettaja-kurssilla-roskakori","status":"publish","type":"page","link":"https:\/\/esamksupport.samk.fi\/ohje\/moodle-opettaja-kurssilla-roskakori\/","title":{"rendered":"Moodle &gt; Opettaja &gt; Kurssilla &gt; Roskakori"},"content":{"rendered":"\n<p>Jos olet poistanut kurssilta aiemmin luodun aktiviteetin, voit palauttaa t\u00e4m\u00e4n Moodlen varmuuskopiovarastosta. T\u00e4m\u00e4 tapahtuu k\u00e4ytt\u00e4m\u00e4ll\u00e4 <strong>roskakoria<\/strong>. Poistetut aktiviteetit s\u00e4ilyv\u00e4t roskakorissa viikon ajan, jonka j\u00e4lkeen ne poistuvat pysyv\u00e4sti.<\/p>\n\n\n\n<p>Roskakorin l\u00f6yd\u00e4t kurssilta kohdasta <strong>Lis\u00e4\u00e4 &gt; roskakori<\/strong>.<\/p>\n\n\n\n<figure class=\"wp-block-image size-large is-resized\"><img loading=\"lazy\" decoding=\"async\" width=\"968\" height=\"491\" src=\"https:\/\/esamksupport.samk.fi\/ohje\/wp-content\/uploads\/sites\/3\/2024\/07\/Roskakori-1-968x491.png\" alt=\"\" class=\"wp-image-3870\" style=\"width:780px;height:auto\" srcset=\"https:\/\/esamksupport.samk.fi\/ohje\/wp-content\/uploads\/sites\/3\/2024\/07\/Roskakori-1.png 968w, https:\/\/esamksupport.samk.fi\/ohje\/wp-content\/uploads\/sites\/3\/2024\/07\/Roskakori-1-768x389.png 768w\" sizes=\"auto, (max-width: 968px) 100vw, 968px\" \/><\/figure>\n\n\n\n<p><strong>Roskakori n\u00e4ytt\u00e4\u00e4 t\u00e4lt\u00e4:<\/strong><\/p>\n\n\n\n<figure class=\"wp-block-image size-full is-resized\"><img loading=\"lazy\" decoding=\"async\" width=\"857\" height=\"376\" src=\"https:\/\/esamksupport.samk.fi\/ohje\/wp-content\/uploads\/sites\/3\/2024\/07\/Roskakori-2.png\" alt=\"\" class=\"wp-image-3872\" style=\"width:794px;height:auto\" srcset=\"https:\/\/esamksupport.samk.fi\/ohje\/wp-content\/uploads\/sites\/3\/2024\/07\/Roskakori-2.png 857w, https:\/\/esamksupport.samk.fi\/ohje\/wp-content\/uploads\/sites\/3\/2024\/07\/Roskakori-2-768x336.png 768w\" sizes=\"auto, (max-width: 857px) 100vw, 857px\" \/><\/figure>\n\n\n\n<p><\/p>\n","protected":false},"excerpt":{"rendered":"<p>Jos olet poistanut kurssilta aiemmin luodun aktiviteetin, voit palauttaa t\u00e4m\u00e4n Moodlen varmuuskopiovarastosta. T\u00e4m\u00e4 tapahtuu k\u00e4ytt\u00e4m\u00e4ll\u00e4 roskakoria. Poistetut aktiviteetit s\u00e4ilyv\u00e4t roskakorissa viikon ajan, jonka j\u00e4lkeen ne poistuvat pysyv\u00e4sti. Roskakorin l\u00f6yd\u00e4t kurssilta kohdasta Lis\u00e4\u00e4 &gt; roskakori. Roskakori n\u00e4ytt\u00e4\u00e4 t\u00e4lt\u00e4:<\/p>\n","protected":false},"author":2,"featured_media":0,"parent":0,"menu_order":0,"comment_status":"closed","ping_status":"open","template":"","meta":{"footnotes":""},"class_list":["post-151","page","type-page","status-publish"],"_links":{"self":[{"href":"https:\/\/esamksupport.samk.fi\/ohje\/wp-json\/wp\/v2\/pages\/151","targetHints":{"allow":["GET"]}}],"collection":[{"href":"https:\/\/esamksupport.samk.fi\/ohje\/wp-json\/wp\/v2\/pages"}],"about":[{"href":"https:\/\/esamksupport.samk.fi\/ohje\/wp-json\/wp\/v2\/types\/page"}],"author":[{"embeddable":true,"href":"https:\/\/esamksupport.samk.fi\/ohje\/wp-json\/wp\/v2\/users\/2"}],"replies":[{"embeddable":true,"href":"https:\/\/esamksupport.samk.fi\/ohje\/wp-json\/wp\/v2\/comments?post=151"}],"version-history":[{"count":7,"href":"https:\/\/esamksupport.samk.fi\/ohje\/wp-json\/wp\/v2\/pages\/151\/revisions"}],"predecessor-version":[{"id":3985,"href":"https:\/\/esamksupport.samk.fi\/ohje\/wp-json\/wp\/v2\/pages\/151\/revisions\/3985"}],"wp:attachment":[{"href":"https:\/\/esamksupport.samk.fi\/ohje\/wp-json\/wp\/v2\/media?parent=151"}],"curies":[{"name":"wp","href":"https:\/\/api.w.org\/{rel}","templated":true}]}}