{"id":152,"date":"2019-06-19T09:06:22","date_gmt":"2019-06-19T06:06:22","guid":{"rendered":"https:\/\/esamksupport.samk.fi\/ohje\/?page_id=152"},"modified":"2024-07-12T11:26:47","modified_gmt":"2024-07-12T08:26:47","slug":"moodle-opettaja-kurssilla-uutinen","status":"publish","type":"page","link":"https:\/\/esamksupport.samk.fi\/ohje\/moodle-opettaja-kurssilla-uutinen\/","title":{"rendered":"Moodle &gt; Opettaja &gt; Kurssilla &gt; Uutinen"},"content":{"rendered":"\n<p>Uutisilla pystyt tiedottamaan opintojakson osallistujille kaikenlaisista ajankohtaisista asioista. Uutislohkon p\u00e4\u00e4set lis\u00e4\u00e4m\u00e4\u00e4n opintojaksolle muokkaustilassa. Uutisissa pit\u00e4\u00e4 kuitenkin huomioida, ett\u00e4 opiskelija pystyy poistamaan viestitilauksensa uutisista, jolloin Moodlesta ei tule h\u00e4nelle viestej\u00e4 s\u00e4hk\u00f6postiin, mutta h\u00e4n pystyy kuitenkin lukemaan n\u00e4m\u00e4 Moodlessa.<\/p>\n\n\n\n<p>Uutislohkon p\u00e4\u00e4set lis\u00e4\u00e4m\u00e4\u00e4n &#8221;Lis\u00e4\u00e4 lohko&#8221; -kohdasta, valitsemalla listasta <strong>Viimeisimm\u00e4t uutiset<\/strong>.<\/p>\n\n\n\n<figure class=\"wp-block-image size-1536x1536 is-resized\"><img loading=\"lazy\" decoding=\"async\" width=\"1222\" height=\"720\" src=\"https:\/\/esamksupport.samk.fi\/ohje\/wp-content\/uploads\/sites\/3\/2024\/07\/Uutinen1-1222x720.png\" alt=\"\" class=\"wp-image-3713\" style=\"width:781px;height:auto\" srcset=\"https:\/\/esamksupport.samk.fi\/ohje\/wp-content\/uploads\/sites\/3\/2024\/07\/Uutinen1.png 1222w, https:\/\/esamksupport.samk.fi\/ohje\/wp-content\/uploads\/sites\/3\/2024\/07\/Uutinen1-768x452.png 768w\" sizes=\"auto, (max-width: 1222px) 100vw, 1222px\" \/><\/figure>\n\n\n\n<p>Lis\u00e4\u00e4 uusi uutinen &#8221;Viimeisimm\u00e4t uutiset&#8221; -lohkon kohdasta &#8221;Lis\u00e4\u00e4 uusi aihe&#8221;<\/p>\n\n\n\n<figure class=\"wp-block-image size-large is-resized\"><img loading=\"lazy\" decoding=\"async\" width=\"288\" height=\"489\" src=\"https:\/\/esamksupport.samk.fi\/ohje\/wp-content\/uploads\/sites\/3\/2024\/07\/Uutinen2-288x489.png\" alt=\"\" class=\"wp-image-3714\" style=\"width:216px;height:auto\" \/><\/figure>\n","protected":false},"excerpt":{"rendered":"<p>Uutisilla pystyt tiedottamaan opintojakson osallistujille kaikenlaisista ajankohtaisista asioista. Uutislohkon p\u00e4\u00e4set lis\u00e4\u00e4m\u00e4\u00e4n opintojaksolle muokkaustilassa. Uutisissa pit\u00e4\u00e4 kuitenkin huomioida, ett\u00e4 opiskelija pystyy poistamaan viestitilauksensa uutisista, jolloin Moodlesta ei tule h\u00e4nelle viestej\u00e4 s\u00e4hk\u00f6postiin, mutta h\u00e4n pystyy kuitenkin lukemaan n\u00e4m\u00e4 Moodlessa. Uutislohkon p\u00e4\u00e4set lis\u00e4\u00e4m\u00e4\u00e4n &#8221;Lis\u00e4\u00e4 lohko&#8221; -kohdasta, valitsemalla listasta Viimeisimm\u00e4t uutiset. Lis\u00e4\u00e4 uusi uutinen &#8221;Viimeisimm\u00e4t uutiset&#8221; -lohkon kohdasta &#8221;Lis\u00e4\u00e4 uusi aihe&#8221;<\/p>\n","protected":false},"author":2,"featured_media":0,"parent":0,"menu_order":0,"comment_status":"closed","ping_status":"open","template":"","meta":{"footnotes":""},"class_list":["post-152","page","type-page","status-publish"],"_links":{"self":[{"href":"https:\/\/esamksupport.samk.fi\/ohje\/wp-json\/wp\/v2\/pages\/152","targetHints":{"allow":["GET"]}}],"collection":[{"href":"https:\/\/esamksupport.samk.fi\/ohje\/wp-json\/wp\/v2\/pages"}],"about":[{"href":"https:\/\/esamksupport.samk.fi\/ohje\/wp-json\/wp\/v2\/types\/page"}],"author":[{"embeddable":true,"href":"https:\/\/esamksupport.samk.fi\/ohje\/wp-json\/wp\/v2\/users\/2"}],"replies":[{"embeddable":true,"href":"https:\/\/esamksupport.samk.fi\/ohje\/wp-json\/wp\/v2\/comments?post=152"}],"version-history":[{"count":3,"href":"https:\/\/esamksupport.samk.fi\/ohje\/wp-json\/wp\/v2\/pages\/152\/revisions"}],"predecessor-version":[{"id":3716,"href":"https:\/\/esamksupport.samk.fi\/ohje\/wp-json\/wp\/v2\/pages\/152\/revisions\/3716"}],"wp:attachment":[{"href":"https:\/\/esamksupport.samk.fi\/ohje\/wp-json\/wp\/v2\/media?parent=152"}],"curies":[{"name":"wp","href":"https:\/\/api.w.org\/{rel}","templated":true}]}}