{"id":161,"date":"2019-06-19T09:08:01","date_gmt":"2019-06-19T06:08:01","guid":{"rendered":"https:\/\/esamksupport.samk.fi\/ohje\/?page_id=161"},"modified":"2024-07-11T15:04:31","modified_gmt":"2024-07-11T12:04:31","slug":"moodle-opettaja-aineistot-kansio","status":"publish","type":"page","link":"https:\/\/esamksupport.samk.fi\/ohje\/moodle-opettaja-aineistot-kansio\/","title":{"rendered":"Moodle &gt; Opettaja &gt; Aineistot &gt; Kansio"},"content":{"rendered":"\n<p>Kansio helpottaa useiden tiedostojen ker\u00e4\u00e4mist\u00e4 yhteen paikkaan, joka v\u00e4hent\u00e4\u00e4 tilantarvetta toteutuksella. Sen sijaan, ett\u00e4 lis\u00e4isit pohjaan monia tiedostoja, voit tehd\u00e4 sinne kansion, johon lis\u00e4\u00e4t kaikki haluamasi tiedostot.<\/p>\n\n\n\n<p>Voit tuoda tiedostot pakattuna ja purkaa ne Moodlessa &#8211; tai luoda tyhj\u00e4n kansion ja tuoda siihen tiedostoja.<\/p>\n\n\n\n<p>Laita muokkaustila p\u00e4\u00e4lle -&gt; Lis\u00e4\u00e4 aktiviteetti tai aineisto -&gt; valitse aineistot-v\u00e4lilehdelt\u00e4 <strong>Kansio<\/strong>.<\/p>\n\n\n\n<figure class=\"wp-block-image size-large is-resized\"><img loading=\"lazy\" decoding=\"async\" width=\"1024\" height=\"1024\" src=\"https:\/\/esamksupport.samk.fi\/ohje\/wp-content\/uploads\/sites\/3\/2024\/07\/Kansio1-1024x1024.png\" alt=\"\" class=\"wp-image-3681\" style=\"width:475px;height:auto\" srcset=\"https:\/\/esamksupport.samk.fi\/ohje\/wp-content\/uploads\/sites\/3\/2024\/07\/Kansio1-1024x1024.png 1024w, https:\/\/esamksupport.samk.fi\/ohje\/wp-content\/uploads\/sites\/3\/2024\/07\/Kansio1-300x300.png 300w, https:\/\/esamksupport.samk.fi\/ohje\/wp-content\/uploads\/sites\/3\/2024\/07\/Kansio1-150x150.png 150w\" sizes=\"auto, (max-width: 1024px) 100vw, 1024px\" \/><\/figure>\n\n\n\n<p><\/p>\n\n\n\n<p>Kansiolle pit\u00e4\u00e4 m\u00e4\u00e4ritt\u00e4\u00e4 nimi ja halutessaan kuvaus. <strong>Tiedostot <\/strong>-kohdassa voit lis\u00e4t\u00e4 kansioon haluamasi tiedoston \/ tiedostoja.<\/p>\n\n\n\n<figure class=\"wp-block-image size-1536x1536 is-resized\"><img loading=\"lazy\" decoding=\"async\" width=\"1068\" height=\"936\" src=\"https:\/\/esamksupport.samk.fi\/ohje\/wp-content\/uploads\/sites\/3\/2024\/07\/Kansio-2-1068x936.png\" alt=\"\" class=\"wp-image-3683\" style=\"width:699px;height:auto\" srcset=\"https:\/\/esamksupport.samk.fi\/ohje\/wp-content\/uploads\/sites\/3\/2024\/07\/Kansio-2.png 1068w, https:\/\/esamksupport.samk.fi\/ohje\/wp-content\/uploads\/sites\/3\/2024\/07\/Kansio-2-768x673.png 768w\" sizes=\"auto, (max-width: 1068px) 100vw, 1068px\" \/><\/figure>\n\n\n\n<p><strong>Valmis kansio n\u00e4ytt\u00e4\u00e4 t\u00e4lt\u00e4:<\/strong><\/p>\n\n\n\n<figure class=\"wp-block-image size-large is-resized\"><img loading=\"lazy\" decoding=\"async\" width=\"1020\" height=\"496\" src=\"https:\/\/esamksupport.samk.fi\/ohje\/wp-content\/uploads\/sites\/3\/2024\/07\/Screenshot-2024-07-11-150217-1020x496.png\" alt=\"\" class=\"wp-image-3684\" style=\"width:742px;height:auto\" srcset=\"https:\/\/esamksupport.samk.fi\/ohje\/wp-content\/uploads\/sites\/3\/2024\/07\/Screenshot-2024-07-11-150217.png 1020w, https:\/\/esamksupport.samk.fi\/ohje\/wp-content\/uploads\/sites\/3\/2024\/07\/Screenshot-2024-07-11-150217-768x373.png 768w\" sizes=\"auto, (max-width: 1020px) 100vw, 1020px\" \/><\/figure>\n","protected":false},"excerpt":{"rendered":"<p>Kansio helpottaa useiden tiedostojen ker\u00e4\u00e4mist\u00e4 yhteen paikkaan, joka v\u00e4hent\u00e4\u00e4 tilantarvetta toteutuksella. Sen sijaan, ett\u00e4 lis\u00e4isit pohjaan monia tiedostoja, voit tehd\u00e4 sinne kansion, johon lis\u00e4\u00e4t kaikki haluamasi tiedostot. Voit tuoda tiedostot pakattuna ja purkaa ne Moodlessa &#8211; tai luoda tyhj\u00e4n kansion ja tuoda siihen tiedostoja. Laita muokkaustila p\u00e4\u00e4lle -&gt; Lis\u00e4\u00e4 aktiviteetti tai aineisto -&gt; valitse aineistot-v\u00e4lilehdelt\u00e4 Kansio. Kansiolle pit\u00e4\u00e4 m\u00e4\u00e4ritt\u00e4\u00e4 nimi ja halutessaan kuvaus. Tiedostot -kohdassa voit lis\u00e4t\u00e4 kansioon haluamasi tiedoston \/ tiedostoja. Valmis kansio n\u00e4ytt\u00e4\u00e4 t\u00e4lt\u00e4:<\/p>\n","protected":false},"author":2,"featured_media":0,"parent":0,"menu_order":0,"comment_status":"closed","ping_status":"open","template":"","meta":{"footnotes":""},"class_list":["post-161","page","type-page","status-publish"],"_links":{"self":[{"href":"https:\/\/esamksupport.samk.fi\/ohje\/wp-json\/wp\/v2\/pages\/161","targetHints":{"allow":["GET"]}}],"collection":[{"href":"https:\/\/esamksupport.samk.fi\/ohje\/wp-json\/wp\/v2\/pages"}],"about":[{"href":"https:\/\/esamksupport.samk.fi\/ohje\/wp-json\/wp\/v2\/types\/page"}],"author":[{"embeddable":true,"href":"https:\/\/esamksupport.samk.fi\/ohje\/wp-json\/wp\/v2\/users\/2"}],"replies":[{"embeddable":true,"href":"https:\/\/esamksupport.samk.fi\/ohje\/wp-json\/wp\/v2\/comments?post=161"}],"version-history":[{"count":4,"href":"https:\/\/esamksupport.samk.fi\/ohje\/wp-json\/wp\/v2\/pages\/161\/revisions"}],"predecessor-version":[{"id":3685,"href":"https:\/\/esamksupport.samk.fi\/ohje\/wp-json\/wp\/v2\/pages\/161\/revisions\/3685"}],"wp:attachment":[{"href":"https:\/\/esamksupport.samk.fi\/ohje\/wp-json\/wp\/v2\/media?parent=161"}],"curies":[{"name":"wp","href":"https:\/\/api.w.org\/{rel}","templated":true}]}}