{"id":163,"date":"2019-06-19T09:08:22","date_gmt":"2019-06-19T06:08:22","guid":{"rendered":"https:\/\/esamksupport.samk.fi\/ohje\/?page_id=163"},"modified":"2024-07-16T09:37:43","modified_gmt":"2024-07-16T06:37:43","slug":"moodle-opettaja-aineistot-kirja","status":"publish","type":"page","link":"https:\/\/esamksupport.samk.fi\/ohje\/moodle-opettaja-aineistot-kirja\/","title":{"rendered":"Moodle &gt; Opettaja &gt; Aineistot &gt; Kirja"},"content":{"rendered":"\n<p>Kirja-ty\u00f6kalu toimii samalla tavalla kuin edellisess\u00e4kin Moodlen versiossa. T\u00e4ll\u00e4 aktiviteetilla kykenet luomaan monisivuisia materiaaleja kirjamaiseen muotoon, eli j\u00e4sent\u00e4m\u00e4\u00e4n teksti\u00e4 lukuihin ja alalukuihin. Kirja voi sis\u00e4lt\u00e4\u00e4 puhtaan tekstin lis\u00e4ksi my\u00f6s multimediatiedostoja. Kaikkiaan kyseinen ty\u00f6kalu on hy\u00f6dyllinen muun muassa osiin jaettavien pitkien ohjeiden ja muun vastaavan materiaalin esitt\u00e4miseen.<\/p>\n\n\n\n<p>K\u00e4ytt\u00f6kohteita esimerkiksi:<\/p>\n\n\n\n<ul class=\"wp-block-list\">\n<li>luentomateriaalit<\/li>\n\n\n\n<li>henkil\u00f6kunnan k\u00e4sikirjat<\/li>\n\n\n\n<li>muut ohjeet ja dokumentit<br><\/li>\n<\/ul>\n\n\n\n<p>Kun lis\u00e4\u00e4t uuden kirja-aineiston, asetusten m\u00e4\u00e4rittelyn j\u00e4lkeen siirryt uuden luvun sivulle automaattisesti. Voit lis\u00e4t\u00e4 alalukuja kirjaan, sek\u00e4 liitt\u00e4\u00e4 muuta mediaa tekstin lis\u00e4ksi sivuille.<\/p>\n\n\n\n<figure class=\"wp-block-image size-1536x1536\"><img loading=\"lazy\" decoding=\"async\" width=\"1025\" height=\"479\" src=\"https:\/\/esamksupport.samk.fi\/ohje\/wp-content\/uploads\/sites\/3\/2024\/07\/Kirja-1025x479.png\" alt=\"\" class=\"wp-image-3769\" srcset=\"https:\/\/esamksupport.samk.fi\/ohje\/wp-content\/uploads\/sites\/3\/2024\/07\/Kirja.png 1025w, https:\/\/esamksupport.samk.fi\/ohje\/wp-content\/uploads\/sites\/3\/2024\/07\/Kirja-768x358.png 768w\" sizes=\"auto, (max-width: 1025px) 100vw, 1025px\" \/><\/figure>\n","protected":false},"excerpt":{"rendered":"<p>Kirja-ty\u00f6kalu toimii samalla tavalla kuin edellisess\u00e4kin Moodlen versiossa. T\u00e4ll\u00e4 aktiviteetilla kykenet luomaan monisivuisia materiaaleja kirjamaiseen muotoon, eli j\u00e4sent\u00e4m\u00e4\u00e4n teksti\u00e4 lukuihin ja alalukuihin. Kirja voi sis\u00e4lt\u00e4\u00e4 puhtaan tekstin lis\u00e4ksi my\u00f6s multimediatiedostoja. Kaikkiaan kyseinen ty\u00f6kalu on hy\u00f6dyllinen muun muassa osiin jaettavien pitkien ohjeiden ja muun vastaavan materiaalin esitt\u00e4miseen. K\u00e4ytt\u00f6kohteita esimerkiksi: Kun lis\u00e4\u00e4t uuden kirja-aineiston, asetusten m\u00e4\u00e4rittelyn j\u00e4lkeen siirryt uuden luvun sivulle automaattisesti. Voit lis\u00e4t\u00e4 alalukuja kirjaan, sek\u00e4 liitt\u00e4\u00e4 muuta mediaa tekstin lis\u00e4ksi sivuille.<\/p>\n","protected":false},"author":2,"featured_media":0,"parent":0,"menu_order":0,"comment_status":"closed","ping_status":"open","template":"","meta":{"footnotes":""},"class_list":["post-163","page","type-page","status-publish"],"_links":{"self":[{"href":"https:\/\/esamksupport.samk.fi\/ohje\/wp-json\/wp\/v2\/pages\/163","targetHints":{"allow":["GET"]}}],"collection":[{"href":"https:\/\/esamksupport.samk.fi\/ohje\/wp-json\/wp\/v2\/pages"}],"about":[{"href":"https:\/\/esamksupport.samk.fi\/ohje\/wp-json\/wp\/v2\/types\/page"}],"author":[{"embeddable":true,"href":"https:\/\/esamksupport.samk.fi\/ohje\/wp-json\/wp\/v2\/users\/2"}],"replies":[{"embeddable":true,"href":"https:\/\/esamksupport.samk.fi\/ohje\/wp-json\/wp\/v2\/comments?post=163"}],"version-history":[{"count":3,"href":"https:\/\/esamksupport.samk.fi\/ohje\/wp-json\/wp\/v2\/pages\/163\/revisions"}],"predecessor-version":[{"id":3771,"href":"https:\/\/esamksupport.samk.fi\/ohje\/wp-json\/wp\/v2\/pages\/163\/revisions\/3771"}],"wp:attachment":[{"href":"https:\/\/esamksupport.samk.fi\/ohje\/wp-json\/wp\/v2\/media?parent=163"}],"curies":[{"name":"wp","href":"https:\/\/api.w.org\/{rel}","templated":true}]}}