{"id":164,"date":"2019-06-19T09:08:36","date_gmt":"2019-06-19T06:08:36","guid":{"rendered":"https:\/\/esamksupport.samk.fi\/ohje\/?page_id=164"},"modified":"2024-07-16T10:22:19","modified_gmt":"2024-07-16T07:22:19","slug":"moodle-opettaja-aineistot-ohjeteksti","status":"publish","type":"page","link":"https:\/\/esamksupport.samk.fi\/ohje\/moodle-opettaja-aineistot-ohjeteksti\/","title":{"rendered":"Moodle &gt; Opettaja &gt; Aineistot &gt; Ohjeteksti"},"content":{"rendered":"\n<p>Ohjeteksti ei varsinaisesti ole aineisto, vaan teksti\u00e4 ja kuvia, joita voi lis\u00e4t\u00e4 kurssialueen sis\u00e4lt\u00f6lohkoihin. Pikemminkin kyse on siis er\u00e4\u00e4nlaisesta lis\u00e4informaatiosta aihetta koskien. Voit my\u00f6s hy\u00f6dynt\u00e4\u00e4 t\u00e4t\u00e4 lohkon ryhmittelyn apuv\u00e4lineen\u00e4.<\/p>\n\n\n\n<figure class=\"wp-block-image size-large is-resized\"><img loading=\"lazy\" decoding=\"async\" width=\"820\" height=\"685\" src=\"https:\/\/esamksupport.samk.fi\/ohje\/wp-content\/uploads\/sites\/3\/2024\/07\/Teksti-1-820x685.png\" alt=\"\" class=\"wp-image-3772\" style=\"width:699px;height:auto\" srcset=\"https:\/\/esamksupport.samk.fi\/ohje\/wp-content\/uploads\/sites\/3\/2024\/07\/Teksti-1.png 820w, https:\/\/esamksupport.samk.fi\/ohje\/wp-content\/uploads\/sites\/3\/2024\/07\/Teksti-1-768x641.png 768w\" sizes=\"auto, (max-width: 820px) 100vw, 820px\" \/><\/figure>\n\n\n\n<p>Ohjeteksti n\u00e4ytt\u00e4\u00e4 kurssilla t\u00e4lt\u00e4:<\/p>\n\n\n\n<figure class=\"wp-block-image size-large is-resized\"><img loading=\"lazy\" decoding=\"async\" width=\"784\" height=\"609\" src=\"https:\/\/esamksupport.samk.fi\/ohje\/wp-content\/uploads\/sites\/3\/2024\/07\/Teksti-2-784x609.png\" alt=\"\" class=\"wp-image-3774\" style=\"width:683px;height:auto\" srcset=\"https:\/\/esamksupport.samk.fi\/ohje\/wp-content\/uploads\/sites\/3\/2024\/07\/Teksti-2.png 784w, https:\/\/esamksupport.samk.fi\/ohje\/wp-content\/uploads\/sites\/3\/2024\/07\/Teksti-2-768x596.png 768w\" sizes=\"auto, (max-width: 784px) 100vw, 784px\" \/><\/figure>\n","protected":false},"excerpt":{"rendered":"<p>Ohjeteksti ei varsinaisesti ole aineisto, vaan teksti\u00e4 ja kuvia, joita voi lis\u00e4t\u00e4 kurssialueen sis\u00e4lt\u00f6lohkoihin. Pikemminkin kyse on siis er\u00e4\u00e4nlaisesta lis\u00e4informaatiosta aihetta koskien. Voit my\u00f6s hy\u00f6dynt\u00e4\u00e4 t\u00e4t\u00e4 lohkon ryhmittelyn apuv\u00e4lineen\u00e4. Ohjeteksti n\u00e4ytt\u00e4\u00e4 kurssilla t\u00e4lt\u00e4:<\/p>\n","protected":false},"author":2,"featured_media":0,"parent":0,"menu_order":0,"comment_status":"closed","ping_status":"open","template":"","meta":{"footnotes":""},"class_list":["post-164","page","type-page","status-publish"],"_links":{"self":[{"href":"https:\/\/esamksupport.samk.fi\/ohje\/wp-json\/wp\/v2\/pages\/164","targetHints":{"allow":["GET"]}}],"collection":[{"href":"https:\/\/esamksupport.samk.fi\/ohje\/wp-json\/wp\/v2\/pages"}],"about":[{"href":"https:\/\/esamksupport.samk.fi\/ohje\/wp-json\/wp\/v2\/types\/page"}],"author":[{"embeddable":true,"href":"https:\/\/esamksupport.samk.fi\/ohje\/wp-json\/wp\/v2\/users\/2"}],"replies":[{"embeddable":true,"href":"https:\/\/esamksupport.samk.fi\/ohje\/wp-json\/wp\/v2\/comments?post=164"}],"version-history":[{"count":3,"href":"https:\/\/esamksupport.samk.fi\/ohje\/wp-json\/wp\/v2\/pages\/164\/revisions"}],"predecessor-version":[{"id":3775,"href":"https:\/\/esamksupport.samk.fi\/ohje\/wp-json\/wp\/v2\/pages\/164\/revisions\/3775"}],"wp:attachment":[{"href":"https:\/\/esamksupport.samk.fi\/ohje\/wp-json\/wp\/v2\/media?parent=164"}],"curies":[{"name":"wp","href":"https:\/\/api.w.org\/{rel}","templated":true}]}}