{"id":167,"date":"2019-06-19T09:09:19","date_gmt":"2019-06-19T06:09:19","guid":{"rendered":"https:\/\/esamksupport.samk.fi\/ohje\/?page_id=167"},"modified":"2024-07-16T11:04:34","modified_gmt":"2024-07-16T08:04:34","slug":"moodle-opettaja-aineistot-tiedosto","status":"publish","type":"page","link":"https:\/\/esamksupport.samk.fi\/ohje\/moodle-opettaja-aineistot-tiedosto\/","title":{"rendered":"Moodle &gt; Opettaja &gt; Aineistot &gt; Tiedosto"},"content":{"rendered":"\n<p>Tiedostoa k\u00e4ytet\u00e4\u00e4n tiedostomuotoon katsomatta eritt\u00e4in paljon. Er\u00e4s merkitt\u00e4vimmist\u00e4 k\u00e4ytt\u00f6tavoista on tiedosto tenttimateriaalina. Huomioithan kuitenkin, ett\u00e4 tietyn muotoiset tiedostot saattavat vaatia erillist\u00e4 sovellusta, jota opiskelijalla ei v\u00e4ltt\u00e4m\u00e4tt\u00e4 ole.<\/p>\n\n\n\n<p>Voit lis\u00e4t\u00e4 haluamasi tiedostot raahaamalla ne suoraan toteutukseen:<\/p>\n\n\n\n<figure class=\"wp-block-image size-full is-resized\"><img loading=\"lazy\" decoding=\"async\" width=\"1008\" height=\"869\" src=\"https:\/\/esamksupport.samk.fi\/ohje\/wp-content\/uploads\/sites\/3\/2024\/07\/Tiedosto-1.png\" alt=\"\" class=\"wp-image-3780\" style=\"width:823px;height:auto\" srcset=\"https:\/\/esamksupport.samk.fi\/ohje\/wp-content\/uploads\/sites\/3\/2024\/07\/Tiedosto-1.png 1008w, https:\/\/esamksupport.samk.fi\/ohje\/wp-content\/uploads\/sites\/3\/2024\/07\/Tiedosto-1-768x662.png 768w\" sizes=\"auto, (max-width: 1008px) 100vw, 1008px\" \/><\/figure>\n\n\n\n<p>Raahaamalla yksitt\u00e4isen tiedoston tai lis\u00e4\u00e4m\u00e4ll\u00e4 <strong>Lis\u00e4\u00e4 aktiviteetti tai aineisto<\/strong> -painikkeen kautta yhden tiedoston opintojaksolle, muodostuu opintojakson etusivulle linkki tiedostoon.<\/p>\n\n\n\n<p>Jos lis\u00e4\u00e4t painikkeen kautta taas useampia tiedostoja, linkki johtaa viimeisen\u00e4 liitettyyn tiedostoon (joka on nyt ns. p\u00e4\u00e4tiedosto). T\u00e4m\u00e4n vuoksi useamman tiedoston jakamista varten kannattaa k\u00e4ytt\u00e4\u00e4 Kansio -aineistoa mieluiten.<\/p>\n\n\n\n<p>Tiedosto n\u00e4ytt\u00e4\u00e4 kurssilla t\u00e4lt\u00e4:<\/p>\n\n\n\n<figure class=\"wp-block-image size-large is-resized\"><img loading=\"lazy\" decoding=\"async\" width=\"877\" height=\"639\" src=\"https:\/\/esamksupport.samk.fi\/ohje\/wp-content\/uploads\/sites\/3\/2024\/07\/Tiedosto-2-1-877x639.png\" alt=\"\" class=\"wp-image-3783\" style=\"width:729px;height:auto\" srcset=\"https:\/\/esamksupport.samk.fi\/ohje\/wp-content\/uploads\/sites\/3\/2024\/07\/Tiedosto-2-1.png 877w, https:\/\/esamksupport.samk.fi\/ohje\/wp-content\/uploads\/sites\/3\/2024\/07\/Tiedosto-2-1-768x559.png 768w\" sizes=\"auto, (max-width: 877px) 100vw, 877px\" \/><\/figure>\n","protected":false},"excerpt":{"rendered":"<p>Tiedostoa k\u00e4ytet\u00e4\u00e4n tiedostomuotoon katsomatta eritt\u00e4in paljon. Er\u00e4s merkitt\u00e4vimmist\u00e4 k\u00e4ytt\u00f6tavoista on tiedosto tenttimateriaalina. Huomioithan kuitenkin, ett\u00e4 tietyn muotoiset tiedostot saattavat vaatia erillist\u00e4 sovellusta, jota opiskelijalla ei v\u00e4ltt\u00e4m\u00e4tt\u00e4 ole. Voit lis\u00e4t\u00e4 haluamasi tiedostot raahaamalla ne suoraan toteutukseen: Raahaamalla yksitt\u00e4isen tiedoston tai lis\u00e4\u00e4m\u00e4ll\u00e4 Lis\u00e4\u00e4 aktiviteetti tai aineisto -painikkeen kautta yhden tiedoston opintojaksolle, muodostuu opintojakson etusivulle linkki tiedostoon. Jos lis\u00e4\u00e4t painikkeen kautta taas useampia tiedostoja, linkki johtaa viimeisen\u00e4 liitettyyn tiedostoon (joka on nyt ns. p\u00e4\u00e4tiedosto). T\u00e4m\u00e4n vuoksi useamman tiedoston jakamista varten kannattaa k\u00e4ytt\u00e4\u00e4 Kansio -aineistoa mieluiten. Tiedosto n\u00e4ytt\u00e4\u00e4 kurssilla t\u00e4lt\u00e4:<\/p>\n","protected":false},"author":2,"featured_media":0,"parent":0,"menu_order":0,"comment_status":"closed","ping_status":"open","template":"","meta":{"footnotes":""},"class_list":["post-167","page","type-page","status-publish"],"_links":{"self":[{"href":"https:\/\/esamksupport.samk.fi\/ohje\/wp-json\/wp\/v2\/pages\/167","targetHints":{"allow":["GET"]}}],"collection":[{"href":"https:\/\/esamksupport.samk.fi\/ohje\/wp-json\/wp\/v2\/pages"}],"about":[{"href":"https:\/\/esamksupport.samk.fi\/ohje\/wp-json\/wp\/v2\/types\/page"}],"author":[{"embeddable":true,"href":"https:\/\/esamksupport.samk.fi\/ohje\/wp-json\/wp\/v2\/users\/2"}],"replies":[{"embeddable":true,"href":"https:\/\/esamksupport.samk.fi\/ohje\/wp-json\/wp\/v2\/comments?post=167"}],"version-history":[{"count":3,"href":"https:\/\/esamksupport.samk.fi\/ohje\/wp-json\/wp\/v2\/pages\/167\/revisions"}],"predecessor-version":[{"id":3784,"href":"https:\/\/esamksupport.samk.fi\/ohje\/wp-json\/wp\/v2\/pages\/167\/revisions\/3784"}],"wp:attachment":[{"href":"https:\/\/esamksupport.samk.fi\/ohje\/wp-json\/wp\/v2\/media?parent=167"}],"curies":[{"name":"wp","href":"https:\/\/api.w.org\/{rel}","templated":true}]}}