{"id":168,"date":"2019-06-19T09:09:07","date_gmt":"2019-06-19T06:09:07","guid":{"rendered":"https:\/\/esamksupport.samk.fi\/ohje\/?page_id=168"},"modified":"2024-07-16T10:44:17","modified_gmt":"2024-07-16T07:44:17","slug":"moodle-opettaja-aineistot-sivu","status":"publish","type":"page","link":"https:\/\/esamksupport.samk.fi\/ohje\/moodle-opettaja-aineistot-sivu\/","title":{"rendered":"Moodle &gt; Opettaja &gt; Aineistot &gt; Sivu"},"content":{"rendered":"\n<p>Sivua k\u00e4ytt\u00e4en pystyt luomaan toteutukseen alasivuja, joihin kannattaakin laittaa kaikki v\u00e4h\u00e4nk\u00e4\u00e4n pidemm\u00e4t ohjeet ja k\u00e4yt\u00e4nn\u00f6n asiat linkin taakse &#8211; pois varsinaista pohjaa pident\u00e4m\u00e4st\u00e4. Voit lis\u00e4t\u00e4 sivulle teksti\u00e4, kuvia, \u00e4\u00e4nt\u00e4, videota, linkkej\u00e4 ja upottaa koodia.<\/p>\n\n\n\n<p>Sivun etuja verrattuna tiedostoihin on sen saavutettavuus, eritoten mobiililaitteilla, sek\u00e4 muokattavuus. Ne tallennetaan Moodlen tietokantaan eik\u00e4 tiedostoiksi.<\/p>\n\n\n\n<figure class=\"wp-block-image size-full is-resized\"><img loading=\"lazy\" decoding=\"async\" width=\"618\" height=\"518\" src=\"https:\/\/esamksupport.samk.fi\/ohje\/wp-content\/uploads\/sites\/3\/2024\/07\/Sivu.png\" alt=\"\" class=\"wp-image-3776\" style=\"width:585px;height:auto\" \/><\/figure>\n","protected":false},"excerpt":{"rendered":"<p>Sivua k\u00e4ytt\u00e4en pystyt luomaan toteutukseen alasivuja, joihin kannattaakin laittaa kaikki v\u00e4h\u00e4nk\u00e4\u00e4n pidemm\u00e4t ohjeet ja k\u00e4yt\u00e4nn\u00f6n asiat linkin taakse &#8211; pois varsinaista pohjaa pident\u00e4m\u00e4st\u00e4. Voit lis\u00e4t\u00e4 sivulle teksti\u00e4, kuvia, \u00e4\u00e4nt\u00e4, videota, linkkej\u00e4 ja upottaa koodia. Sivun etuja verrattuna tiedostoihin on sen saavutettavuus, eritoten mobiililaitteilla, sek\u00e4 muokattavuus. Ne tallennetaan Moodlen tietokantaan eik\u00e4 tiedostoiksi.<\/p>\n","protected":false},"author":2,"featured_media":0,"parent":0,"menu_order":0,"comment_status":"closed","ping_status":"open","template":"","meta":{"footnotes":""},"class_list":["post-168","page","type-page","status-publish"],"_links":{"self":[{"href":"https:\/\/esamksupport.samk.fi\/ohje\/wp-json\/wp\/v2\/pages\/168","targetHints":{"allow":["GET"]}}],"collection":[{"href":"https:\/\/esamksupport.samk.fi\/ohje\/wp-json\/wp\/v2\/pages"}],"about":[{"href":"https:\/\/esamksupport.samk.fi\/ohje\/wp-json\/wp\/v2\/types\/page"}],"author":[{"embeddable":true,"href":"https:\/\/esamksupport.samk.fi\/ohje\/wp-json\/wp\/v2\/users\/2"}],"replies":[{"embeddable":true,"href":"https:\/\/esamksupport.samk.fi\/ohje\/wp-json\/wp\/v2\/comments?post=168"}],"version-history":[{"count":4,"href":"https:\/\/esamksupport.samk.fi\/ohje\/wp-json\/wp\/v2\/pages\/168\/revisions"}],"predecessor-version":[{"id":3779,"href":"https:\/\/esamksupport.samk.fi\/ohje\/wp-json\/wp\/v2\/pages\/168\/revisions\/3779"}],"wp:attachment":[{"href":"https:\/\/esamksupport.samk.fi\/ohje\/wp-json\/wp\/v2\/media?parent=168"}],"curies":[{"name":"wp","href":"https:\/\/api.w.org\/{rel}","templated":true}]}}