{"id":171,"date":"2019-06-19T09:09:47","date_gmt":"2019-06-19T06:09:47","guid":{"rendered":"https:\/\/esamksupport.samk.fi\/ohje\/?page_id=171"},"modified":"2024-08-09T14:42:49","modified_gmt":"2024-08-09T11:42:49","slug":"moodle-opettaja-aineistot-verkkoosoite","status":"publish","type":"page","link":"https:\/\/esamksupport.samk.fi\/ohje\/moodle-opettaja-aineistot-verkkoosoite\/","title":{"rendered":"Moodle &gt; Opettaja &gt; Aineistot &gt; Verkko-osoite"},"content":{"rendered":"\n<p><\/p>\n\n\n\n<p>Verkko-osoitteet eli linkit www-sivuille ovat helposti lis\u00e4tt\u00e4viss\u00e4 Moodle-toteutukseen, jotta opiskelijat p\u00e4\u00e4sev\u00e4t n\u00e4kem\u00e4\u00e4n joitain materiaaleja alkuper\u00e4isess\u00e4 sijainnissaan.<\/p>\n\n\n\n<p>Verkko-osoitteelle m\u00e4\u00e4ritell\u00e4\u00e4n nimi, itse linkattava osoite ja halutessa kuvaus.<\/p>\n\n\n\n<figure class=\"wp-block-image size-large is-resized\"><img loading=\"lazy\" decoding=\"async\" width=\"957\" height=\"881\" src=\"https:\/\/esamksupport.samk.fi\/ohje\/wp-content\/uploads\/sites\/3\/2024\/08\/verkko-osoite-1-957x881.png\" alt=\"\" class=\"wp-image-3935\" style=\"width:645px;height:auto\" srcset=\"https:\/\/esamksupport.samk.fi\/ohje\/wp-content\/uploads\/sites\/3\/2024\/08\/verkko-osoite-1.png 957w, https:\/\/esamksupport.samk.fi\/ohje\/wp-content\/uploads\/sites\/3\/2024\/08\/verkko-osoite-1-768x707.png 768w\" sizes=\"auto, (max-width: 957px) 100vw, 957px\" \/><\/figure>\n\n\n\n<h4 class=\"wp-block-heading\">Miten verkkosivu n\u00e4ytet\u00e4\u00e4n:<\/h4>\n\n\n\n<ul class=\"wp-block-list\">\n<li><strong>Automaattinen (suositus)<\/strong> &#8211; Verkkosivulle valitaan automaattisesti paras mahdollinen esitystapa.<\/li>\n\n\n\n<li><strong>Upota<\/strong> &#8211; Verkkosivu n\u00e4ytet\u00e4\u00e4n toteutuksen sis\u00e4isesti, navigaatiopalkin alla, yhdess\u00e4 kuvauksen ja mahdollisten lohkojen kanssa.<\/li>\n\n\n\n<li><strong>Uusi ikkuna<\/strong> &#8211; Verkkosivu avataan uuteen v\u00e4lilehteen \/ ikkunaan.<\/li>\n\n\n\n<li><strong>Avaa<\/strong> &#8211; Selainikkunassa n\u00e4ytet\u00e4\u00e4n vain verkkosivu.<\/li>\n\n\n\n<li><strong>Ponnahdusikkunassa<\/strong> &#8211; Verkkosivu n\u00e4ytet\u00e4\u00e4n uudessa selainikkunassa ilman selainvalikkoja tai osoitekentt\u00e4\u00e4.<\/li>\n<\/ul>\n\n\n\n<p><strong>Valmis verkko-osoite n\u00e4ytt\u00e4\u00e4 kurssilla t\u00e4lt\u00e4:<\/strong><\/p>\n\n\n\n<figure class=\"wp-block-image size-large is-resized\"><img loading=\"lazy\" decoding=\"async\" width=\"941\" height=\"370\" src=\"https:\/\/esamksupport.samk.fi\/ohje\/wp-content\/uploads\/sites\/3\/2024\/08\/verkko-osoite-3-941x370.png\" alt=\"\" class=\"wp-image-3938\" style=\"width:659px;height:auto\" srcset=\"https:\/\/esamksupport.samk.fi\/ohje\/wp-content\/uploads\/sites\/3\/2024\/08\/verkko-osoite-3.png 941w, https:\/\/esamksupport.samk.fi\/ohje\/wp-content\/uploads\/sites\/3\/2024\/08\/verkko-osoite-3-768x301.png 768w\" sizes=\"auto, (max-width: 941px) 100vw, 941px\" \/><\/figure>\n\n\n\n<figure class=\"wp-block-image size-large is-resized\"><img loading=\"lazy\" decoding=\"async\" width=\"419\" height=\"327\" src=\"https:\/\/esamksupport.samk.fi\/ohje\/wp-content\/uploads\/sites\/3\/2024\/08\/verkko-osoite-2-419x327.png\" alt=\"\" class=\"wp-image-3936\" style=\"width:388px;height:auto\" \/><\/figure>\n","protected":false},"excerpt":{"rendered":"<p>Verkko-osoitteet eli linkit www-sivuille ovat helposti lis\u00e4tt\u00e4viss\u00e4 Moodle-toteutukseen, jotta opiskelijat p\u00e4\u00e4sev\u00e4t n\u00e4kem\u00e4\u00e4n joitain materiaaleja alkuper\u00e4isess\u00e4 sijainnissaan. Verkko-osoitteelle m\u00e4\u00e4ritell\u00e4\u00e4n nimi, itse linkattava osoite ja halutessa kuvaus. Miten verkkosivu n\u00e4ytet\u00e4\u00e4n: Valmis verkko-osoite n\u00e4ytt\u00e4\u00e4 kurssilla t\u00e4lt\u00e4:<\/p>\n","protected":false},"author":2,"featured_media":0,"parent":0,"menu_order":0,"comment_status":"closed","ping_status":"open","template":"","meta":{"footnotes":""},"class_list":["post-171","page","type-page","status-publish"],"_links":{"self":[{"href":"https:\/\/esamksupport.samk.fi\/ohje\/wp-json\/wp\/v2\/pages\/171","targetHints":{"allow":["GET"]}}],"collection":[{"href":"https:\/\/esamksupport.samk.fi\/ohje\/wp-json\/wp\/v2\/pages"}],"about":[{"href":"https:\/\/esamksupport.samk.fi\/ohje\/wp-json\/wp\/v2\/types\/page"}],"author":[{"embeddable":true,"href":"https:\/\/esamksupport.samk.fi\/ohje\/wp-json\/wp\/v2\/users\/2"}],"replies":[{"embeddable":true,"href":"https:\/\/esamksupport.samk.fi\/ohje\/wp-json\/wp\/v2\/comments?post=171"}],"version-history":[{"count":4,"href":"https:\/\/esamksupport.samk.fi\/ohje\/wp-json\/wp\/v2\/pages\/171\/revisions"}],"predecessor-version":[{"id":3939,"href":"https:\/\/esamksupport.samk.fi\/ohje\/wp-json\/wp\/v2\/pages\/171\/revisions\/3939"}],"wp:attachment":[{"href":"https:\/\/esamksupport.samk.fi\/ohje\/wp-json\/wp\/v2\/media?parent=171"}],"curies":[{"name":"wp","href":"https:\/\/api.w.org\/{rel}","templated":true}]}}