{"id":173,"date":"2019-06-19T09:10:30","date_gmt":"2019-06-19T06:10:30","guid":{"rendered":"https:\/\/esamksupport.samk.fi\/ohje\/?page_id=173"},"modified":"2024-08-12T14:13:26","modified_gmt":"2024-08-12T11:13:26","slug":"moodle-opettaja-aktiviteetit","status":"publish","type":"page","link":"https:\/\/esamksupport.samk.fi\/ohje\/moodle-opettaja-aktiviteetit\/","title":{"rendered":"Moodle &gt; Opettaja &gt; Aktiviteetit"},"content":{"rendered":"\n<p><\/p>\n\n\n\n<p>Aktiviteetit ovat Moodlen toimintoja, joissa opiskelija tuottaa jotain Moodle-alueelle kuten<\/p>\n\n\n\n<ul class=\"wp-block-list\">\n<li>palauttaa teht\u00e4v\u00e4n opettajalle arvioitavaksi<\/li>\n\n\n\n<li>osallistuu verkkokeskusteluun<\/li>\n\n\n\n<li>vastaa monivalintatenttiin<\/li>\n\n\n\n<li>antaa kurssipalautetta.<\/li>\n<\/ul>\n\n\n\n<p><strong>Tutustu aktiviteetteihin:<\/strong><\/p>\n\n\n\n<ul class=\"wp-block-list\">\n<li><a title=\"Teht\u00e4v\u00e4\" href=\"https:\/\/docs.moodle.org\/3x\/fi\/Teht%C3%A4v%C3%A4\">Teht\u00e4v\u00e4<\/a><\/li>\n\n\n\n<li><a title=\"Keskustelualue\" href=\"https:\/\/docs.moodle.org\/3x\/fi\/Keskustelualue\">Keskustelualue<\/a><\/li>\n\n\n\n<li><a title=\"Tentti\" href=\"https:\/\/docs.moodle.org\/3x\/fi\/Tentti\">Tentti<\/a><\/li>\n\n\n\n<li><a title=\"Ty\u00f6paja\" href=\"https:\/\/docs.moodle.org\/3x\/fi\/Ty%C3%B6paja\">Ty\u00f6paja<\/a><\/li>\n\n\n\n<li><a title=\"Valinta\" href=\"https:\/\/docs.moodle.org\/3x\/fi\/Valinta\">Valinta<\/a><\/li>\n\n\n\n<li><a title=\"Kysely\" href=\"https:\/\/docs.moodle.org\/3x\/fi\/Kysely\">Kysely<\/a><\/li>\n\n\n\n<li><a title=\"Palaute\" href=\"https:\/\/docs.moodle.org\/3x\/fi\/Palaute\">Palaute<\/a><\/li>\n\n\n\n<li><a title=\"Ryhm\u00e4valinta\" href=\"https:\/\/docs.moodle.org\/3x\/fi\/Ryhm%C3%A4valinta\">Ryhm\u00e4valinta<\/a><\/li>\n\n\n\n<li><a title=\"H5P\" href=\"https:\/\/docs.moodle.org\/3x\/fi\/H5P\">H5P<\/a><\/li>\n\n\n\n<li><a title=\"Wiki\" href=\"https:\/\/docs.moodle.org\/3x\/fi\/Wiki\">Wiki<\/a><\/li>\n\n\n\n<li><a title=\"Chat\" href=\"https:\/\/docs.moodle.org\/3x\/fi\/Chat\">Chat<\/a><\/li>\n\n\n\n<li><a title=\"L\u00e4sn\u00e4olo\" href=\"https:\/\/docs.moodle.org\/3x\/fi\/L%C3%A4sn%C3%A4olo\">L\u00e4sn\u00e4olo<\/a><\/li>\n\n\n\n<li><a title=\"Oppitunti\" href=\"https:\/\/docs.moodle.org\/3x\/fi\/Oppitunti\">Oppitunti<\/a><\/li>\n\n\n\n<li><a title=\"Sanasto\" href=\"https:\/\/docs.moodle.org\/3x\/fi\/Sanasto\">Sanasto<\/a><\/li>\n\n\n\n<li><a title=\"Tietokanta\" href=\"https:\/\/docs.moodle.org\/3x\/fi\/Tietokanta\">Tietokanta<\/a><\/li>\n\n\n\n<li><a title=\"Ulkoinen ty\u00f6kalu\" href=\"https:\/\/docs.moodle.org\/3x\/fi\/Ulkoinen_ty%C3%B6kalu\">Ulkoinen ty\u00f6kalu<\/a><\/li>\n\n\n\n<li><a title=\"Scorm\" href=\"https:\/\/docs.moodle.org\/3x\/fi\/Scorm\">SCORM-paketti<\/a><\/li>\n<\/ul>\n\n\n\n<p><strong>N\u00e4in lis\u00e4\u00e4t aktiviteetin:<\/strong><\/p>\n\n\n\n<ul class=\"wp-block-list\">\n<li>Laita ensin <strong>muokkaustila<\/strong> p\u00e4\u00e4lle.<\/li>\n\n\n\n<li>Sivulle tulee n\u00e4kyviin kohta&nbsp;<strong>Lis\u00e4\u00e4 aktiviteetti tai aineisto<\/strong>.<\/li>\n\n\n\n<li>Valitse aktiviteetit-v\u00e4lilehdelt\u00e4 haluamasi aktiviteetti.<\/li>\n<\/ul>\n\n\n\n<figure class=\"wp-block-image size-large is-resized\"><img loading=\"lazy\" decoding=\"async\" width=\"635\" height=\"755\" src=\"https:\/\/esamksupport.samk.fi\/ohje\/wp-content\/uploads\/sites\/3\/2024\/07\/Kaikki-aktiviteetit-1-635x755.png\" alt=\"\" class=\"wp-image-3787\" style=\"width:507px;height:auto\" \/><\/figure>\n\n\n\n<ul class=\"wp-block-list\">\n<li>Valitsemastasi aktiviteetista riippuen tulee esille erilaiset asetukset ja vaadittavat tiedot. Ks. my\u00f6s&nbsp;<a href=\"https:\/\/docs.moodle.org\/3x\/fi\/Moduulien_yleiset_asetukset_aktiviteeteissa\" target=\"_blank\" rel=\"noreferrer noopener\">Moduulien yleiset asetukset aktiviteeteissa<\/a>.<\/li>\n<\/ul>\n","protected":false},"excerpt":{"rendered":"<p>Aktiviteetit ovat Moodlen toimintoja, joissa opiskelija tuottaa jotain Moodle-alueelle kuten Tutustu aktiviteetteihin: N\u00e4in lis\u00e4\u00e4t aktiviteetin:<\/p>\n","protected":false},"author":2,"featured_media":0,"parent":0,"menu_order":0,"comment_status":"closed","ping_status":"open","template":"","meta":{"footnotes":""},"class_list":["post-173","page","type-page","status-publish"],"_links":{"self":[{"href":"https:\/\/esamksupport.samk.fi\/ohje\/wp-json\/wp\/v2\/pages\/173","targetHints":{"allow":["GET"]}}],"collection":[{"href":"https:\/\/esamksupport.samk.fi\/ohje\/wp-json\/wp\/v2\/pages"}],"about":[{"href":"https:\/\/esamksupport.samk.fi\/ohje\/wp-json\/wp\/v2\/types\/page"}],"author":[{"embeddable":true,"href":"https:\/\/esamksupport.samk.fi\/ohje\/wp-json\/wp\/v2\/users\/2"}],"replies":[{"embeddable":true,"href":"https:\/\/esamksupport.samk.fi\/ohje\/wp-json\/wp\/v2\/comments?post=173"}],"version-history":[{"count":6,"href":"https:\/\/esamksupport.samk.fi\/ohje\/wp-json\/wp\/v2\/pages\/173\/revisions"}],"predecessor-version":[{"id":3950,"href":"https:\/\/esamksupport.samk.fi\/ohje\/wp-json\/wp\/v2\/pages\/173\/revisions\/3950"}],"wp:attachment":[{"href":"https:\/\/esamksupport.samk.fi\/ohje\/wp-json\/wp\/v2\/media?parent=173"}],"curies":[{"name":"wp","href":"https:\/\/api.w.org\/{rel}","templated":true}]}}