{"id":1743,"date":"2020-11-13T14:07:37","date_gmt":"2020-11-13T12:07:37","guid":{"rendered":"https:\/\/esamksupport.samk.fi\/ohje\/?page_id=1743"},"modified":"2025-11-21T07:55:48","modified_gmt":"2025-11-21T05:55:48","slug":"tuudo","status":"publish","type":"page","link":"https:\/\/esamksupport.samk.fi\/ohje\/tuudo\/","title":{"rendered":"Tuudo"},"content":{"rendered":"\n\n\t<h2>Tuudo<\/h2>\n<p>Tuudo on SAMKissa k\u00e4yt\u00f6ss\u00e4 oleva opiskelijan arkea helpottava mobiilisovellus. Voit ladata sen maksutta sovelluskaupastasi ja kirjautumalla siihen SAMKin tunnuksilla saat n\u00e4kyville SAMKin omat sis\u00e4ll\u00f6t ja tiedotteet. Tuudo on jokaisen opiskelijan arkip\u00e4iv\u00e4n ty\u00f6v\u00e4line, josta l\u00f6ytyv\u00e4t niin omat opinnot ja suoritukset, kirjastokortti kuin opiskelijaravintoloiden lounaslistatkin. Ota siis Tuudo k\u00e4ytt\u00f6\u00f6n heti opintojen alettua!<\/p>\n<p>Lis\u00e4tietoa Tuudost\u00e4 <a href=\"https:\/\/www.tuudo.fi\/opiskelijoille\/\" target=\"_blank\" rel=\"noopener\">t\u00e4\u00e4lt\u00e4<\/a><\/p>\n<p><a href=\"https:\/\/esamksupport.samk.fi\/ohje\/wp-content\/uploads\/sites\/3\/2025\/01\/Tuudo-lukujarjestyksen-muodostuminen-ja-muokkaaminen.pdf\">Tuudo lukuj\u00e4rjestyksen muodostuminen ja muokkaaminen<\/a><\/p>\n<h3>Opintojaksopalaute Tuudossa<\/h3>\n<p>&nbsp;<\/p>\n<p>SAMKin opintojaksopalautej\u00e4rjestelm\u00e4 on yhten\u00e4inen palautekanava kaikille SAMKin opintojaksoille. Voit antaa palautetta opintojaksototeutuksista, joilla olet ilmoittautuneena ja hyv\u00e4ksyttyn\u00e4 opiskelijana. Antamasi palaute on aina anonyymi\u00e4 ja p\u00e4\u00e4set antamaan sen heti opintojakson Peppiin merkityn p\u00e4\u00e4ttymisp\u00e4iv\u00e4n j\u00e4lkeen 10 p\u00e4iv\u00e4n ajan. Saat asiasta s\u00e4hk\u00f6postia sek\u00e4 viestin Tuudoosi.<\/p>\n<p><strong>Miksi palautteesi on t\u00e4rke\u00e4?<\/strong><\/p>\n<ul>\n<li>Opintojaksopalaute on t\u00e4rke\u00e4 osa opetuksen ja toiminnan kehitt\u00e4mist\u00e4. Palautteen avulla opettaja voi kehitt\u00e4\u00e4 opetustaan ja opintojakson sis\u00e4lt\u00f6\u00e4. Antamaasi opintojaksopalautetta k\u00e4ytet\u00e4\u00e4n my\u00f6s koulutuksen suunnittelun ja koulutusohjelmien kehitt\u00e4misess\u00e4. Antamalla palautetta olet mukana SAMKin laadullisessa kehitt\u00e4misess\u00e4. Anna siis \u00e4\u00e4nesi kuulua!<\/li>\n<\/ul>\n<p><strong>Miten annat palautetta?<\/strong><\/p>\n<ul>\n<li>Palautetta p\u00e4\u00e4set antamaan Tuudossa tai s\u00e4hk\u00f6postiin saamassasi viestiss\u00e4 olevan linkin kautta.<\/li>\n<li>Tuudo my\u00f6s muistuttaa sinua palautteen antamisesta siin\u00e4 vaiheessa, kun palautteenanto on ajankohtainen ja saat my\u00f6s s\u00e4hk\u00f6postiisi viestin asiasta.<\/li>\n<li>Palautetta annat koko opintojakson toteutuksesta.<\/li>\n<\/ul>\n<p><strong>Kuka palautetta lukee?<\/strong><\/p>\n<ul>\n<li>Opintojakson opettaja saa palautekoonnin ja voi antaa vastapalautetta palautteen antaneille opiskelijoille.<\/li>\n<li>Koonti numeerisista palautteista tulee opintojaksopalautteen antaneille opiskelijoille vastapalautteena Tuudon kautta.<\/li>\n<li>Opettajalla on mahdollisuus antaa my\u00f6s sanallinen, palautetietoon perustuva oma palautteensa palautetta antaneelle opiskelijaryhm\u00e4lle. T\u00e4m\u00e4 palaute n\u00e4kyy opiskelijoille Tuudon kautta.<\/li>\n<\/ul>\n<p>&nbsp;<\/p>\n<p><em><strong>Hyv\u00e4 palaute on asiallista, rakentavaa, hyvin perusteltua ja auttaa kehitt\u00e4m\u00e4\u00e4n toimintaa. Lis\u00e4ksi on t\u00e4rke\u00e4 tuoda esille kehitt\u00e4misideoita ja nostaa esiin my\u00f6s hyvi\u00e4 ja toimivia asioita opintojakson toteutuksessa.<\/strong><\/em><\/p>\n<p><b><i>Opintojaksopalaute on <\/i><\/b><b><i>SAMKin<\/i><\/b><b><i> sis\u00e4ist\u00e4 tietoa, jota k\u00e4ytet\u00e4\u00e4n opintojaksojen toteutusten ja laajemmin koko <\/i><\/b><b><i>SAMKin<\/i><\/b><b><i> opetuksen kehitt\u00e4miseen.<\/i><\/b><\/p>\n\n","protected":false},"excerpt":{"rendered":"<p>Tuudo Tuudo on SAMKissa k\u00e4yt\u00f6ss\u00e4 oleva opiskelijan arkea helpottava mobiilisovellus. Voit ladata sen maksutta sovelluskaupastasi ja kirjautumalla siihen SAMKin tunnuksilla saat n\u00e4kyville SAMKin omat sis\u00e4ll\u00f6t ja tiedotteet. Tuudo on jokaisen opiskelijan arkip\u00e4iv\u00e4n ty\u00f6v\u00e4line, josta l\u00f6ytyv\u00e4t niin omat opinnot ja suoritukset, kirjastokortti kuin opiskelijaravintoloiden lounaslistatkin. Ota siis Tuudo k\u00e4ytt\u00f6\u00f6n heti opintojen alettua! Lis\u00e4tietoa Tuudost\u00e4 t\u00e4\u00e4lt\u00e4 Tuudo lukuj\u00e4rjestyksen muodostuminen ja muokkaaminen Opintojaksopalaute Tuudossa &nbsp; SAMKin opintojaksopalautej\u00e4rjestelm\u00e4 on yhten\u00e4inen palautekanava kaikille SAMKin opintojaksoille. Voit antaa palautetta opintojaksototeutuksista, joilla olet ilmoittautuneena ja hyv\u00e4ksyttyn\u00e4 opiskelijana. Antamasi palaute on aina anonyymi\u00e4 ja p\u00e4\u00e4set antamaan sen heti opintojakson Peppiin merkityn p\u00e4\u00e4ttymisp\u00e4iv\u00e4n j\u00e4lkeen 10 p\u00e4iv\u00e4n ajan. Saat asiasta s\u00e4hk\u00f6postia sek\u00e4 viestin Tuudoosi. Miksi palautteesi on t\u00e4rke\u00e4? Opintojaksopalaute on t\u00e4rke\u00e4 osa opetuksen ja toiminnan kehitt\u00e4mist\u00e4. Palautteen avulla opettaja voi kehitt\u00e4\u00e4 opetustaan ja opintojakson sis\u00e4lt\u00f6\u00e4. Antamaasi opintojaksopalautetta k\u00e4ytet\u00e4\u00e4n my\u00f6s koulutuksen suunnittelun ja koulutusohjelmien kehitt\u00e4misess\u00e4. Antamalla palautetta olet mukana SAMKin laadullisessa kehitt\u00e4misess\u00e4. Anna siis \u00e4\u00e4nesi kuulua! Miten annat palautetta? Palautetta p\u00e4\u00e4set&hellip;<\/p>\n<p> <a class=\"more-link\" href=\"https:\/\/esamksupport.samk.fi\/ohje\/tuudo\/\">Lue Lis\u00e4\u00e4<\/a><\/p>\n","protected":false},"author":2,"featured_media":0,"parent":0,"menu_order":0,"comment_status":"closed","ping_status":"open","template":"","meta":{"footnotes":""},"class_list":["post-1743","page","type-page","status-publish"],"_links":{"self":[{"href":"https:\/\/esamksupport.samk.fi\/ohje\/wp-json\/wp\/v2\/pages\/1743","targetHints":{"allow":["GET"]}}],"collection":[{"href":"https:\/\/esamksupport.samk.fi\/ohje\/wp-json\/wp\/v2\/pages"}],"about":[{"href":"https:\/\/esamksupport.samk.fi\/ohje\/wp-json\/wp\/v2\/types\/page"}],"author":[{"embeddable":true,"href":"https:\/\/esamksupport.samk.fi\/ohje\/wp-json\/wp\/v2\/users\/2"}],"replies":[{"embeddable":true,"href":"https:\/\/esamksupport.samk.fi\/ohje\/wp-json\/wp\/v2\/comments?post=1743"}],"version-history":[{"count":9,"href":"https:\/\/esamksupport.samk.fi\/ohje\/wp-json\/wp\/v2\/pages\/1743\/revisions"}],"predecessor-version":[{"id":4168,"href":"https:\/\/esamksupport.samk.fi\/ohje\/wp-json\/wp\/v2\/pages\/1743\/revisions\/4168"}],"wp:attachment":[{"href":"https:\/\/esamksupport.samk.fi\/ohje\/wp-json\/wp\/v2\/media?parent=1743"}],"curies":[{"name":"wp","href":"https:\/\/api.w.org\/{rel}","templated":true}]}}