{"id":177,"date":"2019-06-19T09:11:41","date_gmt":"2019-06-19T06:11:41","guid":{"rendered":"https:\/\/esamksupport.samk.fi\/ohje\/?page_id=177"},"modified":"2021-08-31T15:20:37","modified_gmt":"2021-08-31T12:20:37","slug":"moodle-opettaja-aktiviteetit-geogebra","status":"publish","type":"page","link":"https:\/\/esamksupport.samk.fi\/ohje\/moodle-opettaja-aktiviteetit-geogebra\/","title":{"rendered":"Moodle &gt; Opettaja &gt; Aktiviteetit &gt; GeoGebra"},"content":{"rendered":"\n<h3 class=\"wp-block-heading\">GEOGEBRA<\/h3>\n\n\n\n<p>GeoGebra-aktiviteetin k\u00e4ytt\u00f6 vaatii rekister\u00f6itymisen GeoGebra-sivustolle. GeoGebralla voit esitell\u00e4 vaikeasti selitett\u00e4vi\u00e4 matemaattisia malleja ja kaavoja, sek\u00e4 tehd\u00e4 GeoGebralla teht\u00e4vi\u00e4 tuntiteht\u00e4vi\u00e4. N\u00e4m\u00e4 tehd\u00e4\u00e4n ensin GeoGebra-sivustolle tai GeoGebra-sovellukseen, josta n\u00e4iden aktiviteettitiedosto (.gbb) tuodaan Moodlen GeoGebraan.<\/p>\n\n\n\n<figure class=\"wp-block-image size-full\"><img loading=\"lazy\" decoding=\"async\" width=\"800\" height=\"1094\" src=\"https:\/\/esamksupport.samk.fi\/ohje\/wp-content\/uploads\/sites\/3\/2021\/08\/geogebra-1.png\" alt=\"\" class=\"wp-image-2665\" srcset=\"https:\/\/esamksupport.samk.fi\/ohje\/wp-content\/uploads\/sites\/3\/2021\/08\/geogebra-1.png 800w, https:\/\/esamksupport.samk.fi\/ohje\/wp-content\/uploads\/sites\/3\/2021\/08\/geogebra-1-768x1050.png 768w\" sizes=\"auto, (max-width: 800px) 100vw, 800px\" \/><\/figure>\n\n\n\n<p>GeoGebra-aktiviteetin asetuksiin pit\u00e4\u00e4 m\u00e4\u00e4ritt\u00e4\u00e4&nbsp;<span class=\"has-inline-color has-vivid-red-color\">nimi<\/span>,&nbsp;<span class=\"has-inline-color has-vivid-red-color\">ajoitus<\/span>&nbsp;(<span class=\"has-inline-color has-vivid-red-color\">Timing<\/span>) ja&nbsp;n\u00e4kyvyys. Sis\u00e4lt\u00f6 (<span class=\"has-inline-color has-vivid-red-color\">Content<\/span>) tuodaan GeoGebrasta ja liitet\u00e4\u00e4n aktiviteettiin.<\/p>\n\n\n\n<p>GeoGebraan voit rekister\u00f6ity\u00e4 sivustolla&nbsp;<a rel=\"noreferrer noopener\" href=\"http:\/\/www.geogebra.org\/\" target=\"_blank\">www.geogebra.org<\/a>. Sivusto on yhteis\u00f6vetoinen, joten pystyt lataamaan valmiita teht\u00e4v\u00e4tiedostoja malliesityksi\u00e4 t\u00e4\u00e4lt\u00e4 rekister\u00f6itymisen j\u00e4lkeen:<\/p>\n\n\n\n<figure class=\"wp-block-image size-large\"><img loading=\"lazy\" decoding=\"async\" width=\"800\" height=\"722\" src=\"https:\/\/esamksupport.samk.fi\/ohje\/wp-content\/uploads\/sites\/3\/2021\/08\/geogebra_org-800x722.png\" alt=\"\" class=\"wp-image-2666\" srcset=\"https:\/\/esamksupport.samk.fi\/ohje\/wp-content\/uploads\/sites\/3\/2021\/08\/geogebra_org.png 800w, https:\/\/esamksupport.samk.fi\/ohje\/wp-content\/uploads\/sites\/3\/2021\/08\/geogebra_org-768x693.png 768w\" sizes=\"auto, (max-width: 800px) 100vw, 800px\" \/><\/figure>\n","protected":false},"excerpt":{"rendered":"<p>GEOGEBRA GeoGebra-aktiviteetin k\u00e4ytt\u00f6 vaatii rekister\u00f6itymisen GeoGebra-sivustolle. GeoGebralla voit esitell\u00e4 vaikeasti selitett\u00e4vi\u00e4 matemaattisia malleja ja kaavoja, sek\u00e4 tehd\u00e4 GeoGebralla teht\u00e4vi\u00e4 tuntiteht\u00e4vi\u00e4. N\u00e4m\u00e4 tehd\u00e4\u00e4n ensin GeoGebra-sivustolle tai GeoGebra-sovellukseen, josta n\u00e4iden aktiviteettitiedosto (.gbb) tuodaan Moodlen GeoGebraan. GeoGebra-aktiviteetin asetuksiin pit\u00e4\u00e4 m\u00e4\u00e4ritt\u00e4\u00e4&nbsp;nimi,&nbsp;ajoitus&nbsp;(Timing) ja&nbsp;n\u00e4kyvyys. Sis\u00e4lt\u00f6 (Content) tuodaan GeoGebrasta ja liitet\u00e4\u00e4n aktiviteettiin. GeoGebraan voit rekister\u00f6ity\u00e4 sivustolla&nbsp;www.geogebra.org. Sivusto on yhteis\u00f6vetoinen, joten pystyt lataamaan valmiita teht\u00e4v\u00e4tiedostoja malliesityksi\u00e4 t\u00e4\u00e4lt\u00e4 rekister\u00f6itymisen j\u00e4lkeen:<\/p>\n","protected":false},"author":2,"featured_media":0,"parent":0,"menu_order":0,"comment_status":"closed","ping_status":"open","template":"","meta":{"footnotes":""},"class_list":["post-177","page","type-page","status-publish"],"_links":{"self":[{"href":"https:\/\/esamksupport.samk.fi\/ohje\/wp-json\/wp\/v2\/pages\/177","targetHints":{"allow":["GET"]}}],"collection":[{"href":"https:\/\/esamksupport.samk.fi\/ohje\/wp-json\/wp\/v2\/pages"}],"about":[{"href":"https:\/\/esamksupport.samk.fi\/ohje\/wp-json\/wp\/v2\/types\/page"}],"author":[{"embeddable":true,"href":"https:\/\/esamksupport.samk.fi\/ohje\/wp-json\/wp\/v2\/users\/2"}],"replies":[{"embeddable":true,"href":"https:\/\/esamksupport.samk.fi\/ohje\/wp-json\/wp\/v2\/comments?post=177"}],"version-history":[{"count":5,"href":"https:\/\/esamksupport.samk.fi\/ohje\/wp-json\/wp\/v2\/pages\/177\/revisions"}],"predecessor-version":[{"id":2667,"href":"https:\/\/esamksupport.samk.fi\/ohje\/wp-json\/wp\/v2\/pages\/177\/revisions\/2667"}],"wp:attachment":[{"href":"https:\/\/esamksupport.samk.fi\/ohje\/wp-json\/wp\/v2\/media?parent=177"}],"curies":[{"name":"wp","href":"https:\/\/api.w.org\/{rel}","templated":true}]}}