{"id":1794,"date":"2020-11-19T13:56:49","date_gmt":"2020-11-19T11:56:49","guid":{"rendered":"https:\/\/esamksupport.samk.fi\/ohje\/?page_id=1794"},"modified":"2021-06-14T15:02:16","modified_gmt":"2021-06-14T12:02:16","slug":"loki-opiskelijahallinto-opiskelijapalvelut-outgoing-vaihto-ja-suoritukset-lokiin","status":"publish","type":"page","link":"https:\/\/esamksupport.samk.fi\/ohje\/loki-opiskelijahallinto-opiskelijapalvelut-outgoing-vaihto-ja-suoritukset-lokiin\/","title":{"rendered":"Loki &gt; Opiskelijahallinto &gt; Opiskelijapalvelut &gt; Outgoing vaihto ja suoritukset Lokiin"},"content":{"rendered":"\n\n\t<p>Opiskelijoiden kv-vaihtotiedot tulevat automaattisesti kerran vuorikaudessa Solemovesta Lokiin ja suoritustiedot s\u00e4hk\u00f6isest\u00e4 asioinnista.<\/p>\n<p>Jos suorituksen tiedot tallennetaan kuitenkin suoraan Lokiin, niin:<\/p>\n<ul>\n<li>Korkeakoulupalveluiden ty\u00f6p\u00f6yt\u00e4: Valitse <strong>Opiskelijat<\/strong> ja valikosta <strong>Hyv\u00e4ksilukeminen<\/strong><\/li>\n<li>Etsi kyseinen opiskelija ja <strong>Lis\u00e4\u00e4 Hyv\u00e4ksiluku<\/strong><\/li>\n<li>Ulkomailla tehty\u00e4 harjoittelua ei tallenneta hyv\u00e4ksilukuna. Harjoittelun\u00a0 <strong>Opinnon tyypiksi <\/strong>valitse<strong> Harjoitteluvaihto<\/strong><\/li>\n<\/ul>\n<p>&nbsp;<\/p>\n<blockquote><p>&nbsp;<\/p><\/blockquote>\n<p>&nbsp;<\/p>\n\n","protected":false},"excerpt":{"rendered":"<p>Opiskelijoiden kv-vaihtotiedot tulevat automaattisesti kerran vuorikaudessa Solemovesta Lokiin ja suoritustiedot s\u00e4hk\u00f6isest\u00e4 asioinnista. Jos suorituksen tiedot tallennetaan kuitenkin suoraan Lokiin, niin: Korkeakoulupalveluiden ty\u00f6p\u00f6yt\u00e4: Valitse Opiskelijat ja valikosta Hyv\u00e4ksilukeminen Etsi kyseinen opiskelija ja Lis\u00e4\u00e4 Hyv\u00e4ksiluku Ulkomailla tehty\u00e4 harjoittelua ei tallenneta hyv\u00e4ksilukuna. Harjoittelun\u00a0 Opinnon tyypiksi valitse Harjoitteluvaihto &nbsp; &nbsp; &nbsp;<\/p>\n","protected":false},"author":13,"featured_media":0,"parent":0,"menu_order":0,"comment_status":"closed","ping_status":"open","template":"","meta":{"footnotes":""},"class_list":["post-1794","page","type-page","status-publish"],"_links":{"self":[{"href":"https:\/\/esamksupport.samk.fi\/ohje\/wp-json\/wp\/v2\/pages\/1794","targetHints":{"allow":["GET"]}}],"collection":[{"href":"https:\/\/esamksupport.samk.fi\/ohje\/wp-json\/wp\/v2\/pages"}],"about":[{"href":"https:\/\/esamksupport.samk.fi\/ohje\/wp-json\/wp\/v2\/types\/page"}],"author":[{"embeddable":true,"href":"https:\/\/esamksupport.samk.fi\/ohje\/wp-json\/wp\/v2\/users\/13"}],"replies":[{"embeddable":true,"href":"https:\/\/esamksupport.samk.fi\/ohje\/wp-json\/wp\/v2\/comments?post=1794"}],"version-history":[{"count":5,"href":"https:\/\/esamksupport.samk.fi\/ohje\/wp-json\/wp\/v2\/pages\/1794\/revisions"}],"predecessor-version":[{"id":1903,"href":"https:\/\/esamksupport.samk.fi\/ohje\/wp-json\/wp\/v2\/pages\/1794\/revisions\/1903"}],"wp:attachment":[{"href":"https:\/\/esamksupport.samk.fi\/ohje\/wp-json\/wp\/v2\/media?parent=1794"}],"curies":[{"name":"wp","href":"https:\/\/api.w.org\/{rel}","templated":true}]}}