{"id":1799,"date":"2020-11-19T14:01:46","date_gmt":"2020-11-19T12:01:46","guid":{"rendered":"https:\/\/esamksupport.samk.fi\/ohje\/?page_id=1799"},"modified":"2021-06-16T10:48:13","modified_gmt":"2021-06-16T07:48:13","slug":"loki-opiskelijahallinto-opiskelijapalvelut-valmistuminen","status":"publish","type":"page","link":"https:\/\/esamksupport.samk.fi\/ohje\/loki-opiskelijahallinto-opiskelijapalvelut-valmistuminen\/","title":{"rendered":"Loki &gt; Opiskelijahallinto &gt; Opiskelijapalvelut &gt; Valmistuminen"},"content":{"rendered":"\n\n\t<h4>Todistusmerkinn\u00e4t<\/h4>\n<p><strong>Kielilauseke<\/strong> n\u00e4kyy automaattisesti suomenkielisten AMK -tutkinto-ohjelmien opiskelijoilla. Arvosanat n\u00e4kyv\u00e4t lausekkeella opintojaksojen arviointien j\u00e4lkeen. Jos pit\u00e4\u00e4 valita poikkeava kielilauseke tai kirjata henkil\u00f6kohtainen kielilauseke niin:<\/p>\n<ul>\n<li>+Lis\u00e4\u00e4 todistusmerkint\u00e4 &#8211;&gt; Poimi sopiva kielilauseke<\/li>\n<li>+Lis\u00e4\u00e4 henkil\u00f6kohtainen todistusmerkint\u00e4 &#8211;&gt; Lis\u00e4\u00e4 my\u00f6s eng. k\u00e4\u00e4nn\u00f6s<\/li>\n<\/ul>\n<p><strong>Direktiivit ja muut todistusmerkinn\u00e4t<\/strong> (terveydenhuollon ammattihenkil\u00f6st\u00f6, merenkulun ammattihenkil\u00f6st\u00f6, varhaiskasvatuksen p\u00e4tevyys, s\u00e4hk\u00f6p\u00e4tevyys, robotiikka akatemia ja simulaatiot)<\/p>\n<ul>\n<li>+Lis\u00e4\u00e4 todistusmerkint\u00e4 &#8211;&gt; Poimi sopiva direktiivi tai merkint\u00e4<\/li>\n<\/ul>\n<p><strong>P\u00e4tevyydet <\/strong>(sairaanhoitaja AMK, varhaiskasvatus)<\/p>\n<ul>\n<li>+Lis\u00e4\u00e4 p\u00e4tevyys &#8211;&gt; Poimi oikea p\u00e4tevyys: &#8221;12 sairaanhoitaja (AMK)&#8221;, &#8221;iq varhaiskasvatus . . .&#8221; ennen 1.9.2019 aloittanut tai &#8221;vs varhaiskasvatus . . .&#8221; 1.9.2019 j\u00e4lkeen aloittanut<\/li>\n<\/ul>\n\n<ul>\n<li>+Lis\u00e4\u00e4 henkil\u00f6kohtainen todistusmerkint\u00e4 &#8211;&gt; esim. meriharjoittelun p\u00e4tevyyskirjat. Lis\u00e4\u00e4 my\u00f6s eng. k\u00e4\u00e4nn\u00f6s<\/li>\n<\/ul>\n<p><strong>Koulutusluokituskoodin <\/strong>tarkistus ylempi AMK ohjelmissa<\/p>\n<ul>\n<li>Koodin mukaan\u00a0 m\u00e4\u00e4r\u00e4ytyy tutkinto, tutkintonimike ja ohjauksen ala<\/li>\n<\/ul>\n<p>&nbsp;<\/p>\n<p>&nbsp;<\/p>\n<p>&nbsp;<\/p>\n\n","protected":false},"excerpt":{"rendered":"<p>Todistusmerkinn\u00e4t Kielilauseke n\u00e4kyy automaattisesti suomenkielisten AMK -tutkinto-ohjelmien opiskelijoilla. Arvosanat n\u00e4kyv\u00e4t lausekkeella opintojaksojen arviointien j\u00e4lkeen. Jos pit\u00e4\u00e4 valita poikkeava kielilauseke tai kirjata henkil\u00f6kohtainen kielilauseke niin: +Lis\u00e4\u00e4 todistusmerkint\u00e4 &#8211;&gt; Poimi sopiva kielilauseke +Lis\u00e4\u00e4 henkil\u00f6kohtainen todistusmerkint\u00e4 &#8211;&gt; Lis\u00e4\u00e4 my\u00f6s eng. k\u00e4\u00e4nn\u00f6s Direktiivit ja muut todistusmerkinn\u00e4t (terveydenhuollon ammattihenkil\u00f6st\u00f6, merenkulun ammattihenkil\u00f6st\u00f6, varhaiskasvatuksen p\u00e4tevyys, s\u00e4hk\u00f6p\u00e4tevyys, robotiikka akatemia ja simulaatiot) +Lis\u00e4\u00e4 todistusmerkint\u00e4 &#8211;&gt; Poimi sopiva direktiivi tai merkint\u00e4 P\u00e4tevyydet (sairaanhoitaja AMK, varhaiskasvatus) +Lis\u00e4\u00e4 p\u00e4tevyys &#8211;&gt; Poimi oikea p\u00e4tevyys: &#8221;12 sairaanhoitaja (AMK)&#8221;, &#8221;iq varhaiskasvatus . . .&#8221; ennen 1.9.2019 aloittanut tai &#8221;vs varhaiskasvatus . . .&#8221; 1.9.2019 j\u00e4lkeen aloittanut +Lis\u00e4\u00e4 henkil\u00f6kohtainen todistusmerkint\u00e4 &#8211;&gt; esim. meriharjoittelun p\u00e4tevyyskirjat. Lis\u00e4\u00e4 my\u00f6s eng. k\u00e4\u00e4nn\u00f6s Koulutusluokituskoodin tarkistus ylempi AMK ohjelmissa Koodin mukaan\u00a0 m\u00e4\u00e4r\u00e4ytyy tutkinto, tutkintonimike ja ohjauksen ala &nbsp; &nbsp; &nbsp;<\/p>\n","protected":false},"author":13,"featured_media":0,"parent":0,"menu_order":0,"comment_status":"closed","ping_status":"open","template":"","meta":{"footnotes":""},"class_list":["post-1799","page","type-page","status-publish"],"_links":{"self":[{"href":"https:\/\/esamksupport.samk.fi\/ohje\/wp-json\/wp\/v2\/pages\/1799","targetHints":{"allow":["GET"]}}],"collection":[{"href":"https:\/\/esamksupport.samk.fi\/ohje\/wp-json\/wp\/v2\/pages"}],"about":[{"href":"https:\/\/esamksupport.samk.fi\/ohje\/wp-json\/wp\/v2\/types\/page"}],"author":[{"embeddable":true,"href":"https:\/\/esamksupport.samk.fi\/ohje\/wp-json\/wp\/v2\/users\/13"}],"replies":[{"embeddable":true,"href":"https:\/\/esamksupport.samk.fi\/ohje\/wp-json\/wp\/v2\/comments?post=1799"}],"version-history":[{"count":5,"href":"https:\/\/esamksupport.samk.fi\/ohje\/wp-json\/wp\/v2\/pages\/1799\/revisions"}],"predecessor-version":[{"id":1907,"href":"https:\/\/esamksupport.samk.fi\/ohje\/wp-json\/wp\/v2\/pages\/1799\/revisions\/1907"}],"wp:attachment":[{"href":"https:\/\/esamksupport.samk.fi\/ohje\/wp-json\/wp\/v2\/media?parent=1799"}],"curies":[{"name":"wp","href":"https:\/\/api.w.org\/{rel}","templated":true}]}}