{"id":18,"date":"2019-06-18T13:30:19","date_gmt":"2019-06-18T10:30:19","guid":{"rendered":"https:\/\/esamksupport.samk.fi\/ohje\/?page_id=18"},"modified":"2024-12-04T15:44:01","modified_gmt":"2024-12-04T13:44:01","slug":"exam","status":"publish","type":"page","link":"https:\/\/esamksupport.samk.fi\/ohje\/exam\/","title":{"rendered":"EXAM"},"content":{"rendered":"\n<p><\/p>\n\n\n\n<p>EXAM on Satakunnan ammattikorkeakoulussa k\u00e4yt\u00f6ss\u00e4 oleva tenttiakvaarioj\u00e4rjestelm\u00e4. Sen kautta opettaja luo s\u00e4hk\u00f6isen tentin ja avaa sen opiskelijoille ilmoittautumisia ja tenttej\u00e4 varten. Opiskelija ilmoittautuu EXAMin kautta tenttiin opettajan m\u00e4\u00e4rittelem\u00e4n tenttiperiodin ajalle, varaamalla j\u00e4rjestelm\u00e4n kautta tenttiajan. Tenttiperiodin p\u00e4\u00e4tytty\u00e4 opettaja arvioi tentit EXAMissa ja ilmoittaa tentin tulokset opiskelijoiden kanssa sopimallaan tavalla (EXAMissa, Moodlessa, Lokissa tai jollain muulla sovitulla tavalla).<\/p>\n\n\n\n<p>EXAMiin varatut tentit tehd\u00e4\u00e4n tenttiakvaarioissa, joita l\u00f6ytyy kaikilta SAMKin kampuksilta eri tentteihin tarvittavilla ohjelmistoilla varustettuna. Lis\u00e4ksi tenttivierailut toisten korkeakoulujen tenttiakvaarioissa ovat mahdollisia. Jos opiskelija menee tenttim\u00e4\u00e4n toisen korkeakoulun tenttiakvaarioon, on <strong>opiskelijan omalla vastuulla <\/strong>selvitt\u00e4\u00e4 onko kyseisess\u00e4 tenttiakvaariossa tarvittavat ohjelmistot ja tarvitaanko tenttiakvaarioon p\u00e4\u00e4semiseksi avaimia, kulkutunnistetta tai tunnistetaanko opiskelija ennen akvaarioon siirtymist\u00e4.<\/p>\n\n\n\n<p>EXAMin k\u00e4ytt\u00f6ohjeet opettajille l\u00f6yd\u00e4t t\u00e4m\u00e4n sivun yl\u00e4reunasta kohdasta <strong>Opettajan ohjeet<\/strong>.<\/p>\n\n\n\n<p>Opiskelijan EXAM-ohjeet ovat Exam-palvelun yhteydess\u00e4 osoitteessa\u00a0<a href=\"https:\/\/exam.samk.fi\/\" target=\"_blank\" rel=\"noreferrer noopener\">exam.samk.fi<\/a>. Ohjeet l\u00f6yd\u00e4t oikean yl\u00e4kulman valikosta.<\/p>\n\n\n\n<p><\/p>\n\n\n\n<p><\/p>\n\n\n\n<p><\/p>\n\n\n\n<p><\/p>\n\n\n\n<p><\/p>\n","protected":false},"excerpt":{"rendered":"<p>EXAM on Satakunnan ammattikorkeakoulussa k\u00e4yt\u00f6ss\u00e4 oleva tenttiakvaarioj\u00e4rjestelm\u00e4. Sen kautta opettaja luo s\u00e4hk\u00f6isen tentin ja avaa sen opiskelijoille ilmoittautumisia ja tenttej\u00e4 varten. Opiskelija ilmoittautuu EXAMin kautta tenttiin opettajan m\u00e4\u00e4rittelem\u00e4n tenttiperiodin ajalle, varaamalla j\u00e4rjestelm\u00e4n kautta tenttiajan. Tenttiperiodin p\u00e4\u00e4tytty\u00e4 opettaja arvioi tentit EXAMissa ja ilmoittaa tentin tulokset opiskelijoiden kanssa sopimallaan tavalla (EXAMissa, Moodlessa, Lokissa tai jollain muulla sovitulla tavalla). EXAMiin varatut tentit tehd\u00e4\u00e4n tenttiakvaarioissa, joita l\u00f6ytyy kaikilta SAMKin kampuksilta eri tentteihin tarvittavilla ohjelmistoilla varustettuna. Lis\u00e4ksi tenttivierailut toisten korkeakoulujen tenttiakvaarioissa ovat mahdollisia. Jos opiskelija menee tenttim\u00e4\u00e4n toisen korkeakoulun tenttiakvaarioon, on opiskelijan omalla vastuulla selvitt\u00e4\u00e4 onko kyseisess\u00e4 tenttiakvaariossa tarvittavat ohjelmistot ja tarvitaanko tenttiakvaarioon p\u00e4\u00e4semiseksi avaimia, kulkutunnistetta tai tunnistetaanko opiskelija ennen akvaarioon siirtymist\u00e4. EXAMin k\u00e4ytt\u00f6ohjeet opettajille l\u00f6yd\u00e4t t\u00e4m\u00e4n sivun yl\u00e4reunasta kohdasta Opettajan ohjeet. Opiskelijan EXAM-ohjeet ovat Exam-palvelun yhteydess\u00e4 osoitteessa\u00a0exam.samk.fi. Ohjeet l\u00f6yd\u00e4t oikean yl\u00e4kulman valikosta.<\/p>\n","protected":false},"author":3,"featured_media":0,"parent":0,"menu_order":0,"comment_status":"closed","ping_status":"open","template":"","meta":{"footnotes":""},"class_list":["post-18","page","type-page","status-publish"],"_links":{"self":[{"href":"https:\/\/esamksupport.samk.fi\/ohje\/wp-json\/wp\/v2\/pages\/18","targetHints":{"allow":["GET"]}}],"collection":[{"href":"https:\/\/esamksupport.samk.fi\/ohje\/wp-json\/wp\/v2\/pages"}],"about":[{"href":"https:\/\/esamksupport.samk.fi\/ohje\/wp-json\/wp\/v2\/types\/page"}],"author":[{"embeddable":true,"href":"https:\/\/esamksupport.samk.fi\/ohje\/wp-json\/wp\/v2\/users\/3"}],"replies":[{"embeddable":true,"href":"https:\/\/esamksupport.samk.fi\/ohje\/wp-json\/wp\/v2\/comments?post=18"}],"version-history":[{"count":12,"href":"https:\/\/esamksupport.samk.fi\/ohje\/wp-json\/wp\/v2\/pages\/18\/revisions"}],"predecessor-version":[{"id":4132,"href":"https:\/\/esamksupport.samk.fi\/ohje\/wp-json\/wp\/v2\/pages\/18\/revisions\/4132"}],"wp:attachment":[{"href":"https:\/\/esamksupport.samk.fi\/ohje\/wp-json\/wp\/v2\/media?parent=18"}],"curies":[{"name":"wp","href":"https:\/\/api.w.org\/{rel}","templated":true}]}}