{"id":1801,"date":"2020-11-19T14:02:40","date_gmt":"2020-11-19T12:02:40","guid":{"rendered":"https:\/\/esamksupport.samk.fi\/ohje\/?page_id=1801"},"modified":"2021-06-16T12:44:45","modified_gmt":"2021-06-16T09:44:45","slug":"loki-opiskelijahallinto-opiskelijapalvelut-siirto-opiskelija","status":"publish","type":"page","link":"https:\/\/esamksupport.samk.fi\/ohje\/loki-opiskelijahallinto-opiskelijapalvelut-siirto-opiskelija\/","title":{"rendered":"Loki &gt; Opiskelijahallinto &gt; Opiskelijapalvelut &gt; Siirto-opiskelija"},"content":{"rendered":"\n\n\t<h4>A. Siirrot koulutusohjelmasta toiseen, kun tutkinto ei muutu<\/h4>\n<p>Opiskelutiedotn\u00e4yt\u00f6ll\u00e4 muuta tiedot ja tarkista<\/p>\n<ul>\n<li>Koulutusluokitus<\/li>\n<li>Opetuspiste<\/li>\n<li>Tutkinto-ohjelma (=koulutusohjelma)<\/li>\n<li>Opetuskieli<\/li>\n<li>Koulutusala<\/li>\n<li>Saapumisryhm\u00e4, s\u00e4ilyt\u00e4 aloitusvuosi<\/li>\n<li>Hallinnollinen ryhm\u00e4, sijoita siihen ryhm\u00e4\u00e4n, miss\u00e4 opiskelee<\/li>\n<\/ul>\n<h4>B. Siirrot koulutusohjelmasta toiseen, kun tutkinto muuttuu<\/h4>\n<ul>\n<li>P\u00e4\u00e4tet\u00e4 aikaisempi rooli erokoodilla &#8221;Toiselle alalle SAMKissa vaihtanut&#8221;<\/li>\n<li>Luo uusi opiskeluoikeus ja k\u00e4yt\u00e4 sopivaa mallipohjaa<\/li>\n<li>Tarkista tiedot Opiskelutiedot -n\u00e4yt\u00f6ll\u00e4 (kohta A)<\/li>\n<li>Opiskeluoikeuden lis\u00e4tiedot n\u00e4yt\u00f6ll\u00e4 &#8211;&gt; Siiro-opiskelija -v\u00e4lilehti &#8211;&gt; Poimi siirtokoulu &#8221;Satakunnan ammattikorkeakoulu&#8221; ja siirtop\u00e4iv\u00e4 &#8211;&gt; Tallenna<\/li>\n<li>Tallenna opiskelijan kakki menneet kaudet (l\u00e4sn\u00e4- ja poissaolot)<\/li>\n<li>Ne kaudet, jotka koskevat aikaisempaa opiskeluoikeutta: rivin lopussa &#8211;&gt; Toiminnos &#8211;&gt; Muokkaa &#8211;&gt; &#8221;t\u00e4pp\u00e4&#8221;<\/li>\n<\/ul>\n<h4>C. Siirto-opiskelija toisesta AMK:ista<\/h4>\n<p>Kuten kohta B, mutta Mist\u00e4 siirtynyt Organisaatioksi poimitaan l\u00e4ht\u00f6organisaatio esim. Turun ammattikorkeakoulu<\/p>\n<p>&nbsp;<\/p>\n\n","protected":false},"excerpt":{"rendered":"<p>A. Siirrot koulutusohjelmasta toiseen, kun tutkinto ei muutu Opiskelutiedotn\u00e4yt\u00f6ll\u00e4 muuta tiedot ja tarkista Koulutusluokitus Opetuspiste Tutkinto-ohjelma (=koulutusohjelma) Opetuskieli Koulutusala Saapumisryhm\u00e4, s\u00e4ilyt\u00e4 aloitusvuosi Hallinnollinen ryhm\u00e4, sijoita siihen ryhm\u00e4\u00e4n, miss\u00e4 opiskelee B. Siirrot koulutusohjelmasta toiseen, kun tutkinto muuttuu P\u00e4\u00e4tet\u00e4 aikaisempi rooli erokoodilla &#8221;Toiselle alalle SAMKissa vaihtanut&#8221; Luo uusi opiskeluoikeus ja k\u00e4yt\u00e4 sopivaa mallipohjaa Tarkista tiedot Opiskelutiedot -n\u00e4yt\u00f6ll\u00e4 (kohta A) Opiskeluoikeuden lis\u00e4tiedot n\u00e4yt\u00f6ll\u00e4 &#8211;&gt; Siiro-opiskelija -v\u00e4lilehti &#8211;&gt; Poimi siirtokoulu &#8221;Satakunnan ammattikorkeakoulu&#8221; ja siirtop\u00e4iv\u00e4 &#8211;&gt; Tallenna Tallenna opiskelijan kakki menneet kaudet (l\u00e4sn\u00e4- ja poissaolot) Ne kaudet, jotka koskevat aikaisempaa opiskeluoikeutta: rivin lopussa &#8211;&gt; Toiminnos &#8211;&gt; Muokkaa &#8211;&gt; &#8221;t\u00e4pp\u00e4&#8221; C. Siirto-opiskelija toisesta AMK:ista Kuten kohta B, mutta Mist\u00e4 siirtynyt Organisaatioksi poimitaan l\u00e4ht\u00f6organisaatio esim. Turun ammattikorkeakoulu &nbsp;<\/p>\n","protected":false},"author":13,"featured_media":0,"parent":0,"menu_order":0,"comment_status":"closed","ping_status":"open","template":"","meta":{"footnotes":""},"class_list":["post-1801","page","type-page","status-publish"],"_links":{"self":[{"href":"https:\/\/esamksupport.samk.fi\/ohje\/wp-json\/wp\/v2\/pages\/1801","targetHints":{"allow":["GET"]}}],"collection":[{"href":"https:\/\/esamksupport.samk.fi\/ohje\/wp-json\/wp\/v2\/pages"}],"about":[{"href":"https:\/\/esamksupport.samk.fi\/ohje\/wp-json\/wp\/v2\/types\/page"}],"author":[{"embeddable":true,"href":"https:\/\/esamksupport.samk.fi\/ohje\/wp-json\/wp\/v2\/users\/13"}],"replies":[{"embeddable":true,"href":"https:\/\/esamksupport.samk.fi\/ohje\/wp-json\/wp\/v2\/comments?post=1801"}],"version-history":[{"count":3,"href":"https:\/\/esamksupport.samk.fi\/ohje\/wp-json\/wp\/v2\/pages\/1801\/revisions"}],"predecessor-version":[{"id":1910,"href":"https:\/\/esamksupport.samk.fi\/ohje\/wp-json\/wp\/v2\/pages\/1801\/revisions\/1910"}],"wp:attachment":[{"href":"https:\/\/esamksupport.samk.fi\/ohje\/wp-json\/wp\/v2\/media?parent=1801"}],"curies":[{"name":"wp","href":"https:\/\/api.w.org\/{rel}","templated":true}]}}