{"id":1845,"date":"2020-11-23T12:42:12","date_gmt":"2020-11-23T10:42:12","guid":{"rendered":"https:\/\/esamksupport.samk.fi\/ohje\/?page_id=1845"},"modified":"2024-12-02T08:44:02","modified_gmt":"2024-12-02T06:44:02","slug":"sahkoinen-asiointi","status":"publish","type":"page","link":"https:\/\/esamksupport.samk.fi\/ohje\/sahkoinen-asiointi\/","title":{"rendered":"S\u00e4hk\u00f6inen asiointi"},"content":{"rendered":"\n<p><\/p>\n\n\n\n<p id=\"tw-target-text\"><strong>S\u00e4hk\u00f6inen asiointi loppuu 2024-2025 vuodenvaihteessa.<\/strong><\/p>\n\n\n\n<ul class=\"wp-block-list\">\n<li>Opiskelijat ovat voineet j\u00e4tt\u00e4\u00e4 hakemuksia S\u00e4hk\u00f6iseen asiointiin marraskuun 2024 loppuun saakka. T\u00e4m\u00e4n j\u00e4lkeen hakemuksia ei en\u00e4\u00e4 oteta vastaan S\u00e4hk\u00f6isess\u00e4 asioinnissa.<\/li>\n\n\n\n<li>AHOT-p\u00e4\u00e4tt\u00e4jill\u00e4 on joulukuu aikaa k\u00e4sitell\u00e4 hakemukset j\u00e4rjestelm\u00e4ss\u00e4.<\/li>\n<\/ul>\n\n\n\n<p>Tammikuusta l\u00e4htien otetaan k\u00e4ytt\u00f6\u00f6n Lokin yhteydess\u00e4 toimiva <strong>eAHOT<\/strong>. eAHOTissa opiskelija voi j\u00e4tt\u00e4\u00e4 korvaamiseen, sis\u00e4llytykseen ja vapautukseen liittyvi\u00e4 hakemuksia.<\/p>\n\n\n\n<p><\/p>\n\n\n\n<p><\/p>\n\n\n\n<p><\/p>\n\n\n\n<p><\/p>\n","protected":false},"excerpt":{"rendered":"<p>S\u00e4hk\u00f6inen asiointi loppuu 2024-2025 vuodenvaihteessa. Tammikuusta l\u00e4htien otetaan k\u00e4ytt\u00f6\u00f6n Lokin yhteydess\u00e4 toimiva eAHOT. eAHOTissa opiskelija voi j\u00e4tt\u00e4\u00e4 korvaamiseen, sis\u00e4llytykseen ja vapautukseen liittyvi\u00e4 hakemuksia.<\/p>\n","protected":false},"author":13,"featured_media":0,"parent":0,"menu_order":0,"comment_status":"closed","ping_status":"open","template":"","meta":{"footnotes":""},"class_list":["post-1845","page","type-page","status-publish"],"_links":{"self":[{"href":"https:\/\/esamksupport.samk.fi\/ohje\/wp-json\/wp\/v2\/pages\/1845","targetHints":{"allow":["GET"]}}],"collection":[{"href":"https:\/\/esamksupport.samk.fi\/ohje\/wp-json\/wp\/v2\/pages"}],"about":[{"href":"https:\/\/esamksupport.samk.fi\/ohje\/wp-json\/wp\/v2\/types\/page"}],"author":[{"embeddable":true,"href":"https:\/\/esamksupport.samk.fi\/ohje\/wp-json\/wp\/v2\/users\/13"}],"replies":[{"embeddable":true,"href":"https:\/\/esamksupport.samk.fi\/ohje\/wp-json\/wp\/v2\/comments?post=1845"}],"version-history":[{"count":16,"href":"https:\/\/esamksupport.samk.fi\/ohje\/wp-json\/wp\/v2\/pages\/1845\/revisions"}],"predecessor-version":[{"id":4117,"href":"https:\/\/esamksupport.samk.fi\/ohje\/wp-json\/wp\/v2\/pages\/1845\/revisions\/4117"}],"wp:attachment":[{"href":"https:\/\/esamksupport.samk.fi\/ohje\/wp-json\/wp\/v2\/media?parent=1845"}],"curies":[{"name":"wp","href":"https:\/\/api.w.org\/{rel}","templated":true}]}}