{"id":1886,"date":"2021-05-28T12:28:15","date_gmt":"2021-05-28T09:28:15","guid":{"rendered":"https:\/\/esamksupport.samk.fi\/ohje\/?page_id=1886"},"modified":"2024-08-28T11:11:58","modified_gmt":"2024-08-28T08:11:58","slug":"wihi","status":"publish","type":"page","link":"https:\/\/esamksupport.samk.fi\/ohje\/wihi\/","title":{"rendered":"Wihi"},"content":{"rendered":"\n<p><\/p>\n\n\n\n<p>Wihi on Satakunnan ammattikorkeakoulun opinn\u00e4ytet\u00f6iden ohjaus- ja hallintaj\u00e4rjestelm\u00e4. Wihiss\u00e4 sek\u00e4 ohjaaja ett\u00e4 opiskelija ty\u00f6st\u00e4v\u00e4t opinn\u00e4ytety\u00f6t\u00e4. Wihiin palautetaan opinn\u00e4ytety\u00f6n eri versiot, opinn\u00e4ytety\u00f6h\u00f6n liittyv\u00e4t dokumentit, sopimukset, suunnitelma ja kypsyysn\u00e4yte. J\u00e4rjestelm\u00e4n kautta keskustellaan ty\u00f6st\u00e4.<\/p>\n\n\n\n<p>Wihin osoite on <a href=\"https:\/\/samk.wihi.fi\" target=\"_blank\" rel=\"noreferrer noopener\">https:\/\/samk.wihi.fi<\/a>.<\/p>\n\n\n\n<p>\u00a0Wihin ohjeita on p\u00e4ivitetty viimeksi 03.05.2022.<\/p>\n\n\n\n<p><\/p>\n\n\n\n<p><\/p>\n\n\n\n<p><\/p>\n","protected":false},"excerpt":{"rendered":"<p>Wihi on Satakunnan ammattikorkeakoulun opinn\u00e4ytet\u00f6iden ohjaus- ja hallintaj\u00e4rjestelm\u00e4. Wihiss\u00e4 sek\u00e4 ohjaaja ett\u00e4 opiskelija ty\u00f6st\u00e4v\u00e4t opinn\u00e4ytety\u00f6t\u00e4. Wihiin palautetaan opinn\u00e4ytety\u00f6n eri versiot, opinn\u00e4ytety\u00f6h\u00f6n liittyv\u00e4t dokumentit, sopimukset, suunnitelma ja kypsyysn\u00e4yte. J\u00e4rjestelm\u00e4n kautta keskustellaan ty\u00f6st\u00e4. Wihin osoite on https:\/\/samk.wihi.fi. \u00a0Wihin ohjeita on p\u00e4ivitetty viimeksi 03.05.2022.<\/p>\n","protected":false},"author":13,"featured_media":0,"parent":0,"menu_order":0,"comment_status":"closed","ping_status":"open","template":"","meta":{"footnotes":""},"class_list":["post-1886","page","type-page","status-publish"],"_links":{"self":[{"href":"https:\/\/esamksupport.samk.fi\/ohje\/wp-json\/wp\/v2\/pages\/1886","targetHints":{"allow":["GET"]}}],"collection":[{"href":"https:\/\/esamksupport.samk.fi\/ohje\/wp-json\/wp\/v2\/pages"}],"about":[{"href":"https:\/\/esamksupport.samk.fi\/ohje\/wp-json\/wp\/v2\/types\/page"}],"author":[{"embeddable":true,"href":"https:\/\/esamksupport.samk.fi\/ohje\/wp-json\/wp\/v2\/users\/13"}],"replies":[{"embeddable":true,"href":"https:\/\/esamksupport.samk.fi\/ohje\/wp-json\/wp\/v2\/comments?post=1886"}],"version-history":[{"count":5,"href":"https:\/\/esamksupport.samk.fi\/ohje\/wp-json\/wp\/v2\/pages\/1886\/revisions"}],"predecessor-version":[{"id":4095,"href":"https:\/\/esamksupport.samk.fi\/ohje\/wp-json\/wp\/v2\/pages\/1886\/revisions\/4095"}],"wp:attachment":[{"href":"https:\/\/esamksupport.samk.fi\/ohje\/wp-json\/wp\/v2\/media?parent=1886"}],"curies":[{"name":"wp","href":"https:\/\/api.w.org\/{rel}","templated":true}]}}