{"id":189,"date":"2019-06-19T09:14:15","date_gmt":"2019-06-19T06:14:15","guid":{"rendered":"https:\/\/esamksupport.samk.fi\/ohje\/?page_id=189"},"modified":"2021-08-31T14:59:39","modified_gmt":"2021-08-31T11:59:39","slug":"moodle-opettaja-aktiviteetit-oublog","status":"publish","type":"page","link":"https:\/\/esamksupport.samk.fi\/ohje\/moodle-opettaja-aktiviteetit-oublog\/","title":{"rendered":"Moodle &gt; Opettaja &gt; Aktiviteetit &gt; OU blog"},"content":{"rendered":"\n<p>OU Blog on toistaiseksi vain englanninkielisen\u00e4 saatava blogilohko, joka toimi erillisen\u00e4 blogina Moodlen oman blogilohkon rinnalla. Blogiin voidaan m\u00e4\u00e4ritt\u00e4\u00e4 ketk\u00e4 voivat osallistua blogaamiseen, kommentoida ja mill\u00e4 aikav\u00e4lill\u00e4.<\/p>\n\n\n\n<p>M\u00e4\u00e4ritelle blogille nimi sek\u00e4 ketk\u00e4 saavat kommentoida ja n\u00e4hd\u00e4 t\u00e4m\u00e4n:<\/p>\n\n\n\n<figure class=\"wp-block-image size-large\"><img loading=\"lazy\" decoding=\"async\" width=\"800\" height=\"1032\" src=\"https:\/\/esamksupport.samk.fi\/ohje\/wp-content\/uploads\/sites\/3\/2021\/08\/oublog-1-800x1032.png\" alt=\"\" class=\"wp-image-2658\" srcset=\"https:\/\/esamksupport.samk.fi\/ohje\/wp-content\/uploads\/sites\/3\/2021\/08\/oublog-1.png 800w, https:\/\/esamksupport.samk.fi\/ohje\/wp-content\/uploads\/sites\/3\/2021\/08\/oublog-1-768x990.png 768w\" sizes=\"auto, (max-width: 800px) 100vw, 800px\" \/><\/figure>\n\n\n\n<p>Voit t\u00e4m\u00e4n lis\u00e4ksi m\u00e4\u00e4ritell\u00e4 OU-blogin asetuksissa n\u00e4kyvyyden ja blogin luonteen. Asetus &#8221;Yksitt\u00e4iset blogit&#8221; s\u00e4\u00e4t\u00e4\u00e4 onko blogi kurssikohtainen, yksil\u00f6kohtainen vai piilotettu yksil\u00f6kohtainen. Asetus &#8221;Maksimin\u00e4kyvyys&#8221; m\u00e4\u00e4ritt\u00e4\u00e4 blogin n\u00e4kyvyyden, onko t\u00e4m\u00e4 kurssikohtainen vai globaalisti saatavilla oleva kaikille Moodlessa kirjautuneille.<\/p>\n\n\n\n<h4 class=\"wp-block-heading\"><strong><span class=\"has-inline-color has-vivid-red-color\">Yksitt\u00e4iset blogit<\/span> asetusvaihtoehdot:<\/strong><\/h4>\n\n\n\n<ul class=\"wp-block-list\"><li><strong>Ei (yhteinen ja ryhm\u00e4blogi)<\/strong> &#8211; ei yksitt\u00e4isi\u00e4 blogeja, kaikki voivat postata samaan blogiin ja n\u00e4hd\u00e4 t\u00e4m\u00e4n<\/li><li><strong>Erilliset henkil\u00f6kohtaiset blogit<\/strong> &#8211; yksitt\u00e4iset blogit, joita ulkopuoliset eiv\u00e4t voi tarkastella, vain blogin tekij\u00e4 ja opettaja voi<\/li><li><strong>N\u00e4kyv\u00e4t henkil\u00f6kohtaiset blogit<\/strong> &#8211; yksitt\u00e4iset blogit, joita muut voivat lukea, mutta eiv\u00e4t postata n\u00e4ihin<\/li><\/ul>\n\n\n\n<h4 class=\"wp-block-heading\"><strong><span class=\"has-inline-color has-vivid-red-color\">Maksimin\u00e4kyvyys<\/span>, eli n\u00e4kyvyysvaihtoehdot:<\/strong><\/h4>\n\n\n\n<ul class=\"wp-block-list\"><li>Jos k\u00e4yt\u00f6ss\u00e4 on yksitt\u00e4iset blogit, Separate individual blogs -vaihtoehdossa ket\u00e4\u00e4n muu kuin omistaja ei n\u00e4e blogia (+opettaja)<\/li><li><strong>Blogikirjoitukset n\u00e4kyv\u00e4t vain kurssin osallistujille<\/strong> &#8211; kurssilaiset n\u00e4kev\u00e4t aktiviteetin<\/li><li><strong>Blogikirjoitukset n\u00e4kv\u00e4t kaikille j\u00e4rjestelm\u00e4\u00e4n kirjautuneille<\/strong> &#8211; kaikki kirjautuneet n\u00e4kev\u00e4t aktiviteetin vaikka eiv\u00e4t olisi kurssilla<\/li><li><strong>Blogikirjoitukset n\u00e4kyv\u00e4t koko maailmalle (internetille)<\/strong> &#8211; kaikki, joilla on osoite blogiin n\u00e4kev\u00e4t t\u00e4m\u00e4n<\/li><\/ul>\n\n\n\n<h4 class=\"wp-block-heading\">Valmis blogi n\u00e4ytt\u00e4\u00e4 t\u00e4lt\u00e4<\/h4>\n\n\n\n<figure class=\"wp-block-image size-large\"><img loading=\"lazy\" decoding=\"async\" width=\"800\" height=\"522\" src=\"https:\/\/esamksupport.samk.fi\/ohje\/wp-content\/uploads\/sites\/3\/2021\/08\/oublog_post-1-800x522.png\" alt=\"\" class=\"wp-image-2659\" srcset=\"https:\/\/esamksupport.samk.fi\/ohje\/wp-content\/uploads\/sites\/3\/2021\/08\/oublog_post-1.png 800w, https:\/\/esamksupport.samk.fi\/ohje\/wp-content\/uploads\/sites\/3\/2021\/08\/oublog_post-1-768x501.png 768w\" sizes=\"auto, (max-width: 800px) 100vw, 800px\" \/><\/figure>\n","protected":false},"excerpt":{"rendered":"<p>OU Blog on toistaiseksi vain englanninkielisen\u00e4 saatava blogilohko, joka toimi erillisen\u00e4 blogina Moodlen oman blogilohkon rinnalla. Blogiin voidaan m\u00e4\u00e4ritt\u00e4\u00e4 ketk\u00e4 voivat osallistua blogaamiseen, kommentoida ja mill\u00e4 aikav\u00e4lill\u00e4. M\u00e4\u00e4ritelle blogille nimi sek\u00e4 ketk\u00e4 saavat kommentoida ja n\u00e4hd\u00e4 t\u00e4m\u00e4n: Voit t\u00e4m\u00e4n lis\u00e4ksi m\u00e4\u00e4ritell\u00e4 OU-blogin asetuksissa n\u00e4kyvyyden ja blogin luonteen. Asetus &#8221;Yksitt\u00e4iset blogit&#8221; s\u00e4\u00e4t\u00e4\u00e4 onko blogi kurssikohtainen, yksil\u00f6kohtainen vai piilotettu yksil\u00f6kohtainen. Asetus &#8221;Maksimin\u00e4kyvyys&#8221; m\u00e4\u00e4ritt\u00e4\u00e4 blogin n\u00e4kyvyyden, onko t\u00e4m\u00e4 kurssikohtainen vai globaalisti saatavilla oleva kaikille Moodlessa kirjautuneille. Yksitt\u00e4iset blogit asetusvaihtoehdot: Ei (yhteinen ja ryhm\u00e4blogi) &#8211; ei yksitt\u00e4isi\u00e4 blogeja, kaikki voivat postata samaan blogiin ja n\u00e4hd\u00e4 t\u00e4m\u00e4n Erilliset henkil\u00f6kohtaiset blogit &#8211; yksitt\u00e4iset blogit, joita ulkopuoliset eiv\u00e4t voi tarkastella, vain blogin tekij\u00e4 ja opettaja voi N\u00e4kyv\u00e4t henkil\u00f6kohtaiset blogit &#8211; yksitt\u00e4iset blogit, joita muut voivat lukea, mutta eiv\u00e4t postata n\u00e4ihin Maksimin\u00e4kyvyys, eli n\u00e4kyvyysvaihtoehdot: Jos k\u00e4yt\u00f6ss\u00e4 on yksitt\u00e4iset blogit, Separate individual blogs -vaihtoehdossa ket\u00e4\u00e4n muu kuin omistaja ei n\u00e4e blogia (+opettaja) Blogikirjoitukset n\u00e4kyv\u00e4t vain kurssin osallistujille &#8211; kurssilaiset&hellip;<\/p>\n<p> <a class=\"more-link\" href=\"https:\/\/esamksupport.samk.fi\/ohje\/moodle-opettaja-aktiviteetit-oublog\/\">Lue Lis\u00e4\u00e4<\/a><\/p>\n","protected":false},"author":2,"featured_media":0,"parent":0,"menu_order":0,"comment_status":"closed","ping_status":"open","template":"","meta":{"footnotes":""},"class_list":["post-189","page","type-page","status-publish"],"_links":{"self":[{"href":"https:\/\/esamksupport.samk.fi\/ohje\/wp-json\/wp\/v2\/pages\/189","targetHints":{"allow":["GET"]}}],"collection":[{"href":"https:\/\/esamksupport.samk.fi\/ohje\/wp-json\/wp\/v2\/pages"}],"about":[{"href":"https:\/\/esamksupport.samk.fi\/ohje\/wp-json\/wp\/v2\/types\/page"}],"author":[{"embeddable":true,"href":"https:\/\/esamksupport.samk.fi\/ohje\/wp-json\/wp\/v2\/users\/2"}],"replies":[{"embeddable":true,"href":"https:\/\/esamksupport.samk.fi\/ohje\/wp-json\/wp\/v2\/comments?post=189"}],"version-history":[{"count":3,"href":"https:\/\/esamksupport.samk.fi\/ohje\/wp-json\/wp\/v2\/pages\/189\/revisions"}],"predecessor-version":[{"id":2660,"href":"https:\/\/esamksupport.samk.fi\/ohje\/wp-json\/wp\/v2\/pages\/189\/revisions\/2660"}],"wp:attachment":[{"href":"https:\/\/esamksupport.samk.fi\/ohje\/wp-json\/wp\/v2\/media?parent=189"}],"curies":[{"name":"wp","href":"https:\/\/api.w.org\/{rel}","templated":true}]}}