{"id":1890,"date":"2021-05-28T12:29:11","date_gmt":"2021-05-28T09:29:11","guid":{"rendered":"https:\/\/esamksupport.samk.fi\/ohje\/?page_id=1890"},"modified":"2024-12-09T14:04:49","modified_gmt":"2024-12-09T12:04:49","slug":"wihi-ohjaajan-ohje","status":"publish","type":"page","link":"https:\/\/esamksupport.samk.fi\/ohje\/wihi-ohjaajan-ohje\/","title":{"rendered":"Wihi > Ohjaajan ohje"},"content":{"rendered":"\n\n\t<p><strong>Wihi<\/strong><\/p>\n<ul>\n<li>Wihi on opinn\u00e4ytet\u00f6iden ohjaukseen tehty j\u00e4rjestelm\u00e4.\n<ul>\n<li>Opiskelija ja ohjaajat ty\u00f6skentelev\u00e4t Wihiss\u00e4 koko opinn\u00e4ytety\u00f6prosessin ajan ja voivat l\u00e4hett\u00e4\u00e4 viestej\u00e4 sek\u00e4 lis\u00e4t\u00e4 tiedostoja ja teht\u00e4vi\u00e4 Wihin kautta.<\/li>\n<\/ul>\n<\/li>\n<li>Wihi l\u00f6ytyy osoitteesta\u00a0<strong><a href=\"https:\/\/samk.wihi.fi\" target=\"_blank\" rel=\"noopener\">https:\/\/samk.wihi.fi<\/a><\/strong><\/li>\n<li>Opiskelijoille joilla opn-opintojen rakenne on 5+5+5 op (AMK) tai 10+10+10 op (YAMK).<\/li>\n<li>Wihiin saa tukea eSAMK:sta <a href=\"mailto:esamk.support@samk.fi\">esamk.support@samk.fi<\/a>\n<ul>\n<li>Wihiss\u00e4 on oikeassa yl\u00e4reunassa kysymysmerkki, josta p\u00e4\u00e4see k\u00e4ytt\u00f6ohjeisiin.<\/li>\n<\/ul>\n<\/li>\n<\/ul>\n<p><strong>Wihin k\u00e4yt\u00f6n aloitus<\/strong><\/p>\n<p>Kun sinulla tiedossa ohjattava ja opinn\u00e4ytety\u00f6n aiheesta ja aloittamisesta on sovittu, ohjataan opiskelija tekem\u00e4\u00e4n aihe-ehdotus alustavin tiedoin Wihiin. Opiskelija voi muokata aihe-ehdotustaan luonnoksena ilman, ett\u00e4 se n\u00e4kyy Wihiss\u00e4.<\/p>\n<p>Kun opiskelija on hyv\u00e4ksynyt oman aihe-ehdotuksensa ja tallentanut sen Wihiin siit\u00e4 ei mene automaattisesti tietoa koordinaattorille, vaan koordinaattori tarkistaa Wihist\u00e4 uudet aihe-ehdotukset. Ilmoita t\u00e4st\u00e4 tiimivastaavallesi, jolloin h\u00e4n hyv\u00e4ksyy aihe-ehdotuksen ja liitt\u00e4\u00e4 sinut ohjaajaksi ty\u00f6h\u00f6n.<\/p>\n<ul>\n<li>\n<ul>\n<li>Saat kutsun ohjattavastasi s\u00e4hk\u00f6postiisi. Sinun pit\u00e4\u00e4 hyv\u00e4ksy\u00e4 se.<\/li>\n<li>Jos kyseess\u00e4 on parity\u00f6, koordinaattori voi hyv\u00e4ksy\u00e4 aihe-ehdotuksen vasta, kun projektiin lis\u00e4tty opiskelija on hyv\u00e4ksynyt kutsun.<\/li>\n<\/ul>\n<\/li>\n<\/ul>\n<p>Jos tiimivastaavaa ei ole tavoitettavissa, mutta ty\u00f6n aloittamisesta on sovittu, voit laittaa viesti\u00e4 jollekin muulle koordinaattorin roolin omaavalle henkil\u00f6lle tai esim. Loki p\u00e4\u00e4k\u00e4ytt\u00e4j\u00e4lle.<\/p>\n<p>&nbsp;<\/p>\n<p><strong>Ohjaus Wihiss\u00e4<\/strong><\/p>\n<ul>\n<li>\n<ul>\n<li>Kun saat tiedon, ett\u00e4 sinut on nimetty ohjaajaksi, ota yhteytt\u00e4 ohjattavaan ja sovi h\u00e4nen kanssaan aloituskeskustelusta l\u00e4hett\u00e4m\u00e4ll\u00e4 Wihiss\u00e4 viesti opiskelijalle Kirjoita viesti -toiminnolla.<\/li>\n<li>P\u00e4\u00e4asiassa kaikki ohjauksen aikainen viestint\u00e4 (lukuun ottamatta kasvokkaisia ohjauspalavereja ja seminaareja) ja v\u00e4livaiheiden raporttien palautukset tapahtuvat Wihiss\u00e4.<\/li>\n<li>Opiskelija voi luoda itselleen teht\u00e4vi\u00e4, jotka tulevat n\u00e4kyviin ohjaajan ty\u00f6tilaan. Opiskelijaa kannattaa kannustaa kirjaamaan ohjaustapaamisissa sovitut askelmerkit teht\u00e4viin. Lis\u00e4ksi opiskelija voi itsen\u00e4isesti kirjata teht\u00e4viin opinn\u00e4ytety\u00f6projektin v\u00e4litavoitteita ja toimenpiteit\u00e4. My\u00f6s ohjaaja voi lis\u00e4t\u00e4 teht\u00e4vi\u00e4.<\/li>\n<li>Wihiin palautettuja tiedostoja voi l\u00e4hett\u00e4\u00e4 ulkopuolisille henkil\u00f6ille, kuten kieltenopettajille tai toimeksiantajan edustajille &#8221;L\u00e4het\u00e4 kommentoitavaksi&#8221; -linkin kautta. Ulkopuoliset kommentit n\u00e4kyv\u00e4t &#8221;Sidosryhmien lausunnot&#8221; -osiossa Wihin oikeassa alalaidassa.<\/li>\n<\/ul>\n<\/li>\n<\/ul>\n<p><strong>Opinn\u00e4ytety\u00f6prosessin vaiheet Wihiss\u00e4<\/strong><\/p>\n<ol>\n<li>Kun opinn\u00e4ytteen aihe (1), projektisuunnitelma ja aikataulu (2) on hyv\u00e4ksytty, seuraa vaihe opinn\u00e4ytety\u00f6 1\/3 (3). Kun hyv\u00e4ksyt vaiheen 1\/3, Peppiin tulee automaattisesti suoritusmerkint\u00e4 HYV Opinn\u00e4ytety\u00f6, suunnitelma (5 op). Jos hyv\u00e4ksyt vaiheen liian aikaisin, koordinaattori voi palauttaa ty\u00f6n edelliseen vaiheeseen. <strong>Huom!\u00a0<\/strong>T\u00e4ss\u00e4 vaiheessa, eli vaiheen 1\/3 hyv\u00e4ksymisen yhteydess\u00e4 tulee merkit\u00e4 koko opinn\u00e4ytety\u00f6n kaikki TKI-pisteet (15 tai 30 op).<\/li>\n<li>Opinn\u00e4ytety\u00f6n vaihe 2\/3 (4) hyv\u00e4ksyt\u00e4\u00e4n sen j\u00e4lkeen kun opinn\u00e4ytety\u00f6n toteutus on valmis. Kun hyv\u00e4ksyt vaiheen, Lokiin tulee automaattisesti suoritusmerkint\u00e4 HYV. Jos hyv\u00e4ksyt vaiheen liian aikaisin, koordinaattori voi palauttaa ty\u00f6n edelliseen vaiheeseen. 2\/3 vaiheessa opiskelijalla on my\u00f6s jatkossa mahdollista laittaa ty\u00f6ns\u00e4 Turnitin v\u00e4litarkistukseen.<\/li>\n<li>Opinn\u00e4ytety\u00f6n vaiheessa 3\/3 (5) ennen lopullista arviointia opiskelija palauttaa viimeisen version opinn\u00e4ytety\u00f6st\u00e4\u00e4n plagioinnintarkistukseen (Turnitin) analysoitavaksi.<\/li>\n<li>Ohjaajan hyl\u00e4tess\u00e4 plagioinnintarkistuksen aukeaa opiskelijalle mahdollisuus l\u00e4hett\u00e4\u00e4 tiedosto korjattuna uudelleen tarkastukseen. Turnitinin pit\u00e4isi ottaa huomioon jo edellinen palautettu ty\u00f6. Opiskelija on ainoa joka voi laittaa ty\u00f6n plagioinnintarkistukseen.<\/li>\n<li>Ennen arviointia ohjaaja varmistaa, ett\u00e4 opinn\u00e4ytety\u00f6n otsikko Wihiss\u00e4 on ty\u00f6n lopullinen otsikko.<\/li>\n<li>Arviointilomakkeeseen on tullut ammattikorkeakoulujen toivomuksesta uusia kohtia, jotka tulee t\u00e4ytt\u00e4\u00e4:\u00a0Kieli, jolla opinn\u00e4yte on tehty (pudotusvalikko), Hyv\u00e4ksytyn kypsyysn\u00e4ytteen suoritusp\u00e4iv\u00e4m\u00e4\u00e4r\u00e4, Hyv\u00e4ksytyn kypsyysn\u00e4ytteen arvioija ja Plagioinnintarkastus on suoritettu. Plagioinnin tarkastus viittaa siihen, ett\u00e4 opinn\u00e4ytety\u00f6raportti on hyv\u00e4ksytysti l\u00e4p\u00e4issyt plagioinnin tarkastusprosessin.<\/li>\n<li>Kun opinn\u00e4ytety\u00f6 on arvioitu, vie opiskelija t\u00e4m\u00e4n pitk\u00e4aikaiss\u00e4ilytykseen, joka tarkoittaa kansallista Theseus-arkistoa.<\/li>\n<li>Theseuksesta opiskelija saa ty\u00f6n pysyv\u00e4n osoitteen, joka on muotoa <a href=\"http:\/\/urn.fi\/URN:NBN:fi\">http:\/\/urn.fi\/URN:NBN:fi<\/a>:. T\u00e4m\u00e4n opiskelijan t\u00e4ytyy p\u00e4ivitt\u00e4\u00e4 lopuksi Wihiin, jotta viimeinen arvosana ty\u00f6st\u00e4 ja ty\u00f6n tiedot p\u00e4ivittyv\u00e4t viimeisen kerran Lokiin.\n<ul>\n<li>Huomio, ett\u00e4 Theseukseen laitettu ty\u00f6 odottaa aina jonkin aikaa kirjastohenkil\u00f6kunnan hyv\u00e4ksynt\u00e4\u00e4, joten theseus-linkki ei toimi heti.<\/li>\n<\/ul>\n<\/li>\n<li>Ohjaaja p\u00e4\u00e4tt\u00e4\u00e4 arvioinnin ja opinn\u00e4ytety\u00f6projektin Wihiss\u00e4 (Julkaisuvaiheen projektit) ja opinn\u00e4ytety\u00f6n tiedot siirtyv\u00e4t opiskelijan tutkintotodistukseen. Opiskelija voi ladata arviointilomakkeen itselleen Wihist\u00e4.<\/li>\n<\/ol>\n<p><strong>Hyv\u00e4 tiet\u00e4\u00e4<\/strong><\/p>\n<ul>\n<li>Vaikka ohjaus onkin siirtynyt Wihiin, noudatamme edelleen yleist\u00e4 opinn\u00e4ytety\u00f6n ohjeistusta: <a href=\"https:\/\/www.samk.fi\/opinnaytetyon-ohjeet\/\">https:\/\/www.samk.fi\/opinnaytetyon-ohjeet\/<\/a><\/li>\n<li>Opiskelija voi muokata opinn\u00e4ytety\u00f6ns\u00e4 tietoja arviointiin asti, vaihe 3\/3.<\/li>\n<li>Opiskelija saa automaattisesti suoritusmerkinn\u00e4t Lokiin vaiheista edetess\u00e4\u00e4n Wihiss\u00e4 eli opiskelija ei tarvitse eik\u00e4 kuulu ilmoittautua opinn\u00e4ytety\u00f6n toteutuksille Lokissa jos h\u00e4n tekee ty\u00f6ns\u00e4 Wihiss\u00e4, sill\u00e4 Wihi hoitaa automaattisesti merkinn\u00e4t opinn\u00e4ytety\u00f6st\u00e4 Lokiin.<\/li>\n<li>Wihi ei ole arkisto eli ty\u00f6 sopimuksineen yms. liiteineen s\u00e4ilyy Wihiss\u00e4 yhden vuoden ajan. Ty\u00f6 liitteineen toimitetaan aina kampustoimistolle Tweb arkistointia varten.<\/li>\n<li>Koordinaattori roolilla olevat henkil\u00f6t n\u00e4kev\u00e4t kaikkien aihe-ehdotusten ja projektien lis\u00e4ksi my\u00f6s opiskelijoiden ja ohjaajien v\u00e4liset tiedostot ja viestit Wihiss\u00e4. Ohjaaja voi ottaa k\u00e4ytt\u00f6\u00f6n luottamuksellisen alueen. Se kattaa koko projektin ja t\u00e4ll\u00f6in vain sin\u00e4, opiskelija, ohjaajat ja tarkastajat n\u00e4kev\u00e4t projektin luottamukselliset liitteet. Jokaisella vaiheella on omat liitteens\u00e4, ja vain opiskelija voi lis\u00e4t\u00e4 niit\u00e4.<\/li>\n<\/ul>\n<p>&nbsp;<\/p>\n\n","protected":false},"excerpt":{"rendered":"<p>Wihi Wihi on opinn\u00e4ytet\u00f6iden ohjaukseen tehty j\u00e4rjestelm\u00e4. Opiskelija ja ohjaajat ty\u00f6skentelev\u00e4t Wihiss\u00e4 koko opinn\u00e4ytety\u00f6prosessin ajan ja voivat l\u00e4hett\u00e4\u00e4 viestej\u00e4 sek\u00e4 lis\u00e4t\u00e4 tiedostoja ja teht\u00e4vi\u00e4 Wihin kautta. Wihi l\u00f6ytyy osoitteesta\u00a0https:\/\/samk.wihi.fi Opiskelijoille joilla opn-opintojen rakenne on 5+5+5 op (AMK) tai 10+10+10 op (YAMK). Wihiin saa tukea eSAMK:sta esamk.support@samk.fi Wihiss\u00e4 on oikeassa yl\u00e4reunassa kysymysmerkki, josta p\u00e4\u00e4see k\u00e4ytt\u00f6ohjeisiin. Wihin k\u00e4yt\u00f6n aloitus Kun sinulla tiedossa ohjattava ja opinn\u00e4ytety\u00f6n aiheesta ja aloittamisesta on sovittu, ohjataan opiskelija tekem\u00e4\u00e4n aihe-ehdotus alustavin tiedoin Wihiin. Opiskelija voi muokata aihe-ehdotustaan luonnoksena ilman, ett\u00e4 se n\u00e4kyy Wihiss\u00e4. Kun opiskelija on hyv\u00e4ksynyt oman aihe-ehdotuksensa ja tallentanut sen Wihiin siit\u00e4 ei mene automaattisesti tietoa koordinaattorille, vaan koordinaattori tarkistaa Wihist\u00e4 uudet aihe-ehdotukset. Ilmoita t\u00e4st\u00e4 tiimivastaavallesi, jolloin h\u00e4n hyv\u00e4ksyy aihe-ehdotuksen ja liitt\u00e4\u00e4 sinut ohjaajaksi ty\u00f6h\u00f6n. Saat kutsun ohjattavastasi s\u00e4hk\u00f6postiisi. Sinun pit\u00e4\u00e4 hyv\u00e4ksy\u00e4 se. Jos kyseess\u00e4 on parity\u00f6, koordinaattori voi hyv\u00e4ksy\u00e4 aihe-ehdotuksen vasta, kun projektiin lis\u00e4tty opiskelija on hyv\u00e4ksynyt kutsun. Jos tiimivastaavaa ei ole tavoitettavissa, mutta ty\u00f6n&hellip;<\/p>\n<p> <a class=\"more-link\" href=\"https:\/\/esamksupport.samk.fi\/ohje\/wihi-ohjaajan-ohje\/\">Lue Lis\u00e4\u00e4<\/a><\/p>\n","protected":false},"author":13,"featured_media":0,"parent":0,"menu_order":0,"comment_status":"closed","ping_status":"open","template":"","meta":{"footnotes":""},"class_list":["post-1890","page","type-page","status-publish"],"_links":{"self":[{"href":"https:\/\/esamksupport.samk.fi\/ohje\/wp-json\/wp\/v2\/pages\/1890","targetHints":{"allow":["GET"]}}],"collection":[{"href":"https:\/\/esamksupport.samk.fi\/ohje\/wp-json\/wp\/v2\/pages"}],"about":[{"href":"https:\/\/esamksupport.samk.fi\/ohje\/wp-json\/wp\/v2\/types\/page"}],"author":[{"embeddable":true,"href":"https:\/\/esamksupport.samk.fi\/ohje\/wp-json\/wp\/v2\/users\/13"}],"replies":[{"embeddable":true,"href":"https:\/\/esamksupport.samk.fi\/ohje\/wp-json\/wp\/v2\/comments?post=1890"}],"version-history":[{"count":29,"href":"https:\/\/esamksupport.samk.fi\/ohje\/wp-json\/wp\/v2\/pages\/1890\/revisions"}],"predecessor-version":[{"id":4128,"href":"https:\/\/esamksupport.samk.fi\/ohje\/wp-json\/wp\/v2\/pages\/1890\/revisions\/4128"}],"wp:attachment":[{"href":"https:\/\/esamksupport.samk.fi\/ohje\/wp-json\/wp\/v2\/media?parent=1890"}],"curies":[{"name":"wp","href":"https:\/\/api.w.org\/{rel}","templated":true}]}}