{"id":1892,"date":"2021-05-28T12:29:43","date_gmt":"2021-05-28T09:29:43","guid":{"rendered":"https:\/\/esamksupport.samk.fi\/ohje\/?page_id=1892"},"modified":"2022-05-03T10:28:04","modified_gmt":"2022-05-03T07:28:04","slug":"wihi-koordinaattorin-ohje","status":"publish","type":"page","link":"https:\/\/esamksupport.samk.fi\/ohje\/wihi-koordinaattorin-ohje\/","title":{"rendered":"Wihi > Koordinaattorin ohje"},"content":{"rendered":"\n\n\t<p><strong>Mik\u00e4 Wihi on ja mit\u00e4 teen Wihill\u00e4?<\/strong><\/p>\n<ul>\n<li>Opinn\u00e4ytety\u00f6 ohjataan Wihiss\u00e4, joka on opinn\u00e4ytet\u00f6iden ohjaukseen tehty j\u00e4rjestelm\u00e4. Opiskelija ja ohjaaja(t) molemmat ty\u00f6skentelev\u00e4t Wihin kautta koko ONT-prosessin l\u00e4pi.<\/li>\n<li>Koordinaattori on ns. tukiroolissa j\u00e4rjestelm\u00e4ss\u00e4 ja t\u00e4m\u00e4n teht\u00e4v\u00e4n\u00e4 on p\u00e4\u00e4asiallisesti hyv\u00e4ksy\u00e4 tulleet koulutusohjelmansa opinn\u00e4ytety\u00f6aihe-ehdotukset ja liitt\u00e4\u00e4 n\u00e4ihin ohjaaja (ja tarpeen mukaan my\u00f6s tarkastaja jos tiedossa). Koordinaattori pystyy seuraamaan koulutusohjelmittain opinn\u00e4ytet\u00f6iden edistymist\u00e4 Wihiss\u00e4 eri raporttin\u00e4kymist\u00e4.<\/li>\n<\/ul>\n<p>&nbsp;<\/p>\n<p><strong>Ketk\u00e4 k\u00e4ytt\u00e4v\u00e4t Wihi\u00e4 heti 2021 alusta?<\/strong><\/p>\n<ul>\n<li>Kaikki koulutusohjelmat joilla on joko 5+5+5 op (AMK) tai 10+10+10 op (YAMK) rakenne.<\/li>\n<li>Poikkeuksina:\n<ul>\n<li>Ne perustutkinnon ohjelmat, joissa 4+4+2+5 op rakenne.<\/li>\n<li>Ne YAMK ohjelmat, joissa ty\u00f6 aloitettu 5+5+5+15 op rakenteella.<\/li>\n<\/ul>\n<\/li>\n<\/ul>\n<p>&nbsp;<\/p>\n<p><strong>Mit\u00e4 teen Wihill\u00e4?<\/strong><\/p>\n<ul>\n<li>Opinn\u00e4ytety\u00f6 ohjataan Wihiss\u00e4. Opiskelija ja ohjaajat molemmat ty\u00f6skentelev\u00e4t Wihin kautta koko opinn\u00e4ytety\u00f6prosessin l\u00e4pi.<\/li>\n<li>Koordinaattorin teht\u00e4v\u00e4n\u00e4 on liitt\u00e4\u00e4 ty\u00f6n p\u00e4\u00e4ohjaaja opiskelijan aihe-ehdotukseen. Ohjaaja voi sitten m\u00e4\u00e4ritt\u00e4\u00e4 itse lis\u00e4ohjaajat ja tarkastajat.<\/li>\n<\/ul>\n<p>&nbsp;<\/p>\n<p><strong>Miss\u00e4 Wihi sijaitsee?<\/strong><\/p>\n<ul>\n<li>Wihi l\u00f6ytyy osoitteesta <a href=\"https:\/\/samk.wihi.fi\">https:\/\/samk.wihi.fi<\/a>.<\/li>\n<\/ul>\n<p>&nbsp;<\/p>\n<p><strong>Miten aloitan Wihin k\u00e4yt\u00f6n?<\/strong><\/p>\n<ul>\n<li>Kun ohjaaja ja opiskelija ovat sopineet opinn\u00e4ytety\u00f6n aloittamisesta, tekee opiskelija aihe-ehdotuksen ty\u00f6st\u00e4\u00e4n Wihiin.<\/li>\n<li>Opiskelija tai ohjaaja ilmoittaa aihe-ehdotuksesta koordinaattorille, joka hyv\u00e4ksyy tai hylk\u00e4\u00e4 aihe-ehdotuksen. Hyv\u00e4ksytty\u00e4\u00e4n aihe-ehdotuksen koordinaattori liitt\u00e4\u00e4 valitun ohjaajan ty\u00f6h\u00f6n, jolloin n\u00e4m\u00e4 voivat aloittaa opinn\u00e4ytety\u00f6n ty\u00f6st\u00e4misen Wihin ty\u00f6tilassa.\n<ul>\n<li>Opiskelija p\u00e4\u00e4see ty\u00f6tilaan, jos ty\u00f6 on hyv\u00e4ksytty mutta ohjaajaa ei ole. H\u00e4n ei kuitenkaan siell\u00e4 pysty tekem\u00e4\u00e4n paljoa ilman ohjaajaa (ominaisuudet lukittu, kunnes ohjaaja liittyy ty\u00f6tilaan).<\/li>\n<\/ul>\n<\/li>\n<\/ul>\n<ul>\n<li>\n<ul>\n<li>Koordinaattori voi muokata ty\u00f6n ohjaajia ja tarkastajia valitsemalla t\u00e4m\u00e4n ehdotuksien listauksesta ja sitten painamalla Lis\u00e4\u00e4 ohjaaja\/tarkastaja.\n<ul>\n<li>Aukeavassa ikkunassa asetetaan ohjaajat ja tarkastaja.<\/li>\n<\/ul>\n<\/li>\n<\/ul>\n<\/li>\n<\/ul>\n<ul>\n<li>Opiskelija voi muokata aihe-ehdotuksessa antamia tietojaan vaiheeseen &#8221;Opinn\u00e4ytety\u00f6 3\/3&#8221; asti, joten jos aihe-ehdotuksessa on kirjoitusvirheit\u00e4 tai puutteellisia tietoja ei t\u00e4m\u00e4 est\u00e4 ty\u00f6n hyv\u00e4ksymist\u00e4.<\/li>\n<\/ul>\n<p>&nbsp;<\/p>\n<p><strong>Mit\u00e4 muuta minun pit\u00e4\u00e4 tiet\u00e4\u00e4?<\/strong><\/p>\n<ul>\n<li>Vaikka ohjaus onkin siirtynyt Wihiin, noudatamme edelleen yleist\u00e4 opinn\u00e4ytety\u00f6n ohjeistusta: <a href=\"https:\/\/www.samk.fi\/opinnaytetyon-ohjeet\/\">https:\/\/www.samk.fi\/opinnaytetyon-ohjeet\/<\/a><\/li>\n<li>Opiskelija saa automaattisesti suoritusmerkinn\u00e4t vaiheissa edetess\u00e4\u00e4n Wihiss\u00e4. Poikkeuksena YAMK-ohjelmien siirtym\u00e4aika, jona kaikki suoritusmerkinn\u00e4t kirjataan k\u00e4sin (31.7.2022 asti).\n<ul>\n<li>N\u00e4m\u00e4 tehd\u00e4\u00e4n joko toteutus- tai opintojaksoarviointina.<\/li>\n<\/ul>\n<\/li>\n<li>Wihiss\u00e4 vaiheen ollessa aktiivinen vain viestin tai tiedoston lataaja voi poistaa t\u00e4m\u00e4n.<\/li>\n<li>Koordinaattori pystyy asettamaan ohjaajat ja tarkastajat aktiivisten projektien sivulta n\u00e4in:\n<ul>\n<li>Valitse ty\u00f6.<\/li>\n<li>Muokkaa ohjaajia\/tarkastajia.<\/li>\n<\/ul>\n<\/li>\n<li>Ennen kuin ohjaaja voi hyv\u00e4ksy\u00e4 arvioinnin vaiheessa &#8221;Opinn\u00e4ytety\u00f6 3\/3&#8221; pit\u00e4\u00e4 ty\u00f6 olla:\n<ul>\n<li><strong>Laitettu hyv\u00e4ksytysti l\u00e4pi plagiaatintunnistuksen.<\/strong><\/li>\n<li><strong>Kaikkien ty\u00f6n tarkastajan arvioima <\/strong>\n<ul>\n<li>Voit asettaa ty\u00f6h\u00f6n lis\u00e4ohjaajia ja tarkastajia, jotka toimivat arvioijina.<\/li>\n<li>Perustutkinnon t\u00f6iss\u00e4 ei tarvitse asettaa muita ohjaajia tai tarkastajia.<\/li>\n<\/ul>\n<\/li>\n<\/ul>\n<\/li>\n<\/ul>\n<ul>\n<li>Lopussa kun opinn\u00e4ytety\u00f6 on arvioitu, vie opiskelija t\u00e4m\u00e4n pitk\u00e4aikaiss\u00e4ilytykseen, joka tarkoittaa kansallista Theseus-arkistoa.\n<ul>\n<li>Theseuksesta opiskelija saa ty\u00f6n pysyv\u00e4n osoitteen, joka on muotoa <a href=\"http:\/\/urn.fi\/URN:NBN:fi\">http:\/\/urn.fi\/URN:NBN:fi<\/a>:. T\u00e4m\u00e4n opiskelijan t\u00e4ytyy p\u00e4ivitt\u00e4\u00e4 lopuksi Wihiin, jotta viimeinen arvosana ty\u00f6st\u00e4 ja ty\u00f6n tiedot p\u00e4ivittyv\u00e4t viimeisen kerran Lokiin.<\/li>\n<li>Vaikka opiskelijan ty\u00f6n julkaisu olisi kielletty arkistoidaan t\u00e4m\u00e4 Theseukseen, kts. tarkemmat ohjeet: <a href=\"https:\/\/oiva.samk.fi\/opinnaytetyo\/opinnaytetyon-valmistumisvaihe\/\">https:\/\/oiva.samk.fi\/opinnaytetyo\/opinnaytetyon-valmistumisvaihe\/<\/a><\/li>\n<\/ul>\n<\/li>\n<\/ul>\n<ul>\n<li>Koordinaattori voi aihe-ehdotuksien n\u00e4kym\u00e4ss\u00e4 valita n\u00e4kyv\u00e4ksi vain edustamansa koulutusohjelman, jolloin muita aihe-ehdotuksia ei n\u00e4y t\u00e4lle.<\/li>\n<li>Koordinaattori saa my\u00f6s ilmoituksia Wihist\u00e4, ja riippuen mit\u00e4 tutkinto-ohjelmia h\u00e4n on asettanut seurantaan, tulee n\u00e4ist\u00e4 automaattisia viestej\u00e4 my\u00f6s h\u00e4nelle.<\/li>\n<li>P\u00e4\u00e4k\u00e4ytt\u00e4j\u00e4t laittavat muistutuksia v\u00e4lill\u00e4 koordinaattoreille, jos Wihiin kertyy paljon aihe-ehdotuksia.<\/li>\n<li>Opiskelijoita on ohjeistettu merkitsem\u00e4\u00e4n aihe-ehdotuksen kentt\u00e4\u00e4n &#8221;<strong>Suuntautumisvaihtoehto<\/strong>&#8221; ryhm\u00e4ns\u00e4 helpottaakseen koordinaattorin ty\u00f6t\u00e4 (esim. liiketalouden suodatin koulutusohjelmassa n\u00e4ytt\u00e4\u00e4 kaikki Porin, Rauman ja Huittisten aihe-ehdotukset, ryhm\u00e4n nimest\u00e4 tunnistaa mik\u00e4 niist\u00e4 kyseess\u00e4, esim ALT19SH).<\/li>\n<\/ul>\n<p>&nbsp;<\/p>\n<p><strong>Mist\u00e4 l\u00f6yd\u00e4n ohjeita Wihin k\u00e4ytt\u00f6\u00f6n?<\/strong><\/p>\n<ul>\n<li>T\u00e4lle sivustolle p\u00e4ivitet\u00e4\u00e4n uusimmat Wihin ohjeet.<\/li>\n<li>Youtube-kanava eSAMK Support sis\u00e4lt\u00e4\u00e4 ohjevideioita niin Wihist\u00e4 kuin muista opetuksen j\u00e4rjestelmist\u00e4: <a href=\"https:\/\/www.youtube.com\/user\/SAMKSoleHOPS\">https:\/\/www.youtube.com\/user\/SAMKSoleHOPS<\/a>.<\/li>\n<\/ul>\n<p>&nbsp;<\/p>\n<p><strong>Miten karkeasti Wihiss\u00e4 pit\u00e4\u00e4 edet\u00e4?<\/strong><\/p>\n<ol>\n<li>Opiskelija tekee aihe-ehdotuksen.<\/li>\n<li>Koordinaattorin roolissa oleva (tiimivastaava tai muu) hyv\u00e4ksyy ehdotuksen ja liitt\u00e4\u00e4 ohjaajan (ja tarvittaessa muut ohjaajat\/tarkastajat) ty\u00f6h\u00f6n.<\/li>\n<li>Ohjaajan liittyess\u00e4 ty\u00f6tilaan aukeaa t\u00e4m\u00e4 opiskelijalle kaikilta ominaisuuksiltaan:\n<ol>\n<li>Tallentakaa opinn\u00e4ytety\u00f6sopimus ja opinn\u00e4ytety\u00f6suunnitelma Wihiin.<\/li>\n<li>Ohjaaja sopii aloituskeskustelusta opiskelijan kanssa.<\/li>\n<li>Ohjaaja kehoittaa opiskelijaa korjaamaan tarvittaessa aihe-ehdotuksessa annettuja tietoja jo.<\/li>\n<li>Kun ty\u00f6 on valmis aloitettavaksi, ohjaaja hyv\u00e4ksyy vaiheen ja siirt\u00e4\u00e4 ty\u00f6n vaiheesta seuraavaan.<\/li>\n<\/ol>\n<\/li>\n<li>Vaiheissa &#8221;Opinn\u00e4ytety\u00f6 1\/3&#8221; ja &#8221;Opinn\u00e4ytety\u00f6 2\/3&#8221;, jotka ovat ensimm\u00e4isi\u00e4 varsinaisia opinn\u00e4ytety\u00f6n ty\u00f6vaiheita, edist\u00e4\u00e4 opiskelija ty\u00f6t\u00e4\u00e4n ohjatusti.\n<ol>\n<li>Edetess\u00e4 vaiheesta 1\/3 vaiheeseen 2\/3 ja 2\/3-&gt;3\/3 tulee opiskelijalle suoritusmerkinn\u00e4t (HYV) automaattisesti Lokiin.<\/li>\n<li>T\u00e4m\u00e4n lis\u00e4ksi vaiheessa &#8221;Opinn\u00e4ytety\u00f6 2\/3&#8221;, eli puoliv\u00e4liss\u00e4 k\u00e4yd\u00e4\u00e4n v\u00e4likeskustelu\/-seminaari opiskelijan kanssa.<\/li>\n<\/ol>\n<\/li>\n<li>P\u00e4\u00e4stess\u00e4 viimeiseen ty\u00f6vaiheeseen &#8221;Opinn\u00e4ytety\u00f6 3\/3&#8221; opiskelija viimeistelee ty\u00f6ns\u00e4, sopii loppukeskustelusta\/-seminaarista ja kypsyysn\u00e4ytteen tekemisest\u00e4 ohjaajan kanssa.\n<ol>\n<li>Opiskelija palauttaa t\u00e4ss\u00e4 vaiheessa viimeisimm\u00e4n version plagioinnintarkastuksen kautta arvioitavaksi.<\/li>\n<\/ol>\n<\/li>\n<li>Kun ty\u00f6 on arvioitu ohjaajan toimesta ja ty\u00f6 on hyv\u00e4ksytysti k\u00e4ytetty plagioinnintarkastuksessa, voidaan ty\u00f6 arvioida ja edet\u00e4 vaiheeseen &#8221;Opinn\u00e4ytety\u00f6n arviointi&#8221;, joka on j\u00e4lkivaihe opinn\u00e4ytety\u00f6prosessille.\n<ol>\n<li>T\u00e4ss\u00e4 vaiheessa opiskelija vie arvioidun, viimeisen version ty\u00f6st\u00e4\u00e4n Theseukseen ja tuot sielt\u00e4 URN-linkin Wihiin.<\/li>\n<\/ol>\n<\/li>\n<li>Kun opiskelija on URN-linkin tuonut ja ohjaaja t\u00e4m\u00e4n on tarkastanut oikeaksi ja hyv\u00e4ksynyt, on opinn\u00e4ytety\u00f6prosessi p\u00e4\u00e4ttynyt ja opiskelija voi nyt ladata arviointilausuntonsa Wihist\u00e4. Lokiin putoaa ty\u00f6n arvosana ja tiedot t\u00e4ss\u00e4 vaiheessa.<\/li>\n<\/ol>\n\n","protected":false},"excerpt":{"rendered":"<p>Mik\u00e4 Wihi on ja mit\u00e4 teen Wihill\u00e4? Opinn\u00e4ytety\u00f6 ohjataan Wihiss\u00e4, joka on opinn\u00e4ytet\u00f6iden ohjaukseen tehty j\u00e4rjestelm\u00e4. Opiskelija ja ohjaaja(t) molemmat ty\u00f6skentelev\u00e4t Wihin kautta koko ONT-prosessin l\u00e4pi. Koordinaattori on ns. tukiroolissa j\u00e4rjestelm\u00e4ss\u00e4 ja t\u00e4m\u00e4n teht\u00e4v\u00e4n\u00e4 on p\u00e4\u00e4asiallisesti hyv\u00e4ksy\u00e4 tulleet koulutusohjelmansa opinn\u00e4ytety\u00f6aihe-ehdotukset ja liitt\u00e4\u00e4 n\u00e4ihin ohjaaja (ja tarpeen mukaan my\u00f6s tarkastaja jos tiedossa). Koordinaattori pystyy seuraamaan koulutusohjelmittain opinn\u00e4ytet\u00f6iden edistymist\u00e4 Wihiss\u00e4 eri raporttin\u00e4kymist\u00e4. &nbsp; Ketk\u00e4 k\u00e4ytt\u00e4v\u00e4t Wihi\u00e4 heti 2021 alusta? Kaikki koulutusohjelmat joilla on joko 5+5+5 op (AMK) tai 10+10+10 op (YAMK) rakenne. Poikkeuksina: Ne perustutkinnon ohjelmat, joissa 4+4+2+5 op rakenne. Ne YAMK ohjelmat, joissa ty\u00f6 aloitettu 5+5+5+15 op rakenteella. &nbsp; Mit\u00e4 teen Wihill\u00e4? Opinn\u00e4ytety\u00f6 ohjataan Wihiss\u00e4. Opiskelija ja ohjaajat molemmat ty\u00f6skentelev\u00e4t Wihin kautta koko opinn\u00e4ytety\u00f6prosessin l\u00e4pi. Koordinaattorin teht\u00e4v\u00e4n\u00e4 on liitt\u00e4\u00e4 ty\u00f6n p\u00e4\u00e4ohjaaja opiskelijan aihe-ehdotukseen. Ohjaaja voi sitten m\u00e4\u00e4ritt\u00e4\u00e4 itse lis\u00e4ohjaajat ja tarkastajat. &nbsp; Miss\u00e4 Wihi sijaitsee? Wihi l\u00f6ytyy osoitteesta https:\/\/samk.wihi.fi. &nbsp; Miten aloitan Wihin k\u00e4yt\u00f6n? Kun ohjaaja ja opiskelija ovat sopineet opinn\u00e4ytety\u00f6n&hellip;<\/p>\n<p> <a class=\"more-link\" href=\"https:\/\/esamksupport.samk.fi\/ohje\/wihi-koordinaattorin-ohje\/\">Lue Lis\u00e4\u00e4<\/a><\/p>\n","protected":false},"author":13,"featured_media":0,"parent":0,"menu_order":0,"comment_status":"closed","ping_status":"open","template":"","meta":{"footnotes":""},"class_list":["post-1892","page","type-page","status-publish"],"_links":{"self":[{"href":"https:\/\/esamksupport.samk.fi\/ohje\/wp-json\/wp\/v2\/pages\/1892","targetHints":{"allow":["GET"]}}],"collection":[{"href":"https:\/\/esamksupport.samk.fi\/ohje\/wp-json\/wp\/v2\/pages"}],"about":[{"href":"https:\/\/esamksupport.samk.fi\/ohje\/wp-json\/wp\/v2\/types\/page"}],"author":[{"embeddable":true,"href":"https:\/\/esamksupport.samk.fi\/ohje\/wp-json\/wp\/v2\/users\/13"}],"replies":[{"embeddable":true,"href":"https:\/\/esamksupport.samk.fi\/ohje\/wp-json\/wp\/v2\/comments?post=1892"}],"version-history":[{"count":15,"href":"https:\/\/esamksupport.samk.fi\/ohje\/wp-json\/wp\/v2\/pages\/1892\/revisions"}],"predecessor-version":[{"id":3323,"href":"https:\/\/esamksupport.samk.fi\/ohje\/wp-json\/wp\/v2\/pages\/1892\/revisions\/3323"}],"wp:attachment":[{"href":"https:\/\/esamksupport.samk.fi\/ohje\/wp-json\/wp\/v2\/media?parent=1892"}],"curies":[{"name":"wp","href":"https:\/\/api.w.org\/{rel}","templated":true}]}}