{"id":191,"date":"2019-06-19T09:35:12","date_gmt":"2019-06-19T06:35:12","guid":{"rendered":"https:\/\/esamksupport.samk.fi\/ohje\/?page_id=191"},"modified":"2022-01-03T13:51:50","modified_gmt":"2022-01-03T11:51:50","slug":"moodle-opettaja-aktiviteetit-qkysely","status":"publish","type":"page","link":"https:\/\/esamksupport.samk.fi\/ohje\/moodle-opettaja-aktiviteetit-qkysely\/","title":{"rendered":"Moodle &gt; Opettaja &gt; Aktiviteetit &gt; Q-kysely"},"content":{"rendered":"\n<p>Q-kysely on kuin Palaute-aktiviteetti, mutta sis\u00e4lt\u00e4\u00e4 laajemman skaalan valittavia kysymystyyppej\u00e4. Asetukset eiv\u00e4t juurikaan poikkea; voit valita alkamis- ja p\u00e4\u00e4ttymisp\u00e4iv\u00e4m\u00e4\u00e4r\u00e4t, n\u00e4kyvyyden ja vastausvaihtoehdot.<\/p>\n\n\n\n<p><\/p>\n\n\n\n<p>Q-kyselyn avulla voit my\u00f6s luoda ehdollisesti haarautuvan kyselyn: <\/p>\n\n\n\n<p><a href=\"https:\/\/docs.moodle.org\/311\/en\/Questionnaire_Conditional_branching\" target=\"_blank\" rel=\"noreferrer noopener\">https:\/\/docs.moodle.org\/311\/en\/Questionnaire_Conditional_branching<\/a><\/p>\n\n\n\n<figure class=\"wp-block-image size-large\"><img loading=\"lazy\" decoding=\"async\" width=\"800\" height=\"672\" src=\"https:\/\/esamksupport.samk.fi\/ohje\/wp-content\/uploads\/sites\/3\/2021\/08\/q-kysely-1-800x672.png\" alt=\"\" class=\"wp-image-2654\" srcset=\"https:\/\/esamksupport.samk.fi\/ohje\/wp-content\/uploads\/sites\/3\/2021\/08\/q-kysely-1.png 800w, https:\/\/esamksupport.samk.fi\/ohje\/wp-content\/uploads\/sites\/3\/2021\/08\/q-kysely-1-768x645.png 768w\" sizes=\"auto, (max-width: 800px) 100vw, 800px\" \/><\/figure>\n\n\n\n<p>Esimerkki Q-kysely kysymystyypill\u00e4 asteikko<\/p>\n\n\n\n<figure class=\"wp-block-image size-large\"><img loading=\"lazy\" decoding=\"async\" width=\"800\" height=\"1093\" src=\"https:\/\/esamksupport.samk.fi\/ohje\/wp-content\/uploads\/sites\/3\/2021\/08\/q-kysely_asetukset-800x1093.png\" alt=\"\" class=\"wp-image-2655\" srcset=\"https:\/\/esamksupport.samk.fi\/ohje\/wp-content\/uploads\/sites\/3\/2021\/08\/q-kysely_asetukset.png 800w, https:\/\/esamksupport.samk.fi\/ohje\/wp-content\/uploads\/sites\/3\/2021\/08\/q-kysely_asetukset-768x1049.png 768w\" sizes=\"auto, (max-width: 800px) 100vw, 800px\" \/><\/figure>\n\n\n\n<p>Valmis Q-kysely kysymystyypill\u00e4 asteikko n\u00e4ytt\u00e4\u00e4 t\u00e4lt\u00e4<\/p>\n\n\n\n<figure class=\"wp-block-image size-large\"><img loading=\"lazy\" decoding=\"async\" width=\"800\" height=\"679\" src=\"https:\/\/esamksupport.samk.fi\/ohje\/wp-content\/uploads\/sites\/3\/2021\/08\/q-kysely_preview-800x679.png\" alt=\"\" class=\"wp-image-2656\" srcset=\"https:\/\/esamksupport.samk.fi\/ohje\/wp-content\/uploads\/sites\/3\/2021\/08\/q-kysely_preview.png 800w, https:\/\/esamksupport.samk.fi\/ohje\/wp-content\/uploads\/sites\/3\/2021\/08\/q-kysely_preview-768x651.png 768w\" sizes=\"auto, (max-width: 800px) 100vw, 800px\" \/><\/figure>\n","protected":false},"excerpt":{"rendered":"<p>Q-kysely on kuin Palaute-aktiviteetti, mutta sis\u00e4lt\u00e4\u00e4 laajemman skaalan valittavia kysymystyyppej\u00e4. Asetukset eiv\u00e4t juurikaan poikkea; voit valita alkamis- ja p\u00e4\u00e4ttymisp\u00e4iv\u00e4m\u00e4\u00e4r\u00e4t, n\u00e4kyvyyden ja vastausvaihtoehdot. Q-kyselyn avulla voit my\u00f6s luoda ehdollisesti haarautuvan kyselyn: https:\/\/docs.moodle.org\/311\/en\/Questionnaire_Conditional_branching Esimerkki Q-kysely kysymystyypill\u00e4 asteikko Valmis Q-kysely kysymystyypill\u00e4 asteikko n\u00e4ytt\u00e4\u00e4 t\u00e4lt\u00e4<\/p>\n","protected":false},"author":2,"featured_media":0,"parent":0,"menu_order":0,"comment_status":"closed","ping_status":"open","template":"","meta":{"footnotes":""},"class_list":["post-191","page","type-page","status-publish"],"_links":{"self":[{"href":"https:\/\/esamksupport.samk.fi\/ohje\/wp-json\/wp\/v2\/pages\/191","targetHints":{"allow":["GET"]}}],"collection":[{"href":"https:\/\/esamksupport.samk.fi\/ohje\/wp-json\/wp\/v2\/pages"}],"about":[{"href":"https:\/\/esamksupport.samk.fi\/ohje\/wp-json\/wp\/v2\/types\/page"}],"author":[{"embeddable":true,"href":"https:\/\/esamksupport.samk.fi\/ohje\/wp-json\/wp\/v2\/users\/2"}],"replies":[{"embeddable":true,"href":"https:\/\/esamksupport.samk.fi\/ohje\/wp-json\/wp\/v2\/comments?post=191"}],"version-history":[{"count":4,"href":"https:\/\/esamksupport.samk.fi\/ohje\/wp-json\/wp\/v2\/pages\/191\/revisions"}],"predecessor-version":[{"id":3059,"href":"https:\/\/esamksupport.samk.fi\/ohje\/wp-json\/wp\/v2\/pages\/191\/revisions\/3059"}],"wp:attachment":[{"href":"https:\/\/esamksupport.samk.fi\/ohje\/wp-json\/wp\/v2\/media?parent=191"}],"curies":[{"name":"wp","href":"https:\/\/api.w.org\/{rel}","templated":true}]}}