{"id":1980,"date":"2021-07-05T13:52:50","date_gmt":"2021-07-05T10:52:50","guid":{"rendered":"https:\/\/esamksupport.samk.fi\/ohje\/?page_id=1980"},"modified":"2024-07-17T11:32:01","modified_gmt":"2024-07-17T08:32:01","slug":"hill-opettaja-tallenteen-trimmaus","status":"publish","type":"page","link":"https:\/\/esamksupport.samk.fi\/ohje\/hill-opettaja-tallenteen-trimmaus\/","title":{"rendered":"Hill &gt; Opettaja &gt; Tallenteen trimmaus"},"content":{"rendered":"\n<p><\/p>\n\n\n\n<p>Tallenteen toiston alku- ja loppukohtaa pystyy helposti muokkaamaan suoraan Hilliss\u00e4 ilman ulkoista videon k\u00e4sittely\u00e4. Kirjaudu omilla tunnuksillasi osoitteessa <a href=\"https:\/\/hill.webex.com\" target=\"_blank\" rel=\"noreferrer noopener\">https:\/\/hill.webex.com<\/a> ja etsi vasemmasta palkista kohta <strong>Recordings<\/strong>.<\/p>\n\n\n\n<figure class=\"wp-block-image size-large\"><img loading=\"lazy\" decoding=\"async\" width=\"800\" height=\"269\" src=\"https:\/\/esamksupport.samk.fi\/ohje\/wp-content\/uploads\/sites\/3\/2022\/01\/hill_trim_recording1-800x269.png\" alt=\"\" class=\"wp-image-3130\" srcset=\"https:\/\/esamksupport.samk.fi\/ohje\/wp-content\/uploads\/sites\/3\/2022\/01\/hill_trim_recording1.png 800w, https:\/\/esamksupport.samk.fi\/ohje\/wp-content\/uploads\/sites\/3\/2022\/01\/hill_trim_recording1-768x258.png 768w\" sizes=\"auto, (max-width: 800px) 100vw, 800px\" \/><\/figure>\n\n\n\n<p><\/p>\n\n\n\n<p>Valitse listasta tallenne, jota haluat muokata ja t\u00e4m\u00e4n avauduttua painaneli\u00f6t\u00e4, jossa on kyn\u00e4n kuva oikeassa yl\u00e4nurkassa.<\/p>\n\n\n\n<figure class=\"wp-block-image size-large\"><img loading=\"lazy\" decoding=\"async\" width=\"800\" height=\"392\" src=\"https:\/\/esamksupport.samk.fi\/ohje\/wp-content\/uploads\/sites\/3\/2022\/01\/hill_trim_recording2-800x392.png\" alt=\"\" class=\"wp-image-3132\" srcset=\"https:\/\/esamksupport.samk.fi\/ohje\/wp-content\/uploads\/sites\/3\/2022\/01\/hill_trim_recording2.png 800w, https:\/\/esamksupport.samk.fi\/ohje\/wp-content\/uploads\/sites\/3\/2022\/01\/hill_trim_recording2-768x376.png 768w\" sizes=\"auto, (max-width: 800px) 100vw, 800px\" \/><\/figure>\n\n\n\n<p>Aikajanan yl\u00e4puolelle ilmestyy siniset ikonit, joita raahaamalla voit m\u00e4\u00e4ritt\u00e4\u00e4, mist\u00e4 kohdasta tallenteen toisto alkaa ja p\u00e4\u00e4ttyy. Vahvista valinta <strong>V-painikkeesta<\/strong>.<\/p>\n\n\n\n<figure class=\"wp-block-image size-large\"><img loading=\"lazy\" decoding=\"async\" width=\"800\" height=\"399\" src=\"https:\/\/esamksupport.samk.fi\/ohje\/wp-content\/uploads\/sites\/3\/2022\/01\/hill_trim_recording3-800x399.png\" alt=\"\" class=\"wp-image-3134\" srcset=\"https:\/\/esamksupport.samk.fi\/ohje\/wp-content\/uploads\/sites\/3\/2022\/01\/hill_trim_recording3.png 800w, https:\/\/esamksupport.samk.fi\/ohje\/wp-content\/uploads\/sites\/3\/2022\/01\/hill_trim_recording3-768x383.png 768w\" sizes=\"auto, (max-width: 800px) 100vw, 800px\" \/><\/figure>\n\n\n\n<p>Klikkaamalla talleenteen nimen per\u00e4ss\u00e4 olevaa kyn\u00e4\u00e4, p\u00e4\u00e4set nime\u00e4m\u00e4\u00e4n tallenteen j\u00e4rkev\u00e4\u00e4n muotoon, sek\u00e4 halutessasi est\u00e4m\u00e4\u00e4n tiedoston lataamisen, suojaamaan tallenteen katsomisen salasanalla, sek\u00e4 poistamaan haluamasi paneleita, kuten chatin ja osanottajat. Muista tallentaa mahdollisesti tekem\u00e4si muutokset.<\/p>\n\n\n\n<figure class=\"wp-block-image size-large\"><img loading=\"lazy\" decoding=\"async\" width=\"800\" height=\"411\" src=\"https:\/\/esamksupport.samk.fi\/ohje\/wp-content\/uploads\/sites\/3\/2022\/01\/hill_trim_recording4-800x411.png\" alt=\"\" class=\"wp-image-3135\" srcset=\"https:\/\/esamksupport.samk.fi\/ohje\/wp-content\/uploads\/sites\/3\/2022\/01\/hill_trim_recording4.png 800w, https:\/\/esamksupport.samk.fi\/ohje\/wp-content\/uploads\/sites\/3\/2022\/01\/hill_trim_recording4-768x394.png 768w\" sizes=\"auto, (max-width: 800px) 100vw, 800px\" \/><\/figure>\n","protected":false},"excerpt":{"rendered":"<p>Tallenteen toiston alku- ja loppukohtaa pystyy helposti muokkaamaan suoraan Hilliss\u00e4 ilman ulkoista videon k\u00e4sittely\u00e4. Kirjaudu omilla tunnuksillasi osoitteessa https:\/\/hill.webex.com ja etsi vasemmasta palkista kohta Recordings. Valitse listasta tallenne, jota haluat muokata ja t\u00e4m\u00e4n avauduttua painaneli\u00f6t\u00e4, jossa on kyn\u00e4n kuva oikeassa yl\u00e4nurkassa. Aikajanan yl\u00e4puolelle ilmestyy siniset ikonit, joita raahaamalla voit m\u00e4\u00e4ritt\u00e4\u00e4, mist\u00e4 kohdasta tallenteen toisto alkaa ja p\u00e4\u00e4ttyy. Vahvista valinta V-painikkeesta. Klikkaamalla talleenteen nimen per\u00e4ss\u00e4 olevaa kyn\u00e4\u00e4, p\u00e4\u00e4set nime\u00e4m\u00e4\u00e4n tallenteen j\u00e4rkev\u00e4\u00e4n muotoon, sek\u00e4 halutessasi est\u00e4m\u00e4\u00e4n tiedoston lataamisen, suojaamaan tallenteen katsomisen salasanalla, sek\u00e4 poistamaan haluamasi paneleita, kuten chatin ja osanottajat. Muista tallentaa mahdollisesti tekem\u00e4si muutokset.<\/p>\n","protected":false},"author":13,"featured_media":0,"parent":0,"menu_order":0,"comment_status":"closed","ping_status":"open","template":"","meta":{"footnotes":""},"class_list":["post-1980","page","type-page","status-publish"],"_links":{"self":[{"href":"https:\/\/esamksupport.samk.fi\/ohje\/wp-json\/wp\/v2\/pages\/1980","targetHints":{"allow":["GET"]}}],"collection":[{"href":"https:\/\/esamksupport.samk.fi\/ohje\/wp-json\/wp\/v2\/pages"}],"about":[{"href":"https:\/\/esamksupport.samk.fi\/ohje\/wp-json\/wp\/v2\/types\/page"}],"author":[{"embeddable":true,"href":"https:\/\/esamksupport.samk.fi\/ohje\/wp-json\/wp\/v2\/users\/13"}],"replies":[{"embeddable":true,"href":"https:\/\/esamksupport.samk.fi\/ohje\/wp-json\/wp\/v2\/comments?post=1980"}],"version-history":[{"count":9,"href":"https:\/\/esamksupport.samk.fi\/ohje\/wp-json\/wp\/v2\/pages\/1980\/revisions"}],"predecessor-version":[{"id":3826,"href":"https:\/\/esamksupport.samk.fi\/ohje\/wp-json\/wp\/v2\/pages\/1980\/revisions\/3826"}],"wp:attachment":[{"href":"https:\/\/esamksupport.samk.fi\/ohje\/wp-json\/wp\/v2\/media?parent=1980"}],"curies":[{"name":"wp","href":"https:\/\/api.w.org\/{rel}","templated":true}]}}