{"id":215,"date":"2019-06-19T09:40:13","date_gmt":"2019-06-19T06:40:13","guid":{"rendered":"https:\/\/esamksupport.samk.fi\/ohje\/?page_id=215"},"modified":"2024-07-17T15:28:31","modified_gmt":"2024-07-17T12:28:31","slug":"moodle-opettaja-lohkot-aktiviteetit","status":"publish","type":"page","link":"https:\/\/esamksupport.samk.fi\/ohje\/moodle-opettaja-lohkot-aktiviteetit\/","title":{"rendered":"Moodle &gt; Opettaja &gt; Lohkot &gt; Aktiviteetit"},"content":{"rendered":"\n<p>Aktiviteetit -lohkolla n\u00e4et kaikki opintojaksolla olevat aktiviteetit. Aktiviteetti -lohkoon tulee vain yksi aktiviteettimerkint\u00e4, vaikka samoja aktiviteetteja olisi useita.<\/p>\n\n\n\n<p><\/p>\n\n\n\n<p>T\u00e4m\u00e4n linkin kautta p\u00e4\u00e4set suoraan aktiviteettiin, jos n\u00e4it\u00e4 on vain yksi, tai aktiviteettivalikkoon, jos samoja aktiviteetteja on useita. Aktiviteetti -lohko on siis er\u00e4\u00e4nlainen aktiviteettien navigaatiolohko.<\/p>\n\n\n\n<p>Saat lis\u00e4tty\u00e4 aktiviteetit-lohkon kurssipohjalle laittamalla muokkaustilan p\u00e4\u00e4lle ja klikkaamalla <strong>Lis\u00e4\u00e4 lohko<\/strong>. Valitse avautuvasta lohkovalikosta kohta <strong>Aktiviteetit<\/strong>, niin t\u00e4m\u00e4 ilmestyy kurssipohjalle.<\/p>\n\n\n\n<p><strong>Aktiviteetti -lohko n\u00e4ytt\u00e4\u00e4 opintojaksolla t\u00e4lt\u00e4:<\/strong><\/p>\n\n\n\n<figure class=\"wp-block-image size-full is-resized\"><img loading=\"lazy\" decoding=\"async\" width=\"1058\" height=\"409\" src=\"https:\/\/esamksupport.samk.fi\/ohje\/wp-content\/uploads\/sites\/3\/2024\/07\/Aktiviteetit.png\" alt=\"\" class=\"wp-image-3848\" style=\"width:881px;height:auto\" srcset=\"https:\/\/esamksupport.samk.fi\/ohje\/wp-content\/uploads\/sites\/3\/2024\/07\/Aktiviteetit.png 1058w, https:\/\/esamksupport.samk.fi\/ohje\/wp-content\/uploads\/sites\/3\/2024\/07\/Aktiviteetit-768x296.png 768w\" sizes=\"auto, (max-width: 1058px) 100vw, 1058px\" \/><\/figure>\n\n\n\n<p><\/p>\n","protected":false},"excerpt":{"rendered":"<p>Aktiviteetit -lohkolla n\u00e4et kaikki opintojaksolla olevat aktiviteetit. Aktiviteetti -lohkoon tulee vain yksi aktiviteettimerkint\u00e4, vaikka samoja aktiviteetteja olisi useita. T\u00e4m\u00e4n linkin kautta p\u00e4\u00e4set suoraan aktiviteettiin, jos n\u00e4it\u00e4 on vain yksi, tai aktiviteettivalikkoon, jos samoja aktiviteetteja on useita. Aktiviteetti -lohko on siis er\u00e4\u00e4nlainen aktiviteettien navigaatiolohko. Saat lis\u00e4tty\u00e4 aktiviteetit-lohkon kurssipohjalle laittamalla muokkaustilan p\u00e4\u00e4lle ja klikkaamalla Lis\u00e4\u00e4 lohko. Valitse avautuvasta lohkovalikosta kohta Aktiviteetit, niin t\u00e4m\u00e4 ilmestyy kurssipohjalle. Aktiviteetti -lohko n\u00e4ytt\u00e4\u00e4 opintojaksolla t\u00e4lt\u00e4:<\/p>\n","protected":false},"author":2,"featured_media":0,"parent":0,"menu_order":0,"comment_status":"closed","ping_status":"open","template":"","meta":{"footnotes":""},"class_list":["post-215","page","type-page","status-publish"],"_links":{"self":[{"href":"https:\/\/esamksupport.samk.fi\/ohje\/wp-json\/wp\/v2\/pages\/215","targetHints":{"allow":["GET"]}}],"collection":[{"href":"https:\/\/esamksupport.samk.fi\/ohje\/wp-json\/wp\/v2\/pages"}],"about":[{"href":"https:\/\/esamksupport.samk.fi\/ohje\/wp-json\/wp\/v2\/types\/page"}],"author":[{"embeddable":true,"href":"https:\/\/esamksupport.samk.fi\/ohje\/wp-json\/wp\/v2\/users\/2"}],"replies":[{"embeddable":true,"href":"https:\/\/esamksupport.samk.fi\/ohje\/wp-json\/wp\/v2\/comments?post=215"}],"version-history":[{"count":5,"href":"https:\/\/esamksupport.samk.fi\/ohje\/wp-json\/wp\/v2\/pages\/215\/revisions"}],"predecessor-version":[{"id":3850,"href":"https:\/\/esamksupport.samk.fi\/ohje\/wp-json\/wp\/v2\/pages\/215\/revisions\/3850"}],"wp:attachment":[{"href":"https:\/\/esamksupport.samk.fi\/ohje\/wp-json\/wp\/v2\/media?parent=215"}],"curies":[{"name":"wp","href":"https:\/\/api.w.org\/{rel}","templated":true}]}}