{"id":219,"date":"2019-06-19T09:41:22","date_gmt":"2019-06-19T06:41:22","guid":{"rendered":"https:\/\/esamksupport.samk.fi\/ohje\/?page_id=219"},"modified":"2024-07-17T15:05:43","modified_gmt":"2024-07-17T12:05:43","slug":"moodle-opettaja-lohkot-edistymisenseuranta","status":"publish","type":"page","link":"https:\/\/esamksupport.samk.fi\/ohje\/moodle-opettaja-lohkot-edistymisenseuranta\/","title":{"rendered":"Moodle &gt; Opettaja &gt; Lohkot &gt; Edistymisen seuranta"},"content":{"rendered":"\n<p>Edistymisen seuranta -lohko on yksi k\u00e4tevimmist\u00e4 ty\u00f6kaluista tarkkailla opiskelijoiden edistymist\u00e4 kurssilla. Seurantalohkon yleisn\u00e4kym\u00e4st\u00e4 pystyt katsomaan jokaisen opiskelijan suoritukset teht\u00e4v\u00e4kohtaisesti.<\/p>\n\n\n\n<p>Edistymisen seurannan toimimiseksi kurssiasetuksista pit\u00e4\u00e4 kytke\u00e4 p\u00e4\u00e4lle suoritusten seuranta, jolloin jokaiseen aktiviteettiin tulee n\u00e4kyviin ennen piilotettu ominaisuus &#8221;opiskelijoiden edistyminen&#8221;. Kun opiskelijat ovat aktiviteetissa suorittaneet suoritusmerkinn\u00e4n vaatimat kriteerit, ilmestyy edistymisen seuranta -lohkoon merkint\u00e4 tehdyist\u00e4 suorituksista.<\/p>\n\n\n\n<p><strong>Edistymisen seuranta -lohko n\u00e4ytt\u00e4\u00e4 kurssisivulla t\u00e4lt\u00e4:<\/strong><\/p>\n\n\n\n<figure class=\"wp-block-image size-large is-resized\"><img loading=\"lazy\" decoding=\"async\" width=\"975\" height=\"742\" src=\"https:\/\/esamksupport.samk.fi\/ohje\/wp-content\/uploads\/sites\/3\/2024\/07\/Edistymisen-s.-1-975x742.png\" alt=\"\" class=\"wp-image-3686\" style=\"width:685px;height:auto\" srcset=\"https:\/\/esamksupport.samk.fi\/ohje\/wp-content\/uploads\/sites\/3\/2024\/07\/Edistymisen-s.-1.png 975w, https:\/\/esamksupport.samk.fi\/ohje\/wp-content\/uploads\/sites\/3\/2024\/07\/Edistymisen-s.-1-768x584.png 768w\" sizes=\"auto, (max-width: 975px) 100vw, 975px\" \/><\/figure>\n\n\n\n<p>T\u00e4ss\u00e4 opintojakson sivulla n\u00e4kyv\u00e4ss\u00e4 lohkon\u00e4kym\u00e4ss\u00e4 n\u00e4kyv\u00e4t kurssin opettajan suorittamat teht\u00e4v\u00e4t (joka on tavallaan turha ominaisuus, sill\u00e4 opettaja ei itse suorita omaa opintojaksoaan). Hyv\u00e4 testausta varten l\u00e4hinn\u00e4, mutta painamalla &#8221;Yleiskatsaus opiskelijoista&#8221; p\u00e4\u00e4st\u00e4\u00e4n yleiskatsaukseen ja sivun\u00e4kym\u00e4\u00e4n, joka on lohkon paras ominaisuus.<\/p>\n\n\n\n<p><strong>Yleiskatsaus:<\/strong><\/p>\n\n\n\n<figure class=\"wp-block-image size-large is-resized\"><img loading=\"lazy\" decoding=\"async\" width=\"974\" height=\"607\" src=\"https:\/\/esamksupport.samk.fi\/ohje\/wp-content\/uploads\/sites\/3\/2024\/07\/Edistymisen-s.-2-974x607.png\" alt=\"\" class=\"wp-image-3688\" style=\"width:809px;height:auto\" srcset=\"https:\/\/esamksupport.samk.fi\/ohje\/wp-content\/uploads\/sites\/3\/2024\/07\/Edistymisen-s.-2.png 974w, https:\/\/esamksupport.samk.fi\/ohje\/wp-content\/uploads\/sites\/3\/2024\/07\/Edistymisen-s.-2-768x478.png 768w\" sizes=\"auto, (max-width: 974px) 100vw, 974px\" \/><\/figure>\n\n\n\n<p><strong>V\u00e4rikoodaus&nbsp;<\/strong>toimii siten, ett\u00e4:<\/p>\n\n\n\n<ul class=\"wp-block-list\">\n<li>palkki on&nbsp;<strong>keltainen<\/strong>, kun aktiviteetti odottaa arviointia<\/li>\n\n\n\n<li><strong>punainen<\/strong>, kun aktiviteetin suoritusvaatimukset ovat suorituskertojen j\u00e4lkeen ep\u00e4onnistuneet<\/li>\n\n\n\n<li><strong>vihre\u00e4<\/strong>, kun aktiviteetti on ehtojen mukaan suoritettu<\/li>\n\n\n\n<li><strong>sininen<\/strong>, kun aktiviteettia ei ole aloitettu tai se on kesken<\/li>\n<\/ul>\n\n\n\n<p>Tarkemmat ohjeet edistymisen seurannan hy\u00f6dynt\u00e4miseen l\u00f6yd\u00e4t <strong>Analytiikka <\/strong>-ohjesivulta.<\/p>\n","protected":false},"excerpt":{"rendered":"<p>Edistymisen seuranta -lohko on yksi k\u00e4tevimmist\u00e4 ty\u00f6kaluista tarkkailla opiskelijoiden edistymist\u00e4 kurssilla. Seurantalohkon yleisn\u00e4kym\u00e4st\u00e4 pystyt katsomaan jokaisen opiskelijan suoritukset teht\u00e4v\u00e4kohtaisesti. Edistymisen seurannan toimimiseksi kurssiasetuksista pit\u00e4\u00e4 kytke\u00e4 p\u00e4\u00e4lle suoritusten seuranta, jolloin jokaiseen aktiviteettiin tulee n\u00e4kyviin ennen piilotettu ominaisuus &#8221;opiskelijoiden edistyminen&#8221;. Kun opiskelijat ovat aktiviteetissa suorittaneet suoritusmerkinn\u00e4n vaatimat kriteerit, ilmestyy edistymisen seuranta -lohkoon merkint\u00e4 tehdyist\u00e4 suorituksista. Edistymisen seuranta -lohko n\u00e4ytt\u00e4\u00e4 kurssisivulla t\u00e4lt\u00e4: T\u00e4ss\u00e4 opintojakson sivulla n\u00e4kyv\u00e4ss\u00e4 lohkon\u00e4kym\u00e4ss\u00e4 n\u00e4kyv\u00e4t kurssin opettajan suorittamat teht\u00e4v\u00e4t (joka on tavallaan turha ominaisuus, sill\u00e4 opettaja ei itse suorita omaa opintojaksoaan). Hyv\u00e4 testausta varten l\u00e4hinn\u00e4, mutta painamalla &#8221;Yleiskatsaus opiskelijoista&#8221; p\u00e4\u00e4st\u00e4\u00e4n yleiskatsaukseen ja sivun\u00e4kym\u00e4\u00e4n, joka on lohkon paras ominaisuus. Yleiskatsaus: V\u00e4rikoodaus&nbsp;toimii siten, ett\u00e4: Tarkemmat ohjeet edistymisen seurannan hy\u00f6dynt\u00e4miseen l\u00f6yd\u00e4t Analytiikka -ohjesivulta.<\/p>\n","protected":false},"author":2,"featured_media":0,"parent":0,"menu_order":0,"comment_status":"closed","ping_status":"open","template":"","meta":{"footnotes":""},"class_list":["post-219","page","type-page","status-publish"],"_links":{"self":[{"href":"https:\/\/esamksupport.samk.fi\/ohje\/wp-json\/wp\/v2\/pages\/219","targetHints":{"allow":["GET"]}}],"collection":[{"href":"https:\/\/esamksupport.samk.fi\/ohje\/wp-json\/wp\/v2\/pages"}],"about":[{"href":"https:\/\/esamksupport.samk.fi\/ohje\/wp-json\/wp\/v2\/types\/page"}],"author":[{"embeddable":true,"href":"https:\/\/esamksupport.samk.fi\/ohje\/wp-json\/wp\/v2\/users\/2"}],"replies":[{"embeddable":true,"href":"https:\/\/esamksupport.samk.fi\/ohje\/wp-json\/wp\/v2\/comments?post=219"}],"version-history":[{"count":4,"href":"https:\/\/esamksupport.samk.fi\/ohje\/wp-json\/wp\/v2\/pages\/219\/revisions"}],"predecessor-version":[{"id":3841,"href":"https:\/\/esamksupport.samk.fi\/ohje\/wp-json\/wp\/v2\/pages\/219\/revisions\/3841"}],"wp:attachment":[{"href":"https:\/\/esamksupport.samk.fi\/ohje\/wp-json\/wp\/v2\/media?parent=219"}],"curies":[{"name":"wp","href":"https:\/\/api.w.org\/{rel}","templated":true}]}}