{"id":224,"date":"2019-06-19T09:42:33","date_gmt":"2019-06-19T06:42:33","guid":{"rendered":"https:\/\/esamksupport.samk.fi\/ohje\/?page_id=224"},"modified":"2024-07-12T10:37:49","modified_gmt":"2024-07-12T07:37:49","slug":"moodle-opettaja-lohkot-kommentit","status":"publish","type":"page","link":"https:\/\/esamksupport.samk.fi\/ohje\/moodle-opettaja-lohkot-kommentit\/","title":{"rendered":"Moodle &gt; Opettaja &gt; Lohkot &gt; Kommentit"},"content":{"rendered":"\n<p>Kommentit -lohkolla voit lis\u00e4t\u00e4 opintojaksokohtaisia kommentteja. T\u00e4ll\u00e4 voit esim. tiedottaa kurssiasioista k\u00e4tev\u00e4sti.<\/p>\n\n\n\n<p>Toimii kuin uutiset, mutta kommenttilohko ei sis\u00e4ll\u00e4 erillist\u00e4 sivun\u00e4kym\u00e4\u00e4, vaan toimii pelk\u00e4st\u00e4\u00e4n lohkona. Opiskelijat pystyv\u00e4t my\u00f6s kommentoimaan lohkoon ja n\u00e4in esim. kysymyksiin voidaan vastata k\u00e4tev\u00e4sti lohkon kautta.<\/p>\n\n\n\n<figure class=\"wp-block-image size-large\"><img loading=\"lazy\" decoding=\"async\" width=\"353\" height=\"192\" src=\"https:\/\/esamksupport.samk.fi\/ohje\/wp-content\/uploads\/sites\/3\/2024\/07\/Kommentit-353x192.png\" alt=\"\" class=\"wp-image-3700\" \/><\/figure>\n\n\n\n<p><\/p>\n","protected":false},"excerpt":{"rendered":"<p>Kommentit -lohkolla voit lis\u00e4t\u00e4 opintojaksokohtaisia kommentteja. T\u00e4ll\u00e4 voit esim. tiedottaa kurssiasioista k\u00e4tev\u00e4sti. Toimii kuin uutiset, mutta kommenttilohko ei sis\u00e4ll\u00e4 erillist\u00e4 sivun\u00e4kym\u00e4\u00e4, vaan toimii pelk\u00e4st\u00e4\u00e4n lohkona. Opiskelijat pystyv\u00e4t my\u00f6s kommentoimaan lohkoon ja n\u00e4in esim. kysymyksiin voidaan vastata k\u00e4tev\u00e4sti lohkon kautta.<\/p>\n","protected":false},"author":2,"featured_media":0,"parent":0,"menu_order":0,"comment_status":"closed","ping_status":"open","template":"","meta":{"footnotes":""},"class_list":["post-224","page","type-page","status-publish"],"_links":{"self":[{"href":"https:\/\/esamksupport.samk.fi\/ohje\/wp-json\/wp\/v2\/pages\/224","targetHints":{"allow":["GET"]}}],"collection":[{"href":"https:\/\/esamksupport.samk.fi\/ohje\/wp-json\/wp\/v2\/pages"}],"about":[{"href":"https:\/\/esamksupport.samk.fi\/ohje\/wp-json\/wp\/v2\/types\/page"}],"author":[{"embeddable":true,"href":"https:\/\/esamksupport.samk.fi\/ohje\/wp-json\/wp\/v2\/users\/2"}],"replies":[{"embeddable":true,"href":"https:\/\/esamksupport.samk.fi\/ohje\/wp-json\/wp\/v2\/comments?post=224"}],"version-history":[{"count":3,"href":"https:\/\/esamksupport.samk.fi\/ohje\/wp-json\/wp\/v2\/pages\/224\/revisions"}],"predecessor-version":[{"id":3701,"href":"https:\/\/esamksupport.samk.fi\/ohje\/wp-json\/wp\/v2\/pages\/224\/revisions\/3701"}],"wp:attachment":[{"href":"https:\/\/esamksupport.samk.fi\/ohje\/wp-json\/wp\/v2\/media?parent=224"}],"curies":[{"name":"wp","href":"https:\/\/api.w.org\/{rel}","templated":true}]}}