{"id":23,"date":"2019-06-18T13:33:16","date_gmt":"2019-06-18T10:33:16","guid":{"rendered":"https:\/\/esamksupport.samk.fi\/ohje\/?page_id=23"},"modified":"2025-03-07T13:26:57","modified_gmt":"2025-03-07T11:26:57","slug":"moodle","status":"publish","type":"page","link":"https:\/\/esamksupport.samk.fi\/ohje\/moodle\/","title":{"rendered":"Moodle"},"content":{"rendered":"\n<p><\/p>\n\n\n\n<p>Moodle on SAMKissa l\u00e4hes kaikilla opintojaksoilla k\u00e4yt\u00f6ss\u00e4 oleva oppimisymp\u00e4rist\u00f6. SAMKin Moodlet ovat seuraavat:<\/p>\n\n\n\n<p><strong>Moodle 4<\/strong> on SAMKin tutkintoihin johtavan koulutuksen k\u00e4yt\u00f6ss\u00e4 oleva oppimisymp\u00e4rist\u00f6.<\/p>\n\n\n\n<p><strong>Yhteisty\u00f6 Moodle<\/strong> on SAMKin oppimisymp\u00e4rist\u00f6 projekteille ja valintakursseille.<\/p>\n\n\n\n<p><strong>Moodle 3<\/strong> on poistuva, vain SAMKin sis\u00e4isess\u00e4 k\u00e4yt\u00f6ss\u00e4 oleva oppimisymp\u00e4rist\u00f6.<\/p>\n\n\n\n<p>SAMKin Moodlet l\u00f6yd\u00e4t osoitteesta <a href=\"https:\/\/moodle.samk.fi\/\" target=\"_blank\" rel=\"noreferrer noopener\">moodle.samk.fi<\/a><\/p>\n\n\n\n<p>Moodleen kirjaudutaan <strong>SAMK-ID<\/strong>:ll\u00e4.<\/p>\n\n\n\n<p>Opiskelijan Moodle-ohjeet l\u00f6yd\u00e4t SAMKin verkkosivuilta: <a href=\"https:\/\/www.samk.fi\/opiskelijalle\/opiskelussa-kaytettavat-jarjestelmat\/moodle-ohjeet\/\" target=\"_blank\" rel=\"noreferrer noopener\">Moodle-ohjeet<\/a><\/p>\n\n\n\n<figure class=\"wp-block-image size-large\"><img loading=\"lazy\" decoding=\"async\" width=\"1024\" height=\"1024\" src=\"https:\/\/esamksupport.samk.fi\/ohje\/wp-content\/uploads\/sites\/3\/2025\/03\/SAMK-Moodlet-1024x1024.png\" alt=\"\" class=\"wp-image-4149\" srcset=\"https:\/\/esamksupport.samk.fi\/ohje\/wp-content\/uploads\/sites\/3\/2025\/03\/SAMK-Moodlet-1024x1024.png 1024w, https:\/\/esamksupport.samk.fi\/ohje\/wp-content\/uploads\/sites\/3\/2025\/03\/SAMK-Moodlet-300x300.png 300w, https:\/\/esamksupport.samk.fi\/ohje\/wp-content\/uploads\/sites\/3\/2025\/03\/SAMK-Moodlet-150x150.png 150w\" sizes=\"auto, (max-width: 1024px) 100vw, 1024px\" \/><\/figure>\n","protected":false},"excerpt":{"rendered":"<p>Moodle on SAMKissa l\u00e4hes kaikilla opintojaksoilla k\u00e4yt\u00f6ss\u00e4 oleva oppimisymp\u00e4rist\u00f6. SAMKin Moodlet ovat seuraavat: Moodle 4 on SAMKin tutkintoihin johtavan koulutuksen k\u00e4yt\u00f6ss\u00e4 oleva oppimisymp\u00e4rist\u00f6. Yhteisty\u00f6 Moodle on SAMKin oppimisymp\u00e4rist\u00f6 projekteille ja valintakursseille. Moodle 3 on poistuva, vain SAMKin sis\u00e4isess\u00e4 k\u00e4yt\u00f6ss\u00e4 oleva oppimisymp\u00e4rist\u00f6. SAMKin Moodlet l\u00f6yd\u00e4t osoitteesta moodle.samk.fi Moodleen kirjaudutaan SAMK-ID:ll\u00e4. Opiskelijan Moodle-ohjeet l\u00f6yd\u00e4t SAMKin verkkosivuilta: Moodle-ohjeet<\/p>\n","protected":false},"author":2,"featured_media":0,"parent":0,"menu_order":0,"comment_status":"closed","ping_status":"open","template":"","meta":{"footnotes":""},"class_list":["post-23","page","type-page","status-publish"],"_links":{"self":[{"href":"https:\/\/esamksupport.samk.fi\/ohje\/wp-json\/wp\/v2\/pages\/23","targetHints":{"allow":["GET"]}}],"collection":[{"href":"https:\/\/esamksupport.samk.fi\/ohje\/wp-json\/wp\/v2\/pages"}],"about":[{"href":"https:\/\/esamksupport.samk.fi\/ohje\/wp-json\/wp\/v2\/types\/page"}],"author":[{"embeddable":true,"href":"https:\/\/esamksupport.samk.fi\/ohje\/wp-json\/wp\/v2\/users\/2"}],"replies":[{"embeddable":true,"href":"https:\/\/esamksupport.samk.fi\/ohje\/wp-json\/wp\/v2\/comments?post=23"}],"version-history":[{"count":23,"href":"https:\/\/esamksupport.samk.fi\/ohje\/wp-json\/wp\/v2\/pages\/23\/revisions"}],"predecessor-version":[{"id":4150,"href":"https:\/\/esamksupport.samk.fi\/ohje\/wp-json\/wp\/v2\/pages\/23\/revisions\/4150"}],"wp:attachment":[{"href":"https:\/\/esamksupport.samk.fi\/ohje\/wp-json\/wp\/v2\/media?parent=23"}],"curies":[{"name":"wp","href":"https:\/\/api.w.org\/{rel}","templated":true}]}}