{"id":231,"date":"2019-06-19T09:44:17","date_gmt":"2019-06-19T06:44:17","guid":{"rendered":"https:\/\/esamksupport.samk.fi\/ohje\/?page_id=231"},"modified":"2021-09-02T09:08:40","modified_gmt":"2021-09-02T06:08:40","slug":"moodle-opettaja-lohkot-rsssyotteet","status":"publish","type":"page","link":"https:\/\/esamksupport.samk.fi\/ohje\/moodle-opettaja-lohkot-rsssyotteet\/","title":{"rendered":"Moodle &gt; Opettaja &gt; Lohkot &gt; RSS-sy\u00f6tteet"},"content":{"rendered":"\n<p>RSS on XML-merkint\u00e4kieleen perustuva verkkosy\u00f6teformaatti. RSS k\u00e4ytet\u00e4\u00e4n digitaalisen sis\u00e4ll\u00f6n, useimmiten uutisten, julkaisemiseen. RSS sis\u00e4lt\u00e4\u00e4 lukijan, joka lukee osoitteen, jossa oleva sy\u00f6te muuttuu. Hyvi\u00e4 RSS-sy\u00f6tteen esimerkkej\u00e4 on Iltalehti ja YLE. RSS-sy\u00f6telohkon voidaan lis\u00e4t\u00e4 opintojakson sivulle opetusmieless\u00e4 tai muuten vaan.<br><\/p>\n\n\n\n<p>Ilman m\u00e4\u00e4rityst\u00e4 RSS-sy\u00f6telohko n\u00e4ytt\u00e4\u00e4 t\u00e4lt\u00e4<\/p>\n\n\n\n<figure class=\"wp-block-image size-large\"><img loading=\"lazy\" decoding=\"async\" width=\"301\" height=\"88\" src=\"https:\/\/esamksupport.samk.fi\/ohje\/wp-content\/uploads\/sites\/3\/2021\/09\/moodle_rss-301x88.png\" alt=\"\" class=\"wp-image-2765\" \/><\/figure>\n\n\n\n<p>T\u00e4lle pit\u00e4\u00e4 m\u00e4\u00e4ritt\u00e4\u00e4 asetuksissa luettavan sy\u00f6tteen osoite ja valinnainen otsikko. My\u00f6s sy\u00f6tekohteiden m\u00e4\u00e4r\u00e4t voidaan m\u00e4\u00e4ritell\u00e4<\/p>\n\n\n\n<figure class=\"wp-block-image size-large\"><img loading=\"lazy\" decoding=\"async\" width=\"800\" height=\"571\" src=\"https:\/\/esamksupport.samk.fi\/ohje\/wp-content\/uploads\/sites\/3\/2021\/09\/moodle_rss_muokataanlohkoa-800x571.png\" alt=\"\" class=\"wp-image-2766\" srcset=\"https:\/\/esamksupport.samk.fi\/ohje\/wp-content\/uploads\/sites\/3\/2021\/09\/moodle_rss_muokataanlohkoa.png 800w, https:\/\/esamksupport.samk.fi\/ohje\/wp-content\/uploads\/sites\/3\/2021\/09\/moodle_rss_muokataanlohkoa-768x548.png 768w\" sizes=\"auto, (max-width: 800px) 100vw, 800px\" \/><\/figure>\n\n\n\n<p>Voit my\u00f6s lis\u00e4t\u00e4 itse RSS-sy\u00f6tteen painamalla &#8221;Lis\u00e4\u00e4 tai muokkaa sy\u00f6tteit\u00e4&#8221;. Seuraavalla sivulla valitse j\u00e4lleen &#8221;Lis\u00e4\u00e4 uutissy\u00f6te&#8221;. Liit\u00e4 uutissy\u00f6tteen osoite osoiteriville, otsikoi t\u00e4m\u00e4 (esim. Iltalehden Uutiset) ja tallenna<\/p>\n\n\n\n<figure class=\"wp-block-image size-large\"><img loading=\"lazy\" decoding=\"async\" width=\"796\" height=\"257\" src=\"https:\/\/esamksupport.samk.fi\/ohje\/wp-content\/uploads\/sites\/3\/2021\/09\/moodle_rss_lisaasyote-1-796x257.png\" alt=\"\" class=\"wp-image-2770\" srcset=\"https:\/\/esamksupport.samk.fi\/ohje\/wp-content\/uploads\/sites\/3\/2021\/09\/moodle_rss_lisaasyote-1.png 796w, https:\/\/esamksupport.samk.fi\/ohje\/wp-content\/uploads\/sites\/3\/2021\/09\/moodle_rss_lisaasyote-1-768x247.png 768w\" sizes=\"auto, (max-width: 796px) 100vw, 796px\" \/><\/figure>\n\n\n\n<p>Valmis ja toimiva RSS-sy\u00f6telohko n\u00e4ytt\u00e4\u00e4 kurssisivulla t\u00e4lt\u00e4<\/p>\n\n\n\n<figure class=\"wp-block-image size-large\"><img loading=\"lazy\" decoding=\"async\" width=\"300\" height=\"530\" src=\"https:\/\/esamksupport.samk.fi\/ohje\/wp-content\/uploads\/sites\/3\/2021\/09\/moodle_rss_valmis-300x530.png\" alt=\"\" class=\"wp-image-2768\" \/><\/figure>\n","protected":false},"excerpt":{"rendered":"<p>RSS on XML-merkint\u00e4kieleen perustuva verkkosy\u00f6teformaatti. RSS k\u00e4ytet\u00e4\u00e4n digitaalisen sis\u00e4ll\u00f6n, useimmiten uutisten, julkaisemiseen. RSS sis\u00e4lt\u00e4\u00e4 lukijan, joka lukee osoitteen, jossa oleva sy\u00f6te muuttuu. Hyvi\u00e4 RSS-sy\u00f6tteen esimerkkej\u00e4 on Iltalehti ja YLE. RSS-sy\u00f6telohkon voidaan lis\u00e4t\u00e4 opintojakson sivulle opetusmieless\u00e4 tai muuten vaan. Ilman m\u00e4\u00e4rityst\u00e4 RSS-sy\u00f6telohko n\u00e4ytt\u00e4\u00e4 t\u00e4lt\u00e4 T\u00e4lle pit\u00e4\u00e4 m\u00e4\u00e4ritt\u00e4\u00e4 asetuksissa luettavan sy\u00f6tteen osoite ja valinnainen otsikko. My\u00f6s sy\u00f6tekohteiden m\u00e4\u00e4r\u00e4t voidaan m\u00e4\u00e4ritell\u00e4 Voit my\u00f6s lis\u00e4t\u00e4 itse RSS-sy\u00f6tteen painamalla &#8221;Lis\u00e4\u00e4 tai muokkaa sy\u00f6tteit\u00e4&#8221;. Seuraavalla sivulla valitse j\u00e4lleen &#8221;Lis\u00e4\u00e4 uutissy\u00f6te&#8221;. Liit\u00e4 uutissy\u00f6tteen osoite osoiteriville, otsikoi t\u00e4m\u00e4 (esim. Iltalehden Uutiset) ja tallenna Valmis ja toimiva RSS-sy\u00f6telohko n\u00e4ytt\u00e4\u00e4 kurssisivulla t\u00e4lt\u00e4<\/p>\n","protected":false},"author":2,"featured_media":0,"parent":0,"menu_order":0,"comment_status":"closed","ping_status":"open","template":"","meta":{"footnotes":""},"class_list":["post-231","page","type-page","status-publish"],"_links":{"self":[{"href":"https:\/\/esamksupport.samk.fi\/ohje\/wp-json\/wp\/v2\/pages\/231","targetHints":{"allow":["GET"]}}],"collection":[{"href":"https:\/\/esamksupport.samk.fi\/ohje\/wp-json\/wp\/v2\/pages"}],"about":[{"href":"https:\/\/esamksupport.samk.fi\/ohje\/wp-json\/wp\/v2\/types\/page"}],"author":[{"embeddable":true,"href":"https:\/\/esamksupport.samk.fi\/ohje\/wp-json\/wp\/v2\/users\/2"}],"replies":[{"embeddable":true,"href":"https:\/\/esamksupport.samk.fi\/ohje\/wp-json\/wp\/v2\/comments?post=231"}],"version-history":[{"count":3,"href":"https:\/\/esamksupport.samk.fi\/ohje\/wp-json\/wp\/v2\/pages\/231\/revisions"}],"predecessor-version":[{"id":2771,"href":"https:\/\/esamksupport.samk.fi\/ohje\/wp-json\/wp\/v2\/pages\/231\/revisions\/2771"}],"wp:attachment":[{"href":"https:\/\/esamksupport.samk.fi\/ohje\/wp-json\/wp\/v2\/media?parent=231"}],"curies":[{"name":"wp","href":"https:\/\/api.w.org\/{rel}","templated":true}]}}