{"id":233,"date":"2019-06-19T09:44:53","date_gmt":"2019-06-19T06:44:53","guid":{"rendered":"https:\/\/esamksupport.samk.fi\/ohje\/?page_id=233"},"modified":"2024-07-12T10:52:29","modified_gmt":"2024-07-12T07:52:29","slug":"moodle-opettaja-lohkot-viimeisimmat","status":"publish","type":"page","link":"https:\/\/esamksupport.samk.fi\/ohje\/moodle-opettaja-lohkot-viimeisimmat\/","title":{"rendered":"Moodle &gt; Opettaja &gt; Lohkot &gt; Viimeisimm\u00e4t uutiset"},"content":{"rendered":"\n<p>Viimeisimm\u00e4t uutiset, tai Uutiset -lohko on nimens\u00e4 mukaisesti yleist\u00e4 kurssin tiedottamista varten oleva lohko. Opettaja voi lis\u00e4t\u00e4 uutisia lohkoon sivun\u00e4kym\u00e4ss\u00e4 ja luoda esimerkiksi ajastettuja uutisia.<br><\/p>\n\n\n\n<p>Uutiset -lohko n\u00e4ytt\u00e4\u00e4 kurssisivulla t\u00e4lt\u00e4:<\/p>\n\n\n\n<figure class=\"wp-block-image size-large\"><img loading=\"lazy\" decoding=\"async\" width=\"356\" height=\"161\" src=\"https:\/\/esamksupport.samk.fi\/ohje\/wp-content\/uploads\/sites\/3\/2024\/07\/uutiset-1-356x161.png\" alt=\"\" class=\"wp-image-3702\" \/><\/figure>\n\n\n\n<p>P\u00e4\u00e4set luomaan uuden uutisen klikkaamalla kohtaa <strong>Lis\u00e4\u00e4 uusi aihe<\/strong>.<\/p>\n\n\n\n<p>Alla n\u00e4et uutiset -lohkon sivun\u00e4kym\u00e4n. Huomaa, ett\u00e4 uutisen lis\u00e4\u00e4misen j\u00e4lkeen sinulla on 30 minuuttia aikaa muokata uutista.<\/p>\n\n\n\n<figure class=\"wp-block-image size-1536x1536\"><img loading=\"lazy\" decoding=\"async\" width=\"1438\" height=\"672\" src=\"https:\/\/esamksupport.samk.fi\/ohje\/wp-content\/uploads\/sites\/3\/2024\/07\/uutiset-2-1-1438x672.png\" alt=\"\" class=\"wp-image-3705\" srcset=\"https:\/\/esamksupport.samk.fi\/ohje\/wp-content\/uploads\/sites\/3\/2024\/07\/uutiset-2-1.png 1438w, https:\/\/esamksupport.samk.fi\/ohje\/wp-content\/uploads\/sites\/3\/2024\/07\/uutiset-2-1-768x358.png 768w\" sizes=\"auto, (max-width: 1438px) 100vw, 1438px\" \/><\/figure>\n","protected":false},"excerpt":{"rendered":"<p>Viimeisimm\u00e4t uutiset, tai Uutiset -lohko on nimens\u00e4 mukaisesti yleist\u00e4 kurssin tiedottamista varten oleva lohko. Opettaja voi lis\u00e4t\u00e4 uutisia lohkoon sivun\u00e4kym\u00e4ss\u00e4 ja luoda esimerkiksi ajastettuja uutisia. Uutiset -lohko n\u00e4ytt\u00e4\u00e4 kurssisivulla t\u00e4lt\u00e4: P\u00e4\u00e4set luomaan uuden uutisen klikkaamalla kohtaa Lis\u00e4\u00e4 uusi aihe. Alla n\u00e4et uutiset -lohkon sivun\u00e4kym\u00e4n. Huomaa, ett\u00e4 uutisen lis\u00e4\u00e4misen j\u00e4lkeen sinulla on 30 minuuttia aikaa muokata uutista.<\/p>\n","protected":false},"author":2,"featured_media":0,"parent":0,"menu_order":0,"comment_status":"closed","ping_status":"open","template":"","meta":{"footnotes":""},"class_list":["post-233","page","type-page","status-publish"],"_links":{"self":[{"href":"https:\/\/esamksupport.samk.fi\/ohje\/wp-json\/wp\/v2\/pages\/233","targetHints":{"allow":["GET"]}}],"collection":[{"href":"https:\/\/esamksupport.samk.fi\/ohje\/wp-json\/wp\/v2\/pages"}],"about":[{"href":"https:\/\/esamksupport.samk.fi\/ohje\/wp-json\/wp\/v2\/types\/page"}],"author":[{"embeddable":true,"href":"https:\/\/esamksupport.samk.fi\/ohje\/wp-json\/wp\/v2\/users\/2"}],"replies":[{"embeddable":true,"href":"https:\/\/esamksupport.samk.fi\/ohje\/wp-json\/wp\/v2\/comments?post=233"}],"version-history":[{"count":3,"href":"https:\/\/esamksupport.samk.fi\/ohje\/wp-json\/wp\/v2\/pages\/233\/revisions"}],"predecessor-version":[{"id":3706,"href":"https:\/\/esamksupport.samk.fi\/ohje\/wp-json\/wp\/v2\/pages\/233\/revisions\/3706"}],"wp:attachment":[{"href":"https:\/\/esamksupport.samk.fi\/ohje\/wp-json\/wp\/v2\/media?parent=233"}],"curies":[{"name":"wp","href":"https:\/\/api.w.org\/{rel}","templated":true}]}}