{"id":234,"date":"2019-06-19T09:45:10","date_gmt":"2019-06-19T06:45:10","guid":{"rendered":"https:\/\/esamksupport.samk.fi\/ohje\/?page_id=234"},"modified":"2024-07-12T10:54:38","modified_gmt":"2024-07-12T07:54:38","slug":"moodle-opettaja-lohkot-viimeisintoiminta","status":"publish","type":"page","link":"https:\/\/esamksupport.samk.fi\/ohje\/moodle-opettaja-lohkot-viimeisintoiminta\/","title":{"rendered":"Moodle &gt; Opettaja &gt; Lohkot &gt; Viimeisin toiminta"},"content":{"rendered":"\n<p>Viimeisin toiminta -lohko eli kytt\u00e4yslohko listaa kaikki kurssin osallistujien suorittamat aktiviteetit tapahtumaraportiksi. Viimeisin toiminta -lohkon sivun\u00e4kym\u00e4ss\u00e4 aktiviteetit ja n\u00e4iss\u00e4 tapahtunut toiminta listautuu aktiviteettikohtaisesti.<\/p>\n\n\n\n<figure class=\"wp-block-image size-large\"><img loading=\"lazy\" decoding=\"async\" width=\"333\" height=\"314\" src=\"https:\/\/esamksupport.samk.fi\/ohje\/wp-content\/uploads\/sites\/3\/2024\/07\/viimeisin-toiminta-333x314.png\" alt=\"\" class=\"wp-image-3707\" \/><\/figure>\n","protected":false},"excerpt":{"rendered":"<p>Viimeisin toiminta -lohko eli kytt\u00e4yslohko listaa kaikki kurssin osallistujien suorittamat aktiviteetit tapahtumaraportiksi. Viimeisin toiminta -lohkon sivun\u00e4kym\u00e4ss\u00e4 aktiviteetit ja n\u00e4iss\u00e4 tapahtunut toiminta listautuu aktiviteettikohtaisesti.<\/p>\n","protected":false},"author":2,"featured_media":0,"parent":0,"menu_order":0,"comment_status":"closed","ping_status":"open","template":"","meta":{"footnotes":""},"class_list":["post-234","page","type-page","status-publish"],"_links":{"self":[{"href":"https:\/\/esamksupport.samk.fi\/ohje\/wp-json\/wp\/v2\/pages\/234","targetHints":{"allow":["GET"]}}],"collection":[{"href":"https:\/\/esamksupport.samk.fi\/ohje\/wp-json\/wp\/v2\/pages"}],"about":[{"href":"https:\/\/esamksupport.samk.fi\/ohje\/wp-json\/wp\/v2\/types\/page"}],"author":[{"embeddable":true,"href":"https:\/\/esamksupport.samk.fi\/ohje\/wp-json\/wp\/v2\/users\/2"}],"replies":[{"embeddable":true,"href":"https:\/\/esamksupport.samk.fi\/ohje\/wp-json\/wp\/v2\/comments?post=234"}],"version-history":[{"count":3,"href":"https:\/\/esamksupport.samk.fi\/ohje\/wp-json\/wp\/v2\/pages\/234\/revisions"}],"predecessor-version":[{"id":3708,"href":"https:\/\/esamksupport.samk.fi\/ohje\/wp-json\/wp\/v2\/pages\/234\/revisions\/3708"}],"wp:attachment":[{"href":"https:\/\/esamksupport.samk.fi\/ohje\/wp-json\/wp\/v2\/media?parent=234"}],"curies":[{"name":"wp","href":"https:\/\/api.w.org\/{rel}","templated":true}]}}