{"id":2448,"date":"2021-07-29T12:19:51","date_gmt":"2021-07-29T09:19:51","guid":{"rendered":"https:\/\/esamksupport.samk.fi\/ohje\/?page_id=2448"},"modified":"2021-08-17T13:12:24","modified_gmt":"2021-08-17T10:12:24","slug":"loki-opiskelija-oma-ryhma","status":"publish","type":"page","link":"https:\/\/esamksupport.samk.fi\/ohje\/loki-opiskelija-oma-ryhma\/","title":{"rendered":"Loki &gt; Opiskelija &gt; Oma ryhm\u00e4"},"content":{"rendered":"\n\n\t<p>Opiskelija n\u00e4kee HOPSillaan vain saapumisryhm\u00e4ns\u00e4, ts. sen ryhm\u00e4n, jonka opetussuunnitelma on h\u00e4nen HOPSinsa perustana ja tuotu opiskelijalle mallipohjassa h\u00e4nen tullessaan opiskelemaan SAMKiin<\/p>\n<figure><img loading=\"lazy\" decoding=\"async\" src=\"https:\/\/esamksupport.samk.fi\/ohje\/wp-content\/uploads\/sites\/3\/2021\/07\/loki_psp1-350x40.png\" alt=\"\" width=\"350\" height=\"40\" \/><\/figure>\n<p>Esim Olivialla n\u00e4kyy n\u00e4in:<\/p>\n<p>Ryhm\u00e4muutokset ja voimassa olevat ryhm\u00e4t opiskelija n\u00e4kee ainoastaan asetuksistaan, kohdasta Opiskelutiedot, Ryhm\u00e4t.<\/p>\n<figure><img decoding=\"async\" src=\"https:\/\/esamksupport.samk.fi\/ohje\/wp-content\/uploads\/sites\/3\/2021\/07\/loki_ryhmatunnus1.png\" alt=\"\" \/><\/figure>\n<p>&nbsp;<\/p>\n<figure><img loading=\"lazy\" decoding=\"async\" src=\"https:\/\/esamksupport.samk.fi\/ohje\/wp-content\/uploads\/sites\/3\/2021\/07\/loki_ryhmatunnus2-1-595x600.png\" sizes=\"auto, (max-width: 595px) 100vw, 595px\" srcset=\"https:\/\/esamksupport.samk.fi\/ohje\/wp-content\/uploads\/sites\/3\/2021\/07\/loki_ryhmatunnus2-1.png 595w, https:\/\/esamksupport.samk.fi\/ohje\/wp-content\/uploads\/sites\/3\/2021\/07\/loki_ryhmatunnus2-1-150x150.png 150w\" alt=\"\" width=\"595\" height=\"600\" \/><\/figure>\n<p>&nbsp;<\/p>\n\n","protected":false},"excerpt":{"rendered":"<p>Opiskelija n\u00e4kee HOPSillaan vain saapumisryhm\u00e4ns\u00e4, ts. sen ryhm\u00e4n, jonka opetussuunnitelma on h\u00e4nen HOPSinsa perustana ja tuotu opiskelijalle mallipohjassa h\u00e4nen tullessaan opiskelemaan SAMKiin Esim Olivialla n\u00e4kyy n\u00e4in: Ryhm\u00e4muutokset ja voimassa olevat ryhm\u00e4t opiskelija n\u00e4kee ainoastaan asetuksistaan, kohdasta Opiskelutiedot, Ryhm\u00e4t. &nbsp; &nbsp;<\/p>\n","protected":false},"author":2,"featured_media":0,"parent":0,"menu_order":0,"comment_status":"closed","ping_status":"open","template":"","meta":{"footnotes":""},"class_list":["post-2448","page","type-page","status-publish"],"_links":{"self":[{"href":"https:\/\/esamksupport.samk.fi\/ohje\/wp-json\/wp\/v2\/pages\/2448","targetHints":{"allow":["GET"]}}],"collection":[{"href":"https:\/\/esamksupport.samk.fi\/ohje\/wp-json\/wp\/v2\/pages"}],"about":[{"href":"https:\/\/esamksupport.samk.fi\/ohje\/wp-json\/wp\/v2\/types\/page"}],"author":[{"embeddable":true,"href":"https:\/\/esamksupport.samk.fi\/ohje\/wp-json\/wp\/v2\/users\/2"}],"replies":[{"embeddable":true,"href":"https:\/\/esamksupport.samk.fi\/ohje\/wp-json\/wp\/v2\/comments?post=2448"}],"version-history":[{"count":8,"href":"https:\/\/esamksupport.samk.fi\/ohje\/wp-json\/wp\/v2\/pages\/2448\/revisions"}],"predecessor-version":[{"id":2565,"href":"https:\/\/esamksupport.samk.fi\/ohje\/wp-json\/wp\/v2\/pages\/2448\/revisions\/2565"}],"wp:attachment":[{"href":"https:\/\/esamksupport.samk.fi\/ohje\/wp-json\/wp\/v2\/media?parent=2448"}],"curies":[{"name":"wp","href":"https:\/\/api.w.org\/{rel}","templated":true}]}}