{"id":245,"date":"2019-06-19T09:47:03","date_gmt":"2019-06-19T06:47:03","guid":{"rendered":"https:\/\/esamksupport.samk.fi\/ohje\/?page_id=245"},"modified":"2021-09-01T10:58:35","modified_gmt":"2021-09-01T07:58:35","slug":"moodle-opettaja-analytiikka-kurssinseuranta","status":"publish","type":"page","link":"https:\/\/esamksupport.samk.fi\/ohje\/moodle-opettaja-analytiikka-kurssinseuranta\/","title":{"rendered":"Moodle &gt; Opettaja &gt; Analytiikka &gt; Kurssin seuranta"},"content":{"rendered":"\n<p><strong>Kurssin seuranta<\/strong> lohko on, kuten edistymisen seuranta, riippuvainen suoritusten seurannasta aktiviteetissa. Toimii siis vain opiskelijoiden edistymisen seurannan ollessa aktiivinen opintojaksolla ja aktiviteetissa. Kurssin seuranta ei kuitenkaan seuraa niin tarkasti opiskelijoiden suorituksia vaan pelk\u00e4st\u00e4\u00e4n hyv\u00e4ksyttyj\u00e4 suoritusmerkint\u00f6j\u00e4. Kurssin seurannan avulla voit valita tietyt seurattavat aktiviteetit, joista opiskelijat hakevat hyv\u00e4ksytty\u00e4 suoritusta. Oletuksena kurssin seurannan lohko n\u00e4ytt\u00e4\u00e4 seuraavalta:<\/p>\n\n\n\n<figure class=\"wp-block-image size-large\"><img loading=\"lazy\" decoding=\"async\" width=\"405\" height=\"292\" src=\"https:\/\/esamksupport.samk.fi\/ohje\/wp-content\/uploads\/sites\/3\/2021\/09\/kusu1-405x292.png\" alt=\"\" class=\"wp-image-2702\" \/><\/figure>\n\n\n\n<p>T\u00e4st\u00e4 kurssisuoritusten tila lohkosta n\u00e4hd\u00e4\u00e4n, ett\u00e4 kurssin suoritukselle on asetettu kriteeriksi yksi aktiviteetti, jota ei ole suoritettu koska t\u00e4m\u00e4 lohko kuten edistymisen seuranta seuraa my\u00f6s opettajaa ja n\u00e4ytt\u00e4\u00e4 henkil\u00f6kohtaiset suoritukset perusn\u00e4kym\u00e4ss\u00e4\u00e4n. Lis\u00e4tietoja -kohdasta p\u00e4\u00e4st\u00e4\u00e4n karkeaan listaukseen asetetuista vaatimuksista ja n\u00e4ytt\u00e4m\u00e4ll\u00e4 kurssin raportin saadaan aikaiseksi koosteen opiskelijoiden suorituksista opintojaksolla:<\/p>\n\n\n\n<figure class=\"wp-block-image size-large\"><img loading=\"lazy\" decoding=\"async\" width=\"768\" height=\"710\" src=\"https:\/\/esamksupport.samk.fi\/ohje\/wp-content\/uploads\/sites\/3\/2021\/09\/kusu6-768x710-1-768x710.png\" alt=\"\" class=\"wp-image-2703\" \/><\/figure>\n\n\n\n<p>Lohkon aktiviteettivaatimuksia voidaan muuttaa kurssiasetuksien kautta kohdasta <strong>kurssin suoritus<\/strong>. T\u00e4\u00e4lt\u00e4 l\u00f6ytyv\u00e4t v\u00e4lilehdet ehdoille, aktiviteettikohtaisille vaatimuksille ja yksitt\u00e4isille aktiviteeteille. Ensimm\u00e4isess\u00e4 eli ehtojen v\u00e4lilehdess\u00e4 m\u00e4\u00e4ritell\u00e4\u00e4n aktiviteetit, jotka ovat vaatimuksena suorittaa, mutta my\u00f6s muita ehtoja kurssin hyv\u00e4ksytylle suorittamiselle.<\/p>\n\n\n\n<figure class=\"wp-block-image size-large\"><img loading=\"lazy\" decoding=\"async\" width=\"768\" height=\"620\" src=\"https:\/\/esamksupport.samk.fi\/ohje\/wp-content\/uploads\/sites\/3\/2021\/09\/kusu3-1-768x620-1-768x620.png\" alt=\"\" class=\"wp-image-2704\" \/><\/figure>\n\n\n\n<p>Toisessa ja kolmannessa v\u00e4lilehdess\u00e4 voidaan m\u00e4\u00e4ritell\u00e4 kaikille samanlaisille aktiviteeteille tietyt ehdot tai yksitt\u00e4in jokaiselle aktiviteetille omat ehdot. T\u00e4m\u00e4 n\u00e4kym\u00e4 suoritusten seurannalle on sama kuin aktiviteettien omissa asetuksissa. Huomioitavaa on, ett\u00e4 kurssin suorituksen asetukset lukkiutuvat kun ensimm\u00e4inen opiskelija on palauttanut tai tehnyt jonkin aktiviteetin opintojaksolla. Lukon poistaminen johtaa suoritusmerkint\u00f6jen nollautumiseen, joten asetukset kannattaa varmistaa ennen opintojakson alkamista.<\/p>\n","protected":false},"excerpt":{"rendered":"<p>Kurssin seuranta lohko on, kuten edistymisen seuranta, riippuvainen suoritusten seurannasta aktiviteetissa. Toimii siis vain opiskelijoiden edistymisen seurannan ollessa aktiivinen opintojaksolla ja aktiviteetissa. Kurssin seuranta ei kuitenkaan seuraa niin tarkasti opiskelijoiden suorituksia vaan pelk\u00e4st\u00e4\u00e4n hyv\u00e4ksyttyj\u00e4 suoritusmerkint\u00f6j\u00e4. Kurssin seurannan avulla voit valita tietyt seurattavat aktiviteetit, joista opiskelijat hakevat hyv\u00e4ksytty\u00e4 suoritusta. Oletuksena kurssin seurannan lohko n\u00e4ytt\u00e4\u00e4 seuraavalta: T\u00e4st\u00e4 kurssisuoritusten tila lohkosta n\u00e4hd\u00e4\u00e4n, ett\u00e4 kurssin suoritukselle on asetettu kriteeriksi yksi aktiviteetti, jota ei ole suoritettu koska t\u00e4m\u00e4 lohko kuten edistymisen seuranta seuraa my\u00f6s opettajaa ja n\u00e4ytt\u00e4\u00e4 henkil\u00f6kohtaiset suoritukset perusn\u00e4kym\u00e4ss\u00e4\u00e4n. Lis\u00e4tietoja -kohdasta p\u00e4\u00e4st\u00e4\u00e4n karkeaan listaukseen asetetuista vaatimuksista ja n\u00e4ytt\u00e4m\u00e4ll\u00e4 kurssin raportin saadaan aikaiseksi koosteen opiskelijoiden suorituksista opintojaksolla: Lohkon aktiviteettivaatimuksia voidaan muuttaa kurssiasetuksien kautta kohdasta kurssin suoritus. T\u00e4\u00e4lt\u00e4 l\u00f6ytyv\u00e4t v\u00e4lilehdet ehdoille, aktiviteettikohtaisille vaatimuksille ja yksitt\u00e4isille aktiviteeteille. Ensimm\u00e4isess\u00e4 eli ehtojen v\u00e4lilehdess\u00e4 m\u00e4\u00e4ritell\u00e4\u00e4n aktiviteetit, jotka ovat vaatimuksena suorittaa, mutta my\u00f6s muita ehtoja kurssin hyv\u00e4ksytylle suorittamiselle. Toisessa ja kolmannessa v\u00e4lilehdess\u00e4 voidaan m\u00e4\u00e4ritell\u00e4 kaikille samanlaisille aktiviteeteille tietyt ehdot tai yksitt\u00e4in&hellip;<\/p>\n<p> <a class=\"more-link\" href=\"https:\/\/esamksupport.samk.fi\/ohje\/moodle-opettaja-analytiikka-kurssinseuranta\/\">Lue Lis\u00e4\u00e4<\/a><\/p>\n","protected":false},"author":2,"featured_media":0,"parent":0,"menu_order":0,"comment_status":"closed","ping_status":"open","template":"","meta":{"footnotes":""},"class_list":["post-245","page","type-page","status-publish"],"_links":{"self":[{"href":"https:\/\/esamksupport.samk.fi\/ohje\/wp-json\/wp\/v2\/pages\/245","targetHints":{"allow":["GET"]}}],"collection":[{"href":"https:\/\/esamksupport.samk.fi\/ohje\/wp-json\/wp\/v2\/pages"}],"about":[{"href":"https:\/\/esamksupport.samk.fi\/ohje\/wp-json\/wp\/v2\/types\/page"}],"author":[{"embeddable":true,"href":"https:\/\/esamksupport.samk.fi\/ohje\/wp-json\/wp\/v2\/users\/2"}],"replies":[{"embeddable":true,"href":"https:\/\/esamksupport.samk.fi\/ohje\/wp-json\/wp\/v2\/comments?post=245"}],"version-history":[{"count":2,"href":"https:\/\/esamksupport.samk.fi\/ohje\/wp-json\/wp\/v2\/pages\/245\/revisions"}],"predecessor-version":[{"id":2705,"href":"https:\/\/esamksupport.samk.fi\/ohje\/wp-json\/wp\/v2\/pages\/245\/revisions\/2705"}],"wp:attachment":[{"href":"https:\/\/esamksupport.samk.fi\/ohje\/wp-json\/wp\/v2\/media?parent=245"}],"curies":[{"name":"wp","href":"https:\/\/api.w.org\/{rel}","templated":true}]}}