{"id":247,"date":"2019-06-19T09:47:37","date_gmt":"2019-06-19T06:47:37","guid":{"rendered":"https:\/\/esamksupport.samk.fi\/ohje\/?page_id=247"},"modified":"2024-07-11T13:26:24","modified_gmt":"2024-07-11T10:26:24","slug":"moodle-opettaja-analytiikka-raportit","status":"publish","type":"page","link":"https:\/\/esamksupport.samk.fi\/ohje\/moodle-opettaja-analytiikka-raportit\/","title":{"rendered":"Moodle &gt; Opettaja &gt; Analytiikka &gt; Raportit"},"content":{"rendered":"\n<p><strong>Raportit <\/strong>ovat olleet Moodlen ominaisuus alusta alkaen. Opintojaksoille muodostuu lokitietoja jatkuvasti k\u00e4ynneist\u00e4 ja toiminnasta. N\u00e4it\u00e4 lokeja voidaan tarkastella raporttien kautta tarkemmin. Lokin avulla voidaan etsi\u00e4 opiskelija-, kurssi-, aktiviteetti- tai p\u00e4iv\u00e4kohtaisesti tietoja Moodlesta. Voidaan esimerkiksi katsoa yhden opiskelijan kaikki toiminta Moodlessa tiettyn\u00e4 ajanjaksona tai kurssilla tapahtunut toiminta tenttip\u00e4iv\u00e4n\u00e4.<\/p>\n\n\n\n<p>Raportti l\u00f6ytyy kurssin yl\u00e4reunasta ja raportin alta l\u00f6ytyy useampia eri vaihtoehtoja:<\/p>\n\n\n\n<figure class=\"wp-block-image size-large is-resized\"><img loading=\"lazy\" decoding=\"async\" width=\"1021\" height=\"615\" src=\"https:\/\/esamksupport.samk.fi\/ohje\/wp-content\/uploads\/sites\/3\/2024\/07\/Raportit-1021x615.png\" alt=\"\" class=\"wp-image-3676\" style=\"width:643px;height:auto\" srcset=\"https:\/\/esamksupport.samk.fi\/ohje\/wp-content\/uploads\/sites\/3\/2024\/07\/Raportit.png 1021w, https:\/\/esamksupport.samk.fi\/ohje\/wp-content\/uploads\/sites\/3\/2024\/07\/Raportit-768x462.png 768w\" sizes=\"auto, (max-width: 1021px) 100vw, 1021px\" \/><\/figure>\n\n\n\n<p><strong>Lokitiedoissa<\/strong> voidaan hakea l\u00e4hes mit\u00e4 vain tietoa opintojaksolta eri hakuyhdistelmill\u00e4. Jos hakuvaihtoehtoihin ei valitse mit\u00e4\u00e4n, on oletuksena kaikki kyseisen hakukriteerin valinnat valittuina (esimerkiksi jos opiskelijaa ei valitse osallistujalistalta, hakuun tulee mukaan kaikki opiskelijat).<\/p>\n\n\n\n<p>Esimerkkej\u00e4 hakuyhdistelmist\u00e4, joita lokitiedoissa voidaan suorittaa:<\/p>\n\n\n\n<p><strong>Osallistuja + P\u00e4iv\u00e4 -&gt; Hae lokit =<\/strong> Opiskelijan tekem\u00e4t toiminnot, aktiviteetit ja tapahtumat valittuna p\u00e4iv\u00e4n\u00e4<\/p>\n\n\n\n<p><strong>P\u00e4iv\u00e4 + Tenttiaktiviteetti -&gt; Hae lokit =<\/strong> Tenttiaktiviteetin toiminnot ym. kaikkien opiskelijoiden osalta opintojaksolta valittuna p\u00e4iv\u00e4n\u00e4<\/p>\n\n\n\n<p><strong>P\u00e4iv\u00e4 + Tapahtuma (Luo) -&gt; Hae lokit =<\/strong> Kaikkien opiskelijoiden valittuna p\u00e4iv\u00e4n\u00e4 luodut palautukset ja kommentit opintojaksolta.<\/p>\n\n\n\n<figure class=\"wp-block-image size-1536x1536 is-resized\"><img loading=\"lazy\" decoding=\"async\" width=\"1024\" height=\"638\" src=\"https:\/\/esamksupport.samk.fi\/ohje\/wp-content\/uploads\/sites\/3\/2024\/07\/Raportit-2-1024x638.png\" alt=\"\" class=\"wp-image-3678\" style=\"width:612px;height:auto\" srcset=\"https:\/\/esamksupport.samk.fi\/ohje\/wp-content\/uploads\/sites\/3\/2024\/07\/Raportit-2.png 1024w, https:\/\/esamksupport.samk.fi\/ohje\/wp-content\/uploads\/sites\/3\/2024\/07\/Raportit-2-768x478.png 768w\" sizes=\"auto, (max-width: 1024px) 100vw, 1024px\" \/><\/figure>\n\n\n\n<p><\/p>\n\n\n\n<p>Raportit-osiossa lokitietojen alta l\u00f6ytyy <strong>juuri nyt<\/strong>.<\/p>\n\n\n\n<p>T\u00e4m\u00e4 seuraa reaaliaikaisesti opintojakson lokitietoja ja p\u00e4ivitt\u00e4\u00e4 n\u00e4it\u00e4 tiettyjen intervallien my\u00f6t\u00e4. N\u00e4it\u00e4 voi my\u00f6s p\u00e4ivitt\u00e4\u00e4 manuaalisesti p\u00e4ivitt\u00e4m\u00e4ll\u00e4 sivua (F5-n\u00e4pp\u00e4in). P\u00e4ivitykset voidaan my\u00f6s pys\u00e4ytt\u00e4\u00e4 painamalla <strong>pause live updates<\/strong>.<\/p>\n\n\n\n<figure class=\"wp-block-image size-1536x1536 is-resized\"><img loading=\"lazy\" decoding=\"async\" width=\"1125\" height=\"433\" src=\"https:\/\/esamksupport.samk.fi\/ohje\/wp-content\/uploads\/sites\/3\/2024\/07\/Raportit-3-1125x433.png\" alt=\"\" class=\"wp-image-3679\" style=\"width:740px;height:auto\" srcset=\"https:\/\/esamksupport.samk.fi\/ohje\/wp-content\/uploads\/sites\/3\/2024\/07\/Raportit-3.png 1125w, https:\/\/esamksupport.samk.fi\/ohje\/wp-content\/uploads\/sites\/3\/2024\/07\/Raportit-3-768x295.png 768w\" sizes=\"auto, (max-width: 1125px) 100vw, 1125px\" \/><\/figure>\n","protected":false},"excerpt":{"rendered":"<p>Raportit ovat olleet Moodlen ominaisuus alusta alkaen. Opintojaksoille muodostuu lokitietoja jatkuvasti k\u00e4ynneist\u00e4 ja toiminnasta. N\u00e4it\u00e4 lokeja voidaan tarkastella raporttien kautta tarkemmin. Lokin avulla voidaan etsi\u00e4 opiskelija-, kurssi-, aktiviteetti- tai p\u00e4iv\u00e4kohtaisesti tietoja Moodlesta. Voidaan esimerkiksi katsoa yhden opiskelijan kaikki toiminta Moodlessa tiettyn\u00e4 ajanjaksona tai kurssilla tapahtunut toiminta tenttip\u00e4iv\u00e4n\u00e4. Raportti l\u00f6ytyy kurssin yl\u00e4reunasta ja raportin alta l\u00f6ytyy useampia eri vaihtoehtoja: Lokitiedoissa voidaan hakea l\u00e4hes mit\u00e4 vain tietoa opintojaksolta eri hakuyhdistelmill\u00e4. Jos hakuvaihtoehtoihin ei valitse mit\u00e4\u00e4n, on oletuksena kaikki kyseisen hakukriteerin valinnat valittuina (esimerkiksi jos opiskelijaa ei valitse osallistujalistalta, hakuun tulee mukaan kaikki opiskelijat). Esimerkkej\u00e4 hakuyhdistelmist\u00e4, joita lokitiedoissa voidaan suorittaa: Osallistuja + P\u00e4iv\u00e4 -&gt; Hae lokit = Opiskelijan tekem\u00e4t toiminnot, aktiviteetit ja tapahtumat valittuna p\u00e4iv\u00e4n\u00e4 P\u00e4iv\u00e4 + Tenttiaktiviteetti -&gt; Hae lokit = Tenttiaktiviteetin toiminnot ym. kaikkien opiskelijoiden osalta opintojaksolta valittuna p\u00e4iv\u00e4n\u00e4 P\u00e4iv\u00e4 + Tapahtuma (Luo) -&gt; Hae lokit = Kaikkien opiskelijoiden valittuna p\u00e4iv\u00e4n\u00e4 luodut palautukset ja kommentit opintojaksolta. Raportit-osiossa lokitietojen alta l\u00f6ytyy juuri&hellip;<\/p>\n<p> <a class=\"more-link\" href=\"https:\/\/esamksupport.samk.fi\/ohje\/moodle-opettaja-analytiikka-raportit\/\">Lue Lis\u00e4\u00e4<\/a><\/p>\n","protected":false},"author":2,"featured_media":0,"parent":0,"menu_order":0,"comment_status":"closed","ping_status":"open","template":"","meta":{"footnotes":""},"class_list":["post-247","page","type-page","status-publish"],"_links":{"self":[{"href":"https:\/\/esamksupport.samk.fi\/ohje\/wp-json\/wp\/v2\/pages\/247","targetHints":{"allow":["GET"]}}],"collection":[{"href":"https:\/\/esamksupport.samk.fi\/ohje\/wp-json\/wp\/v2\/pages"}],"about":[{"href":"https:\/\/esamksupport.samk.fi\/ohje\/wp-json\/wp\/v2\/types\/page"}],"author":[{"embeddable":true,"href":"https:\/\/esamksupport.samk.fi\/ohje\/wp-json\/wp\/v2\/users\/2"}],"replies":[{"embeddable":true,"href":"https:\/\/esamksupport.samk.fi\/ohje\/wp-json\/wp\/v2\/comments?post=247"}],"version-history":[{"count":4,"href":"https:\/\/esamksupport.samk.fi\/ohje\/wp-json\/wp\/v2\/pages\/247\/revisions"}],"predecessor-version":[{"id":3680,"href":"https:\/\/esamksupport.samk.fi\/ohje\/wp-json\/wp\/v2\/pages\/247\/revisions\/3680"}],"wp:attachment":[{"href":"https:\/\/esamksupport.samk.fi\/ohje\/wp-json\/wp\/v2\/media?parent=247"}],"curies":[{"name":"wp","href":"https:\/\/api.w.org\/{rel}","templated":true}]}}