{"id":248,"date":"2019-06-19T09:47:58","date_gmt":"2019-06-19T06:47:58","guid":{"rendered":"https:\/\/esamksupport.samk.fi\/ohje\/?page_id=248"},"modified":"2021-09-01T10:50:37","modified_gmt":"2021-09-01T07:50:37","slug":"moodle-opettaja-analytiikka-heatmap","status":"publish","type":"page","link":"https:\/\/esamksupport.samk.fi\/ohje\/moodle-opettaja-analytiikka-heatmap\/","title":{"rendered":"Moodle &gt; Opettaja &gt; Analytiikka &gt; Heatmap"},"content":{"rendered":"\n<p><strong>Heatmap<\/strong> -lohko havainnollistaa v\u00e4rikartan avulla aktiivisuutta opintojaksolla. Lohko ilmaisee aktiviteettikohtaisesti k\u00e4vij\u00e4m\u00e4\u00e4r\u00e4t sek\u00e4 erilliset k\u00e4vij\u00e4t. Mit\u00e4 l\u00e4mpim\u00e4mpi v\u00e4ri, sit\u00e4 enemm\u00e4n aktiivisuutta aktiviteetissa on ollut. T\u00e4m\u00e4n avulla voidaan esimerkiksi selvitt\u00e4\u00e4 aktiviteettien hy\u00f6dyllisyytt\u00e4 opiskelijoille ja yleisesti aktiivisuutta aktiviteeteissa. Jos aktiviteetissa on k\u00e4yty 600 kertaa 13 k\u00e4vij\u00e4n toimesta, on aktiviteetti ollut heille todenn\u00e4k\u00f6isesti hy\u00f6dyllinen tai tarpeellinen. Total views kertoo koko opintojaksolla tapahtuneet klikit, yksi klikki tulee aina kun siirryt\u00e4\u00e4n sivulta toiselle opintojaksolla (tullaan opintojaksolle, siirryt\u00e4\u00e4n jonkin aktiviteetin sivulle kuten keskustelualueelle tai teht\u00e4v\u00e4n palautukseen). Distinct user views kertoo kuinka monta eri k\u00e4ytt\u00e4j\u00e4\u00e4 on toteuttanut n\u00e4m\u00e4 klikit, t\u00e4ss\u00e4 testiopintojaksossa on siis k\u00e4ynyt 52 eri k\u00e4ytt\u00e4j\u00e4tili\u00e4 (opiskelijoita, opettajia ja hallinnoijia):<\/p>\n\n\n\n<figure class=\"wp-block-image size-large\"><img loading=\"lazy\" decoding=\"async\" width=\"244\" height=\"164\" src=\"https:\/\/esamksupport.samk.fi\/ohje\/wp-content\/uploads\/sites\/3\/2021\/09\/hema1-244x164.png\" alt=\"\" class=\"wp-image-2698\" \/><\/figure>\n\n\n\n<p>Kun lohkossa painetaan kohdasta <strong>Toggle heatmap<\/strong> saadaan esille v\u00e4rikartta aktiivisuuden jakaantumisesta opintojaksolla:<\/p>\n\n\n\n<figure class=\"wp-block-image size-large\"><img loading=\"lazy\" decoding=\"async\" width=\"287\" height=\"502\" src=\"https:\/\/esamksupport.samk.fi\/ohje\/wp-content\/uploads\/sites\/3\/2021\/09\/hema2-287x502.png\" alt=\"\" class=\"wp-image-2699\" \/><\/figure>\n\n\n\n<p>Silm\u00e4n kuvan oikealla puolella on kaikki katselukerrat, hahmon oikealla taas erilliset k\u00e4ytt\u00e4j\u00e4t. Aktiviteetissa &#8217;Orientaatio 2&#8217; on siis k\u00e4ynyt viisi eri k\u00e4ytt\u00e4j\u00e4\u00e4 yhteens\u00e4 46 kertaa. Aktiivisin aktiviteetti on &#8217;Orientaatio&#8217; 7 k\u00e4vij\u00e4ll\u00e4 ja 108 katselukerralla.<\/p>\n","protected":false},"excerpt":{"rendered":"<p>Heatmap -lohko havainnollistaa v\u00e4rikartan avulla aktiivisuutta opintojaksolla. Lohko ilmaisee aktiviteettikohtaisesti k\u00e4vij\u00e4m\u00e4\u00e4r\u00e4t sek\u00e4 erilliset k\u00e4vij\u00e4t. Mit\u00e4 l\u00e4mpim\u00e4mpi v\u00e4ri, sit\u00e4 enemm\u00e4n aktiivisuutta aktiviteetissa on ollut. T\u00e4m\u00e4n avulla voidaan esimerkiksi selvitt\u00e4\u00e4 aktiviteettien hy\u00f6dyllisyytt\u00e4 opiskelijoille ja yleisesti aktiivisuutta aktiviteeteissa. Jos aktiviteetissa on k\u00e4yty 600 kertaa 13 k\u00e4vij\u00e4n toimesta, on aktiviteetti ollut heille todenn\u00e4k\u00f6isesti hy\u00f6dyllinen tai tarpeellinen. Total views kertoo koko opintojaksolla tapahtuneet klikit, yksi klikki tulee aina kun siirryt\u00e4\u00e4n sivulta toiselle opintojaksolla (tullaan opintojaksolle, siirryt\u00e4\u00e4n jonkin aktiviteetin sivulle kuten keskustelualueelle tai teht\u00e4v\u00e4n palautukseen). Distinct user views kertoo kuinka monta eri k\u00e4ytt\u00e4j\u00e4\u00e4 on toteuttanut n\u00e4m\u00e4 klikit, t\u00e4ss\u00e4 testiopintojaksossa on siis k\u00e4ynyt 52 eri k\u00e4ytt\u00e4j\u00e4tili\u00e4 (opiskelijoita, opettajia ja hallinnoijia): Kun lohkossa painetaan kohdasta Toggle heatmap saadaan esille v\u00e4rikartta aktiivisuuden jakaantumisesta opintojaksolla: Silm\u00e4n kuvan oikealla puolella on kaikki katselukerrat, hahmon oikealla taas erilliset k\u00e4ytt\u00e4j\u00e4t. Aktiviteetissa &#8217;Orientaatio 2&#8217; on siis k\u00e4ynyt viisi eri k\u00e4ytt\u00e4j\u00e4\u00e4 yhteens\u00e4 46 kertaa. Aktiivisin aktiviteetti on &#8217;Orientaatio&#8217; 7 k\u00e4vij\u00e4ll\u00e4 ja 108 katselukerralla.<\/p>\n","protected":false},"author":2,"featured_media":0,"parent":0,"menu_order":0,"comment_status":"closed","ping_status":"open","template":"","meta":{"footnotes":""},"class_list":["post-248","page","type-page","status-publish"],"_links":{"self":[{"href":"https:\/\/esamksupport.samk.fi\/ohje\/wp-json\/wp\/v2\/pages\/248","targetHints":{"allow":["GET"]}}],"collection":[{"href":"https:\/\/esamksupport.samk.fi\/ohje\/wp-json\/wp\/v2\/pages"}],"about":[{"href":"https:\/\/esamksupport.samk.fi\/ohje\/wp-json\/wp\/v2\/types\/page"}],"author":[{"embeddable":true,"href":"https:\/\/esamksupport.samk.fi\/ohje\/wp-json\/wp\/v2\/users\/2"}],"replies":[{"embeddable":true,"href":"https:\/\/esamksupport.samk.fi\/ohje\/wp-json\/wp\/v2\/comments?post=248"}],"version-history":[{"count":2,"href":"https:\/\/esamksupport.samk.fi\/ohje\/wp-json\/wp\/v2\/pages\/248\/revisions"}],"predecessor-version":[{"id":2700,"href":"https:\/\/esamksupport.samk.fi\/ohje\/wp-json\/wp\/v2\/pages\/248\/revisions\/2700"}],"wp:attachment":[{"href":"https:\/\/esamksupport.samk.fi\/ohje\/wp-json\/wp\/v2\/media?parent=248"}],"curies":[{"name":"wp","href":"https:\/\/api.w.org\/{rel}","templated":true}]}}