{"id":2977,"date":"2021-10-25T09:16:12","date_gmt":"2021-10-25T06:16:12","guid":{"rendered":"https:\/\/esamksupport.samk.fi\/ohje\/?page_id=2977"},"modified":"2021-12-23T12:04:20","modified_gmt":"2021-12-23T10:04:20","slug":"moodle-opiskelija-h5p","status":"publish","type":"page","link":"https:\/\/esamksupport.samk.fi\/ohje\/moodle-opiskelija-h5p\/","title":{"rendered":"Moodle &gt; Opiskelija &gt; H5P"},"content":{"rendered":"\n<h4 class=\"wp-block-heading\">H5P-kirja<\/h4>\n\n\n\n<p>Muista lopuksi k\u00e4yd\u00e4 <span class=\"has-inline-color has-vivid-red-color\">Yhteenveto &amp; l\u00e4hetys<\/span> -sivulla painamassa <span class=\"has-inline-color has-vivid-red-color\">L\u00e4het\u00e4 tarkistettavaksi<\/span>.<\/p>\n\n\n\n<figure class=\"wp-block-image size-large\"><img loading=\"lazy\" decoding=\"async\" width=\"850\" height=\"590\" src=\"https:\/\/esamksupport.samk.fi\/ohje\/wp-content\/uploads\/sites\/3\/2021\/10\/h5pkirja-850x590.png\" alt=\"\" class=\"wp-image-2988\" srcset=\"https:\/\/esamksupport.samk.fi\/ohje\/wp-content\/uploads\/sites\/3\/2021\/10\/h5pkirja.png 850w, https:\/\/esamksupport.samk.fi\/ohje\/wp-content\/uploads\/sites\/3\/2021\/10\/h5pkirja-768x533.png 768w\" sizes=\"auto, (max-width: 850px) 100vw, 850px\" \/><\/figure>\n\n\n\n<h3 class=\"wp-block-heading\">Toimenpide, joka kuittaa aktiviteetin suoritetuksi<\/h3>\n\n\n\n<ul class=\"wp-block-list\"><li>Column \u2013 Kaikki suorittamista vaativat aktiviteetit on suoritetty.<\/li><li>Course Presentation \u2013 Aktiviteetit suoritettu ja klikkailtu &#8221;Summary&#8221; -n\u00e4kym\u00e4\u00e4n<\/li><li>Dictation \u2013 Check buttonia on painettu<\/li><li>Drag and Drop \u2013 Check buttonia on painettu<\/li><li>Drag the Words \u2013 Check buttonia on painettu<\/li><li>Essay \u2013 Check buttonia on painettu<\/li><li>Fill in the Blanks \u2013 Check buttonia on painettu<\/li><li>Flashcards \u2013 Check buttonia on painettu<\/li><li>Image Sequencing \u2013 Check buttonia on painettu<\/li><li>Interactive Book \u2013 Submit buttonia  \u201cSubmit &amp; Summary\u201d -ruudussa on painettu<\/li><li>Interactive Video \u2013 Arvosteltavan aktiviteetin kohdalla painettu &#8221;Submit&#8221;<\/li><li>Mark the Words \u2013 Check buttonia on painettu<\/li><li>Multiple Choice \u2013 Check buttonia on painettu<\/li><li>Quiz (Question Set) \u2013 Check buttonia on painettu kaikkien kysymysten kohdalla ja p\u00e4\u00e4sty &#8221;Summary&#8221; -ruudulle.<\/li><li>Single Choice Set \u2013 Check buttonia on painettu<\/li><li>Summary \u2013 Kaikkiin v\u00e4itt\u00e4miin on vastattu oikein<\/li><\/ul>\n","protected":false},"excerpt":{"rendered":"<p>H5P-kirja Muista lopuksi k\u00e4yd\u00e4 Yhteenveto &amp; l\u00e4hetys -sivulla painamassa L\u00e4het\u00e4 tarkistettavaksi. Toimenpide, joka kuittaa aktiviteetin suoritetuksi Column \u2013 Kaikki suorittamista vaativat aktiviteetit on suoritetty. Course Presentation \u2013 Aktiviteetit suoritettu ja klikkailtu &#8221;Summary&#8221; -n\u00e4kym\u00e4\u00e4n Dictation \u2013 Check buttonia on painettu Drag and Drop \u2013 Check buttonia on painettu Drag the Words \u2013 Check buttonia on painettu Essay \u2013 Check buttonia on painettu Fill in the Blanks \u2013 Check buttonia on painettu Flashcards \u2013 Check buttonia on painettu Image Sequencing \u2013 Check buttonia on painettu Interactive Book \u2013 Submit buttonia \u201cSubmit &amp; Summary\u201d -ruudussa on painettu Interactive Video \u2013 Arvosteltavan aktiviteetin kohdalla painettu &#8221;Submit&#8221; Mark the Words \u2013 Check buttonia on painettu Multiple Choice \u2013 Check buttonia on painettu Quiz (Question Set) \u2013 Check buttonia on painettu kaikkien kysymysten kohdalla ja p\u00e4\u00e4sty &#8221;Summary&#8221; -ruudulle. Single Choice Set \u2013 Check buttonia on painettu Summary \u2013 Kaikkiin v\u00e4itt\u00e4miin on vastattu oikein<\/p>\n","protected":false},"author":13,"featured_media":0,"parent":0,"menu_order":0,"comment_status":"closed","ping_status":"open","template":"","meta":{"footnotes":""},"class_list":["post-2977","page","type-page","status-publish"],"_links":{"self":[{"href":"https:\/\/esamksupport.samk.fi\/ohje\/wp-json\/wp\/v2\/pages\/2977","targetHints":{"allow":["GET"]}}],"collection":[{"href":"https:\/\/esamksupport.samk.fi\/ohje\/wp-json\/wp\/v2\/pages"}],"about":[{"href":"https:\/\/esamksupport.samk.fi\/ohje\/wp-json\/wp\/v2\/types\/page"}],"author":[{"embeddable":true,"href":"https:\/\/esamksupport.samk.fi\/ohje\/wp-json\/wp\/v2\/users\/13"}],"replies":[{"embeddable":true,"href":"https:\/\/esamksupport.samk.fi\/ohje\/wp-json\/wp\/v2\/comments?post=2977"}],"version-history":[{"count":7,"href":"https:\/\/esamksupport.samk.fi\/ohje\/wp-json\/wp\/v2\/pages\/2977\/revisions"}],"predecessor-version":[{"id":3054,"href":"https:\/\/esamksupport.samk.fi\/ohje\/wp-json\/wp\/v2\/pages\/2977\/revisions\/3054"}],"wp:attachment":[{"href":"https:\/\/esamksupport.samk.fi\/ohje\/wp-json\/wp\/v2\/media?parent=2977"}],"curies":[{"name":"wp","href":"https:\/\/api.w.org\/{rel}","templated":true}]}}