{"id":303,"date":"2019-06-19T10:06:16","date_gmt":"2019-06-19T07:06:16","guid":{"rendered":"https:\/\/esamksupport.samk.fi\/ohje\/?page_id=303"},"modified":"2024-11-15T13:45:01","modified_gmt":"2024-11-15T11:45:01","slug":"exam-opettaja","status":"publish","type":"page","link":"https:\/\/esamksupport.samk.fi\/ohje\/exam-opettaja\/","title":{"rendered":"EXAM &gt; Opettaja"},"content":{"rendered":"\n<p><\/p>\n\n\n\n<p>Tarkempia ohjeita l\u00f6yd\u00e4t avaamalla haluamasi valikon t\u00e4m\u00e4n sivun yl\u00e4reunassa.<\/p>\n\n\n\n<p>Tenttiakvaario on tila, jossa opiskelija tekee tentin tietokoneella sen j\u00e4lkeen kun opettaja on avannut tentin EXAM-j\u00e4rjestelm\u00e4\u00e4n. Tentti on suoritettavissa tenttiakvaariossa opettajan m\u00e4\u00e4rittelem\u00e4n jakson. Opettaja arvioi tentit t\u00e4m\u00e4n tentin aukiolojakson j\u00e4lkeen 15 ty\u00f6p\u00e4iv\u00e4n kuluessa.&nbsp; Akvaariotentit merkit\u00e4\u00e4n n\u00e4kyville opintojakson toteutusselosteeseen, joka k\u00e4yd\u00e4\u00e4n l\u00e4pi opiskelijoiden kanssa opintojakson alkaessa. Mik\u00e4li opiskelijasi eiv\u00e4t ole koskaan aiemmin ole osallistuneet akvaariotenttiin, tulee sinun kertoa opiskelijoille tenttiakvaariotenteist\u00e4 ja velvoittaa heid\u00e4t lukemaan tenttimist\u00e4 koskevat ohjeet.&nbsp; Voit my\u00f6s tilata EXAM-esittelyn opiskelijaryhm\u00e4lle esamk-tuesta <a href=\"mailto:esamk.support@samk.fi\">esamk.support@samk.fi<\/a>.<\/p>\n\n\n\n<p>Tenttiakvaarioj\u00e4rjestelm\u00e4\u00e4n p\u00e4\u00e4set kirjautumaan osoitteessa <a href=\"https:\/\/exam.samk.fi\/\" target=\"_blank\" rel=\"noreferrer noopener\">https:\/\/exam.samk.fi<\/a>.<\/p>\n\n\n\n<p><strong>Tenttiakvaarion aukioloajat:<\/strong><\/p>\n\n\n\n<p><strong>Rauma<\/strong>&nbsp;(2. krs, h. KA244) Ma &#8211; Pe klo 8.00 &#8211; 21.00 &amp; La 8.00 &#8211; 18.00<\/p>\n\n\n\n<p><strong>Pori<\/strong>&nbsp;(h. B110) Ma- Pe klo 8.00 &#8211; 21.00 &amp; La &#8211; Su 8.00 &#8211; 18.00<\/p>\n\n\n\n<p><strong>Pori2<\/strong> (h. B103) Ma &#8211; Pe 8.00 -21.00 &amp; La &#8211; Su 8.00 -18.00<\/p>\n\n\n\n<p><strong>Kankaanp\u00e4\u00e4<\/strong> (2. krs.) Ma &#8211; Pe 8.00 &#8211; 21.00 &amp; La 8.00 &#8211; 18.00<\/p>\n\n\n\n<p><strong>Huittinen <\/strong>(2. krs, h. 248) Ma &#8211; Pe 8.00 &#8211; 21.00 &amp; La 8.00 &#8211; 18.00<\/p>\n","protected":false},"excerpt":{"rendered":"<p>Tarkempia ohjeita l\u00f6yd\u00e4t avaamalla haluamasi valikon t\u00e4m\u00e4n sivun yl\u00e4reunassa. Tenttiakvaario on tila, jossa opiskelija tekee tentin tietokoneella sen j\u00e4lkeen kun opettaja on avannut tentin EXAM-j\u00e4rjestelm\u00e4\u00e4n. Tentti on suoritettavissa tenttiakvaariossa opettajan m\u00e4\u00e4rittelem\u00e4n jakson. Opettaja arvioi tentit t\u00e4m\u00e4n tentin aukiolojakson j\u00e4lkeen 15 ty\u00f6p\u00e4iv\u00e4n kuluessa.&nbsp; Akvaariotentit merkit\u00e4\u00e4n n\u00e4kyville opintojakson toteutusselosteeseen, joka k\u00e4yd\u00e4\u00e4n l\u00e4pi opiskelijoiden kanssa opintojakson alkaessa. Mik\u00e4li opiskelijasi eiv\u00e4t ole koskaan aiemmin ole osallistuneet akvaariotenttiin, tulee sinun kertoa opiskelijoille tenttiakvaariotenteist\u00e4 ja velvoittaa heid\u00e4t lukemaan tenttimist\u00e4 koskevat ohjeet.&nbsp; Voit my\u00f6s tilata EXAM-esittelyn opiskelijaryhm\u00e4lle esamk-tuesta esamk.support@samk.fi. Tenttiakvaarioj\u00e4rjestelm\u00e4\u00e4n p\u00e4\u00e4set kirjautumaan osoitteessa https:\/\/exam.samk.fi. Tenttiakvaarion aukioloajat: Rauma&nbsp;(2. krs, h. KA244) Ma &#8211; Pe klo 8.00 &#8211; 21.00 &amp; La 8.00 &#8211; 18.00 Pori&nbsp;(h. B110) Ma- Pe klo 8.00 &#8211; 21.00 &amp; La &#8211; Su 8.00 &#8211; 18.00 Pori2 (h. B103) Ma &#8211; Pe 8.00 -21.00 &amp; La &#8211; Su 8.00 -18.00 Kankaanp\u00e4\u00e4 (2. krs.) Ma &#8211; Pe 8.00 &#8211; 21.00 &amp; La 8.00 &#8211; 18.00 Huittinen (2.&hellip;<\/p>\n<p> <a class=\"more-link\" href=\"https:\/\/esamksupport.samk.fi\/ohje\/exam-opettaja\/\">Lue Lis\u00e4\u00e4<\/a><\/p>\n","protected":false},"author":2,"featured_media":0,"parent":0,"menu_order":0,"comment_status":"closed","ping_status":"open","template":"","meta":{"footnotes":""},"class_list":["post-303","page","type-page","status-publish"],"_links":{"self":[{"href":"https:\/\/esamksupport.samk.fi\/ohje\/wp-json\/wp\/v2\/pages\/303","targetHints":{"allow":["GET"]}}],"collection":[{"href":"https:\/\/esamksupport.samk.fi\/ohje\/wp-json\/wp\/v2\/pages"}],"about":[{"href":"https:\/\/esamksupport.samk.fi\/ohje\/wp-json\/wp\/v2\/types\/page"}],"author":[{"embeddable":true,"href":"https:\/\/esamksupport.samk.fi\/ohje\/wp-json\/wp\/v2\/users\/2"}],"replies":[{"embeddable":true,"href":"https:\/\/esamksupport.samk.fi\/ohje\/wp-json\/wp\/v2\/comments?post=303"}],"version-history":[{"count":13,"href":"https:\/\/esamksupport.samk.fi\/ohje\/wp-json\/wp\/v2\/pages\/303\/revisions"}],"predecessor-version":[{"id":4114,"href":"https:\/\/esamksupport.samk.fi\/ohje\/wp-json\/wp\/v2\/pages\/303\/revisions\/4114"}],"wp:attachment":[{"href":"https:\/\/esamksupport.samk.fi\/ohje\/wp-json\/wp\/v2\/media?parent=303"}],"curies":[{"name":"wp","href":"https:\/\/api.w.org\/{rel}","templated":true}]}}