{"id":304,"date":"2019-06-19T10:06:30","date_gmt":"2019-06-19T07:06:30","guid":{"rendered":"https:\/\/esamksupport.samk.fi\/ohje\/?page_id=304"},"modified":"2024-12-04T15:57:01","modified_gmt":"2024-12-04T13:57:01","slug":"exam-opiskelija","status":"publish","type":"page","link":"https:\/\/esamksupport.samk.fi\/ohje\/exam-opiskelija\/","title":{"rendered":"EXAM &gt; Opiskelija"},"content":{"rendered":"\n<p><\/p>\n\n\n\n<p>SAMKin Exam-ohjeet opiskelijoille l\u00f6yd\u00e4t jatkossa Exam-palvelun yhteydest\u00e4 sek\u00e4 SAMKin verkkosivuilta.<\/p>\n\n\n\n<ul class=\"wp-block-list\">\n<li><a href=\"https:\/\/www.samk.fi\/opiskelijalle\/opiskelussa-kaytettavat-jarjestelmat\/exam-ohjeet\/\" target=\"_blank\" rel=\"noreferrer noopener\">Samk.fi Exam-ohjeet<\/a><\/li>\n\n\n\n<li><a href=\"https:\/\/exam.samk.fi\" target=\"_blank\" rel=\"noreferrer noopener\">EXAM<\/a>\n<ul class=\"wp-block-list\">\n<li>Ohjeet l\u00f6yd\u00e4t oikeassa yl\u00e4nurkassa olevasta valikosta.<\/li>\n<\/ul>\n<\/li>\n<\/ul>\n\n\n\n<p><\/p>\n","protected":false},"excerpt":{"rendered":"<p>SAMKin Exam-ohjeet opiskelijoille l\u00f6yd\u00e4t jatkossa Exam-palvelun yhteydest\u00e4 sek\u00e4 SAMKin verkkosivuilta.<\/p>\n","protected":false},"author":2,"featured_media":0,"parent":0,"menu_order":0,"comment_status":"closed","ping_status":"open","template":"","meta":{"footnotes":""},"class_list":["post-304","page","type-page","status-publish"],"_links":{"self":[{"href":"https:\/\/esamksupport.samk.fi\/ohje\/wp-json\/wp\/v2\/pages\/304","targetHints":{"allow":["GET"]}}],"collection":[{"href":"https:\/\/esamksupport.samk.fi\/ohje\/wp-json\/wp\/v2\/pages"}],"about":[{"href":"https:\/\/esamksupport.samk.fi\/ohje\/wp-json\/wp\/v2\/types\/page"}],"author":[{"embeddable":true,"href":"https:\/\/esamksupport.samk.fi\/ohje\/wp-json\/wp\/v2\/users\/2"}],"replies":[{"embeddable":true,"href":"https:\/\/esamksupport.samk.fi\/ohje\/wp-json\/wp\/v2\/comments?post=304"}],"version-history":[{"count":20,"href":"https:\/\/esamksupport.samk.fi\/ohje\/wp-json\/wp\/v2\/pages\/304\/revisions"}],"predecessor-version":[{"id":4133,"href":"https:\/\/esamksupport.samk.fi\/ohje\/wp-json\/wp\/v2\/pages\/304\/revisions\/4133"}],"wp:attachment":[{"href":"https:\/\/esamksupport.samk.fi\/ohje\/wp-json\/wp\/v2\/media?parent=304"}],"curies":[{"name":"wp","href":"https:\/\/api.w.org\/{rel}","templated":true}]}}